{"id":10112,"date":"2025-07-30T10:43:20","date_gmt":"2025-07-30T09:43:20","guid":{"rendered":"https:\/\/materioteca.dacd.supsi.ch\/product\/alluminio\/"},"modified":"2025-09-29T14:13:34","modified_gmt":"2025-09-29T13:13:34","slug":"alluminio","status":"publish","type":"product","link":"https:\/\/materioteca.dacd.supsi.ch\/it\/prodotto\/alluminio\/","title":{"rendered":"Alluminio"},"content":{"rendered":"<div class=\"csl-bib-body\">\n<div class=\"csl-entry\">\n<p>L\u2019alluminio \u00e8 un materiale dalle caratteristiche straordinarie: leggero, resistente e incredibilmente versatile. Non a caso, dopo l\u2019acciaio, \u00e8 il metallo pi\u00f9 utilizzato al mondo. La sua diffusione \u00e8 dovuta alle molteplici propriet\u00e0 che lo rendono adatto a una vasta gamma di applicazioni, in settori molto diversi tra loro.  <\/p>\n<p>Oggi, infatti, l\u2019alluminio trova impiego in numerosi ambiti industriali: dai trasporti all\u2019edilizia, dal packaging all\u2019ingegneria meccanica, fino al settore elettrotecnico. Lo incontriamo nella vita quotidiana sotto forma di fogli sottili, carrozzerie per automobili, utensili da cucina, bottiglie, ma anche come semilavorato per la produzione di lamiere, tubi e profili. Nel settore automobilistico, ad esempio, il suo utilizzo consente di realizzare veicoli pi\u00f9 leggeri, contribuendo cos\u00ec a ridurre il consumo di carburante.  <\/p>\n<p>Una delle qualit\u00e0 pi\u00f9 apprezzate dell\u2019alluminio \u00e8 la sua eccellente riciclabilit\u00e0. Con un\u2019adeguata separazione dei materiali, esso pu\u00f2 essere recuperato e riutilizzato al 100%, senza perdere le proprie caratteristiche originarie. Non sorprende, quindi, che circa un terzo di tutto l\u2019alluminio prodotto nella storia sia ancora oggi in circolazione. Questo aspetto ne fa un materiale di grande valore sia dal punto di vista economico sia ambientale.   <\/p>\n<p>Dal punto di vista chimico e fisico, l\u2019alluminio possiede una serie di propriet\u00e0 peculiari: ha una densit\u00e0 molto bassa, \u00e8 un ottimo conduttore di calore ed elettricit\u00e0, non \u00e8 magnetico e non risulta tossico. Inoltre, allo stato puro presenta un\u2019elevata capacit\u00e0 riflettente. A contatto con l\u2019aria si forma spontaneamente uno strato di ossido che lo protegge, conferendogli una buona resistenza alla corrosione in condizioni atmosferiche normali. Tuttavia, ambienti con alta concentrazione di cloruri, come le zone costiere, possono ridurne questa resistenza. La composizione della lega utilizzata permette comunque di modulare la sua risposta agli agenti esterni.    <\/p>\n<p>Anche le possibilit\u00e0 di lavorazione dell\u2019alluminio sono numerose. Pu\u00f2 essere rivestito attraverso diverse tecniche, come galvanizzazione, smaltatura, verniciatura, laminazione, applicazione di polveri o spruzzatura termica. Tra i trattamenti pi\u00f9 diffusi vi \u00e8 l\u2019anodizzazione, un processo che ne migliora ulteriormente la resistenza e l\u2019aspetto estetico.  <\/p>\n<p>In sintesi, l\u2019alluminio \u00e8 un materiale moderno e indispensabile, apprezzato per la combinazione di leggerezza, durevolezza e sostenibilit\u00e0, caratteristiche che lo rendono protagonista in molti settori dell\u2019industria e della vita di tutti i giorni.<\/p>\n<p><strong>La fonte principale della descrizione<\/strong><\/p>\n<p><a href=\"https:\/\/materialarchiv.ch\/de\/ma:material_1451?type=all\" target=\"_blank\" rel=\"noopener\">Material-Archiv. (2024). <em>Alluminium<\/em>.<\/a><\/p>\n<p><strong>La fonte dei valori caratteristici<\/strong><\/p>\n<p><a href=\"https:\/\/slsp-supsi.primo.exlibrisgroup.com\/discovery\/fulldisplay?docid=alma991170229303405501&amp;context=L&amp;vid=41SLSP_SUP:VU1&amp;lang=it&amp;search_scope=DN_and_CI&amp;adaptor=Local%20Search%20Engine&amp;isFrbr=true&amp;tab=41SLSP_SUPSI_DN_and_CI&amp;query=any,contains,Werkstoffkunde%20bargel&amp;sortby=date_d&amp;facet=frbrgroupid,include,9083045803718582962&amp;offset=0\" target=\"_blank\" rel=\"noopener\">Bargel, H.-J\u00fcrgen., &amp; Schulze, G\u00fcnter. (Hrsg.). (2012). <em>Werkstoffkunde<\/em> (11a ed. 2012.). Springer Berlino Heidelberg. <\/a><\/p>\n<p><a href=\"https:\/\/slsp-supsi.primo.exlibrisgroup.com\/discovery\/fulldisplay?docid=alma991070062369705501&amp;context=L&amp;vid=41SLSP_SUP:VU1&amp;lang=it&amp;search_scope=DN_and_CI&amp;adaptor=Local%20Search%20Engine&amp;isFrbr=true&amp;tab=41SLSP_SUPSI_DN_and_CI&amp;query=any,contains,Taschenbuch%20der%20Werkstoffe&amp;sortby=date_d&amp;facet=frbrgroupid,include,9041603029395795948&amp;offset=0\" target=\"_blank\" rel=\"noopener\">Merkel, M., &amp; Thomas, K.-H. (2008). <em>Taschenbuch der Werkstoffe<\/em> (7., verb. Aufl.). Hanser. <\/a><\/p>\n<\/div>\n<\/div>\n","protected":false},"excerpt":{"rendered":"<p>L\u2019alluminio \u00e8 un materiale dalle caratteristiche straordinarie: leggero, resistente e incredibilmente versatile. Non a caso, dopo l\u2019acciaio, \u00e8 il metallo pi\u00f9 utilizzato al mondo. La sua diffusione \u00e8 dovuta alle molteplici propriet\u00e0 che lo rendono adatto a una vasta gamma di applicazioni, in settori molto diversi tra loro. Oggi, infatti, l\u2019alluminio trova impiego in numerosi<a class=\"more-link\" href=\"https:\/\/materioteca.dacd.supsi.ch\/it\/prodotto\/alluminio\/\">Leggi tutto &#10230;<\/a><\/p>\n","protected":false},"featured_media":9754,"template":"","meta":{"_editorskit_title_hidden":false,"_editorskit_reading_time":0,"_editorskit_is_block_options_detached":false,"_editorskit_block_options_position":"{}","_crdt_document":"","inline_featured_image":false},"product_brand":[],"product_cat":[12273],"product_tag":[],"class_list":{"0":"post-10112","1":"product","2":"type-product","3":"status-publish","4":"has-post-thumbnail","6":"product_cat-metallo-non-ferroso","7":"yith_product_brand-poretti-gaggini-sa-it","9":"first","10":"instock","11":"shipping-taxable","12":"product-type-simple"},"_links":{"self":[{"href":"https:\/\/materioteca.dacd.supsi.ch\/it\/wp-json\/wp\/v2\/product\/10112","targetHints":{"allow":["GET"]}}],"collection":[{"href":"https:\/\/materioteca.dacd.supsi.ch\/it\/wp-json\/wp\/v2\/product"}],"about":[{"href":"https:\/\/materioteca.dacd.supsi.ch\/it\/wp-json\/wp\/v2\/types\/product"}],"wp:featuredmedia":[{"embeddable":true,"href":"https:\/\/materioteca.dacd.supsi.ch\/it\/wp-json\/wp\/v2\/media\/9754"}],"wp:attachment":[{"href":"https:\/\/materioteca.dacd.supsi.ch\/it\/wp-json\/wp\/v2\/media?parent=10112"}],"wp:term":[{"taxonomy":"product_brand","embeddable":true,"href":"https:\/\/materioteca.dacd.supsi.ch\/it\/wp-json\/wp\/v2\/product_brand?post=10112"},{"taxonomy":"product_cat","embeddable":true,"href":"https:\/\/materioteca.dacd.supsi.ch\/it\/wp-json\/wp\/v2\/product_cat?post=10112"},{"taxonomy":"product_tag","embeddable":true,"href":"https:\/\/materioteca.dacd.supsi.ch\/it\/wp-json\/wp\/v2\/product_tag?post=10112"}],"curies":[{"name":"wp","href":"https:\/\/api.w.org\/{rel}","templated":true}]}}