{"id":10115,"date":"2025-07-29T08:50:52","date_gmt":"2025-07-29T07:50:52","guid":{"rendered":"https:\/\/materioteca.dacd.supsi.ch\/product\/rame-pre-patinato\/"},"modified":"2025-09-29T14:17:19","modified_gmt":"2025-09-29T13:17:19","slug":"rame-pre-patinato","status":"publish","type":"product","link":"https:\/\/materioteca.dacd.supsi.ch\/it\/prodotto\/rame-pre-patinato\/","title":{"rendered":"Rame pre-patinato"},"content":{"rendered":"<div class=\"csl-bib-body\">\n<div class=\"csl-entry\">\n<p>Il rame \u00e8 un metallo non ferroso dal caratteristico colore rossastro, apprezzato per la sua notevole duttilit\u00e0 e facilit\u00e0 di lavorazione. Si distingue dagli altri metalli perch\u00e9, oltre all\u2019oro, \u00e8 l\u2019unico a presentare una tonalit\u00e0 naturale diversa dal grigio o dall\u2019argento. La sua struttura lo rende tenace ma anche facilmente deformabile: pu\u00f2 essere laminato, forgiato, stampato e modellato senza difficolt\u00e0.<br \/>\nCon il passare del tempo, quando il rame \u00e8 esposto all\u2019aria, sulla sua superficie si forma un sottile strato protettivo chiamato patina, inizialmente di colore marrone e, con il protrarsi dell\u2019esposizione agli agenti atmosferici, tendente a sfumature blu-verdi. A contatto con acido acetico, invece, si sviluppa il cosiddetto verderame. Questo metallo, inoltre, si combina facilmente con altri elementi per formare leghe molto utilizzate, tra cui il bronzo e l\u2019ottone.<br \/>\nFin dall\u2019antichit\u00e0, il rame ha trovato numerose applicazioni nella vita quotidiana: era impiegato per realizzare utensili, pentole, caldaie e persino monete. Oggi il suo utilizzo \u00e8 ancora pi\u00f9 vasto. \u00c8 fondamentale nell\u2019elettrotecnica come eccellente conduttore, ma anche nella tecnologia del calore e del freddo, per la produzione di tubazioni, scambiatori, caldaie a vapore, coperture per tetti e rivestimenti architettonici.<br \/>\nUn aspetto rilevante \u00e8 che il rame riciclato possiede la stessa qualit\u00e0 di quello estratto dalle materie prime: in Europa, quasi la met\u00e0 del rame in uso proviene proprio da processi di recupero, rendendolo un materiale sostenibile e di grande valore.<br \/>\nLa pre-patinatura consiste nel patinare su un lato con uno speciale processo industriale che favorisce lo sviluppo di uno strato di ossido sulla superficie del rame. Si tratta di un processo simile alla patinatura naturale del rame che per\u00f2 si formerebbe in tempi lunghi con il rame esposto agli agenti atmosferici.<br \/>\nTra i principali campi di applicazione si possono citare: cavi elettrici, saldatori, serpentine per impianti di riscaldamento e raffreddamento, rivestimenti per facciate, coperture di tetti e tubazioni per l\u2019acqua calda e fredda.       <\/p>\n<p><strong>La fonte principale della descrizione<\/strong><\/p>\n<p><a href=\"https:\/\/materialarchiv.ch\/de\/ma:material_754?type=all\" target=\"_blank\" rel=\"noopener\">Material-Archiv. (2024). <em>Kupfer<\/em>.<\/a><\/p>\n<p><strong>La fonte dei valori caratteristici<\/strong><\/p>\n<p><a href=\"https:\/\/slsp-supsi.primo.exlibrisgroup.com\/discovery\/fulldisplay?docid=alma991070062369705501&amp;context=L&amp;vid=41SLSP_SUP:VU1&amp;lang=it&amp;search_scope=DN_and_CI&amp;adaptor=Local%20Search%20Engine&amp;isFrbr=true&amp;tab=41SLSP_SUPSI_DN_and_CI&amp;query=any,contains,Taschenbuch%20der%20Werkstoffe&amp;sortby=date_d&amp;facet=frbrgroupid,include,9041603029395795948&amp;offset=0\" target=\"_blank\" rel=\"noopener\">Merkel, M., &amp; Thomas, K.-H. (2008). <em>Taschenbuch der Werkstoffe<\/em> (7., verb. Aufl.). Hanser. <\/a><\/p>\n<\/div>\n<\/div>\n","protected":false},"excerpt":{"rendered":"<p>Il rame \u00e8 un metallo non ferroso dal caratteristico colore rossastro, apprezzato per la sua notevole duttilit\u00e0 e facilit\u00e0 di lavorazione. Si distingue dagli altri metalli perch\u00e9, oltre all\u2019oro, \u00e8 l\u2019unico a presentare una tonalit\u00e0 naturale diversa dal grigio o dall\u2019argento. La sua struttura lo rende tenace ma anche facilmente deformabile: pu\u00f2 essere laminato, forgiato,<a class=\"more-link\" href=\"https:\/\/materioteca.dacd.supsi.ch\/it\/prodotto\/rame-pre-patinato\/\">Leggi tutto &#10230;<\/a><\/p>\n","protected":false},"featured_media":9580,"template":"","meta":{"_editorskit_title_hidden":false,"_editorskit_reading_time":0,"_editorskit_is_block_options_detached":false,"_editorskit_block_options_position":"{}","_crdt_document":"","inline_featured_image":false},"product_brand":[],"product_cat":[12273],"product_tag":[],"class_list":{"0":"post-10115","1":"product","2":"type-product","3":"status-publish","4":"has-post-thumbnail","6":"product_cat-metallo-non-ferroso","7":"yith_product_brand-kme-italia","9":"first","10":"instock","11":"shipping-taxable","12":"product-type-simple"},"_links":{"self":[{"href":"https:\/\/materioteca.dacd.supsi.ch\/it\/wp-json\/wp\/v2\/product\/10115","targetHints":{"allow":["GET"]}}],"collection":[{"href":"https:\/\/materioteca.dacd.supsi.ch\/it\/wp-json\/wp\/v2\/product"}],"about":[{"href":"https:\/\/materioteca.dacd.supsi.ch\/it\/wp-json\/wp\/v2\/types\/product"}],"wp:featuredmedia":[{"embeddable":true,"href":"https:\/\/materioteca.dacd.supsi.ch\/it\/wp-json\/wp\/v2\/media\/9580"}],"wp:attachment":[{"href":"https:\/\/materioteca.dacd.supsi.ch\/it\/wp-json\/wp\/v2\/media?parent=10115"}],"wp:term":[{"taxonomy":"product_brand","embeddable":true,"href":"https:\/\/materioteca.dacd.supsi.ch\/it\/wp-json\/wp\/v2\/product_brand?post=10115"},{"taxonomy":"product_cat","embeddable":true,"href":"https:\/\/materioteca.dacd.supsi.ch\/it\/wp-json\/wp\/v2\/product_cat?post=10115"},{"taxonomy":"product_tag","embeddable":true,"href":"https:\/\/materioteca.dacd.supsi.ch\/it\/wp-json\/wp\/v2\/product_tag?post=10115"}],"curies":[{"name":"wp","href":"https:\/\/api.w.org\/{rel}","templated":true}]}}