{"id":10121,"date":"2025-07-24T09:59:51","date_gmt":"2025-07-24T08:59:51","guid":{"rendered":"https:\/\/materioteca.dacd.supsi.ch\/product\/acciaio-s355\/"},"modified":"2025-09-29T14:27:13","modified_gmt":"2025-09-29T13:27:13","slug":"acciaio-s355","status":"publish","type":"product","link":"https:\/\/materioteca.dacd.supsi.ch\/it\/prodotto\/acciaio-s355\/","title":{"rendered":"Acciaio S355"},"content":{"rendered":"<div class=\"csl-bib-body\">\n<div class=\"csl-entry\">\n<p>L\u2019acciaio S355 appartiene alla categoria degli acciai strutturali, comunemente noti anche come acciai da costruzione. Si tratta di una lega a basso contenuto di carbonio, arricchita da una buona quantit\u00e0 di manganese, elemento che contribuisce in modo significativo a migliorarne le caratteristiche meccaniche. <\/p>\n<p>Grazie alla sua composizione, questo acciaio presenta una resistenza minima alla trazione e allo snervamento adeguata per molte applicazioni strutturali, pur mantenendo un\u2019elevata duttilit\u00e0 e una buona tenacit\u00e0. In altre parole, l\u2019S355 \u00e8 in grado di sopportare sollecitazioni meccaniche senza rompersi facilmente, adattandosi bene a deformazioni anche significative. Tra le varianti disponibili, l\u2019S355J2 pu\u00f2 essere fornito anche nello stato di laminazione naturale, ovvero senza trattamenti termici aggiuntivi.  <\/p>\n<p>Nel tempo sono state sviluppate diverse versioni di questo acciaio, ciascuna pensata per rispondere a specifiche esigenze tecniche nel campo industriale e delle costruzioni. In particolare, queste varianti offrono prestazioni migliorate in termini di resistenza meccanica, permettendo l\u2019utilizzo del materiale in contesti in cui le sollecitazioni sono particolarmente elevate. <\/p>\n<p><strong>Principali applicazioni dell\u2019S355:<\/strong><\/p>\n<ul>\n<li>Strutture portanti: \u00e8 ampiamente impiegato per la realizzazione di elementi fondamentali degli edifici, come travi, colonne e pilastri, che costituiscono l\u2019impalcatura portante delle costruzioni.<\/li>\n<li>Ponti: grazie alla sua resistenza unita a una buona capacit\u00e0 di deformazione, \u00e8 ideale per la costruzione di ponti, dove sono essenziali sicurezza e affidabilit\u00e0 nel tempo.<\/li>\n<li>Telai: viene spesso utilizzato per produrre telai robusti destinati a macchinari, veicoli e altre strutture che devono garantire stabilit\u00e0 e resistenza.<\/li>\n<li>Carpenteria metallica: si presta molto bene a diversi tipi di lavorazioni nel settore della carpenteria, come la produzione di strutture saldate, profili sagomati a freddo o lamiere grecate per coperture e rivestimenti.<\/li>\n<\/ul>\n<p><strong>La fonte principale della descrizione<\/strong><\/p>\n<p><a href=\"https:\/\/www.sidertagliomodena.it\/knowledge\/acciai-strutturali-le-diverse-di-tipologie-dell-acciaio-s355\/\" target=\"_blank\" rel=\"noopener\">Sidero Taglio Modena. (S.D.). <em>Acciai strutturali \u2013 Le diverse tipologie dell&#8217;acciaio S355<\/em>. <\/a><\/p>\n<\/div>\n<\/div>\n","protected":false},"excerpt":{"rendered":"<p>L\u2019acciaio S355 appartiene alla categoria degli acciai strutturali, comunemente noti anche come acciai da costruzione. Si tratta di una lega a basso contenuto di carbonio, arricchita da una buona quantit\u00e0 di manganese, elemento che contribuisce in modo significativo a migliorarne le caratteristiche meccaniche. Grazie alla sua composizione, questo acciaio presenta una resistenza minima alla trazione<a class=\"more-link\" href=\"https:\/\/materioteca.dacd.supsi.ch\/it\/prodotto\/acciaio-s355\/\">Leggi tutto &#10230;<\/a><\/p>\n","protected":false},"featured_media":9187,"template":"","meta":{"_editorskit_title_hidden":false,"_editorskit_reading_time":0,"_editorskit_is_block_options_detached":false,"_editorskit_block_options_position":"{}","_crdt_document":"","inline_featured_image":false},"product_brand":[],"product_cat":[11700],"product_tag":[],"class_list":{"0":"post-10121","1":"product","2":"type-product","3":"status-publish","4":"has-post-thumbnail","6":"product_cat-metallo-ferroso","7":"yith_product_brand-poretti-gaggini-sa-it","9":"first","10":"instock","11":"shipping-taxable","12":"product-type-simple"},"_links":{"self":[{"href":"https:\/\/materioteca.dacd.supsi.ch\/it\/wp-json\/wp\/v2\/product\/10121","targetHints":{"allow":["GET"]}}],"collection":[{"href":"https:\/\/materioteca.dacd.supsi.ch\/it\/wp-json\/wp\/v2\/product"}],"about":[{"href":"https:\/\/materioteca.dacd.supsi.ch\/it\/wp-json\/wp\/v2\/types\/product"}],"wp:featuredmedia":[{"embeddable":true,"href":"https:\/\/materioteca.dacd.supsi.ch\/it\/wp-json\/wp\/v2\/media\/9187"}],"wp:attachment":[{"href":"https:\/\/materioteca.dacd.supsi.ch\/it\/wp-json\/wp\/v2\/media?parent=10121"}],"wp:term":[{"taxonomy":"product_brand","embeddable":true,"href":"https:\/\/materioteca.dacd.supsi.ch\/it\/wp-json\/wp\/v2\/product_brand?post=10121"},{"taxonomy":"product_cat","embeddable":true,"href":"https:\/\/materioteca.dacd.supsi.ch\/it\/wp-json\/wp\/v2\/product_cat?post=10121"},{"taxonomy":"product_tag","embeddable":true,"href":"https:\/\/materioteca.dacd.supsi.ch\/it\/wp-json\/wp\/v2\/product_tag?post=10121"}],"curies":[{"name":"wp","href":"https:\/\/api.w.org\/{rel}","templated":true}]}}