{"id":10124,"date":"2025-07-25T09:55:17","date_gmt":"2025-07-25T08:55:17","guid":{"rendered":"https:\/\/materioteca.dacd.supsi.ch\/product\/acciaio-verniciato\/"},"modified":"2025-09-29T14:20:58","modified_gmt":"2025-09-29T13:20:58","slug":"acciaio-verniciato","status":"publish","type":"product","link":"https:\/\/materioteca.dacd.supsi.ch\/it\/prodotto\/acciaio-verniciato\/","title":{"rendered":"Acciaio verniciato"},"content":{"rendered":"<div class=\"csl-bib-body\">\n<div class=\"csl-entry\">\n<p>Gli acciai da costruzione non legati sono materiali a base di ferro con un basso contenuto di carbonio. Grazie al loro costo contenuto e alle buone propriet\u00e0 meccaniche, trovano largo impiego soprattutto nei settori siderurgico e meccanico. Questi tipi di acciaio rappresentano oltre il 90% della produzione complessiva del settore, a dimostrazione della loro importanza industriale.  <\/p>\n<p>Vengono comunemente commercializzati sotto forma di barre o profilati, ottenuti tramite laminazione a caldo o trafilatura a freddo. Dal punto di vista delle propriet\u00e0, si distinguono per essere materiali duttili, facilmente lavorabili, con una buona flessibilit\u00e0 e resistenza. Tuttavia, non possono essere sottoposti a tempra. \u00c8 interessante notare che al crescere del tenore di carbonio, aumentano anche durezza e resistenza del materiale.   <\/p>\n<p>Grazie alla loro economicit\u00e0 e alle caratteristiche pi\u00f9 che adeguate per numerose applicazioni, gli acciai non legati vengono spesso impiegati nella realizzazione di componenti per macchinari e strutture metalliche, purch\u00e9 non siano richiesti particolari trattamenti termici. Si tratta di materiali semplici, ma comunque affidabili per molti utilizzi comuni. <\/p>\n<p>Per ottenere l&#8217;acciaio, si parte dalla ghisa, una lega che contiene fino al 4% di carbonio insieme ad altri elementi indesiderati o presenti in eccesso, come silicio, manganese, zolfo e fosforo. La trasformazione della ghisa in acciaio avviene attraverso un processo chiamato \u201caffinamento\u201d, durante il quale il contenuto di carbonio viene ridotto e le impurit\u00e0 quasi completamente eliminate. A questo processo segue un ulteriore trattamento volto a migliorare la qualit\u00e0 finale del materiale.  <\/p>\n<p>La verniciatura a liquido \u00e8 da tempo uno dei sistemi anticorrosivi pi\u00f9 diffusi, apprezzata per la sua apparente semplicit\u00e0 di applicazione e per l\u2019elevata flessibilit\u00e0 nella scelta dei prodotti disponibili sul mercato.<\/p>\n<p>La protezione contro la corrosione ottenuta con questo metodo si basa principalmente sull\u2019azione barriera del film che si forma sulla superficie del metallo. In alcune situazioni, questo strato protettivo pu\u00f2 essere potenziato con l\u2019aggiunta di un primer a base di zinco, in grado di generare anche un effetto catodico. <\/p>\n<p>Al crescere della severit\u00e0 ambientale, aumentano anche gli spessori dei rivestimenti applicati, ma questo comporta una maggiore sensibilit\u00e0 del film a danneggiamenti durante le fasi di movimentazione e installazione. \u00c8 quindi essenziale effettuare controlli accurati una volta terminata la posa. <\/p>\n<p>Infine, la verniciatura a liquido richiede un programma di manutenzione e pulizia periodica, da stabilire in funzione delle condizioni ambientali. Questo piano deve essere elaborato in collaborazione con il produttore della vernice e l\u2019azienda incaricata dell\u2019applicazione. <\/p>\n<p><strong>La fonte principale della descrizione<\/strong><\/p>\n<p><a href=\"https:\/\/materialarchiv.ch\/de\/ma:material_655?type=all\" target=\"_blank\" rel=\"noopener\">Material-Archiv. (2024). <em>Baustahl, unlegiert<\/em>.<\/a><\/p>\n<\/div>\n<\/div>\n","protected":false},"excerpt":{"rendered":"<p>Gli acciai da costruzione non legati sono materiali a base di ferro con un basso contenuto di carbonio. Grazie al loro costo contenuto e alle buone propriet\u00e0 meccaniche, trovano largo impiego soprattutto nei settori siderurgico e meccanico. Questi tipi di acciaio rappresentano oltre il 90% della produzione complessiva del settore, a dimostrazione della loro importanza<a class=\"more-link\" href=\"https:\/\/materioteca.dacd.supsi.ch\/it\/prodotto\/acciaio-verniciato\/\">Leggi tutto &#10230;<\/a><\/p>\n","protected":false},"featured_media":9481,"template":"","meta":{"_editorskit_title_hidden":false,"_editorskit_reading_time":0,"_editorskit_is_block_options_detached":false,"_editorskit_block_options_position":"{}","_crdt_document":"","inline_featured_image":false},"product_brand":[],"product_cat":[11700],"product_tag":[],"class_list":{"0":"post-10124","1":"product","2":"type-product","3":"status-publish","4":"has-post-thumbnail","6":"product_cat-metallo-ferroso","7":"yith_product_brand-poretti-gaggini-sa-it","9":"first","10":"instock","11":"shipping-taxable","12":"product-type-simple"},"_links":{"self":[{"href":"https:\/\/materioteca.dacd.supsi.ch\/it\/wp-json\/wp\/v2\/product\/10124","targetHints":{"allow":["GET"]}}],"collection":[{"href":"https:\/\/materioteca.dacd.supsi.ch\/it\/wp-json\/wp\/v2\/product"}],"about":[{"href":"https:\/\/materioteca.dacd.supsi.ch\/it\/wp-json\/wp\/v2\/types\/product"}],"wp:featuredmedia":[{"embeddable":true,"href":"https:\/\/materioteca.dacd.supsi.ch\/it\/wp-json\/wp\/v2\/media\/9481"}],"wp:attachment":[{"href":"https:\/\/materioteca.dacd.supsi.ch\/it\/wp-json\/wp\/v2\/media?parent=10124"}],"wp:term":[{"taxonomy":"product_brand","embeddable":true,"href":"https:\/\/materioteca.dacd.supsi.ch\/it\/wp-json\/wp\/v2\/product_brand?post=10124"},{"taxonomy":"product_cat","embeddable":true,"href":"https:\/\/materioteca.dacd.supsi.ch\/it\/wp-json\/wp\/v2\/product_cat?post=10124"},{"taxonomy":"product_tag","embeddable":true,"href":"https:\/\/materioteca.dacd.supsi.ch\/it\/wp-json\/wp\/v2\/product_tag?post=10124"}],"curies":[{"name":"wp","href":"https:\/\/api.w.org\/{rel}","templated":true}]}}