{"id":10136,"date":"2025-07-24T10:37:01","date_gmt":"2025-07-24T09:37:01","guid":{"rendered":"https:\/\/materioteca.dacd.supsi.ch\/product\/acciaio-inossidabile\/"},"modified":"2025-09-29T14:24:44","modified_gmt":"2025-09-29T13:24:44","slug":"acciaio-inox","status":"publish","type":"product","link":"https:\/\/materioteca.dacd.supsi.ch\/it\/prodotto\/acciaio-inox\/","title":{"rendered":"Acciaio inox"},"content":{"rendered":"<div class=\"csl-bib-body\">\n<div class=\"csl-entry\">\n<p>L\u2019impiego degli acciai inossidabili nasce dall\u2019esigenza di produrre elementi che offrano non solo affidabilit\u00e0 e funzionalit\u00e0, ma anche una lunga durata nel tempo. Questa caratteristica conferisce ai prodotti un alto valore intrinseco e riduce sensibilmente i costi di manutenzione. <\/p>\n<p>Una delle principali trasformazioni metallurgiche riguarda l&#8217;aggiunta di nichel in percentuali superiori al 7%, che converte la struttura ferritica dell&#8217;acciaio in una struttura austenitica. Questo cambiamento comporta, tra le altre cose, una marcata differenza magnetica: gli acciai inossidabili risultano generalmente amagnetici, o debolmente magnetici, contrariamente a molte altre leghe a base di ferro. <\/p>\n<p>Spesso associati a qualit\u00e0 come nobilt\u00e0, pulizia e resistenza, gli acciai inossidabili sono particolarmente apprezzati per la loro capacit\u00e0 di opporsi alla corrosione. Tuttavia, questa propriet\u00e0 non \u00e8 uniforme per tutte le tipologie. Alcuni tipi, ad esempio, sono vulnerabili ai cloruri e non sono adatti per applicazioni in ambienti sanitari o in presenza di acqua salina, come le piscine.  <\/p>\n<p>Dal punto di vista meccanico, questi materiali offrono eccellenti prestazioni: alta resistenza, durezza e tenacit\u00e0. Inoltre, attraverso specifici trattamenti superficiali, \u00e8 possibile ottenere finiture di grande qualit\u00e0 estetica, con effetti lucidi, riflettenti o decorativi. In particolare, gli acciai inossidabili austenitici si prestano anche all\u2019impiego in condizioni di temperatura estremamente basse.  <\/p>\n<p>L\u2019acciaio inossidabile trova applicazione in una vasta gamma di settori: dall\u2019ambito domestico all\u2019automotive, dall\u2019architettura all\u2019edilizia, passando per l\u2019industria chimica, la tecnologia medica, l\u2019ambiente, la marina e i trasporti.<\/p>\n<p>Una volta giunti a fine vita, i prodotti in acciaio inossidabile vengono selezionati, riciclati e rifusi, dando origine a nuovo materiale riutilizzabile, in un ciclo virtuoso che contribuisce alla sostenibilit\u00e0.<\/p>\n<p>Infine, va sottolineato che gli acciai inossidabili resistono efficacemente a numerosi agenti aggressivi: acidi organici e inorganici, soluzioni saline e sostanze alcaline, oltre agli effetti degli agenti atmosferici.<\/p>\n<p><strong>Fonte principale della descrizione<\/strong><\/p>\n<p><a href=\"https:\/\/materialarchiv.ch\/de\/ma:material_1206?type=all\" target=\"_blank\" rel=\"noopener\">Material-Archiv. (2023). Stahl, nichtrostend, austenitisch.<\/a><\/p>\n<\/div>\n<\/div>\n","protected":false},"excerpt":{"rendered":"<p>L\u2019impiego degli acciai inossidabili nasce dall\u2019esigenza di produrre elementi che offrano non solo affidabilit\u00e0 e funzionalit\u00e0, ma anche una lunga durata nel tempo. Questa caratteristica conferisce ai prodotti un alto valore intrinseco e riduce sensibilmente i costi di manutenzione. Una delle principali trasformazioni metallurgiche riguarda l&#8217;aggiunta di nichel in percentuali superiori al 7%, che converte<a class=\"more-link\" href=\"https:\/\/materioteca.dacd.supsi.ch\/it\/prodotto\/acciaio-inox\/\">Leggi tutto &#10230;<\/a><\/p>\n","protected":false},"featured_media":9286,"template":"","meta":{"_editorskit_title_hidden":false,"_editorskit_reading_time":0,"_editorskit_is_block_options_detached":false,"_editorskit_block_options_position":"{}","_crdt_document":"","inline_featured_image":false},"product_brand":[],"product_cat":[11700],"product_tag":[],"class_list":{"0":"post-10136","1":"product","2":"type-product","3":"status-publish","4":"has-post-thumbnail","6":"product_cat-metallo-ferroso","7":"yith_product_brand-suter-inox-ag-it","9":"first","10":"instock","11":"shipping-taxable","12":"product-type-simple"},"_links":{"self":[{"href":"https:\/\/materioteca.dacd.supsi.ch\/it\/wp-json\/wp\/v2\/product\/10136","targetHints":{"allow":["GET"]}}],"collection":[{"href":"https:\/\/materioteca.dacd.supsi.ch\/it\/wp-json\/wp\/v2\/product"}],"about":[{"href":"https:\/\/materioteca.dacd.supsi.ch\/it\/wp-json\/wp\/v2\/types\/product"}],"wp:featuredmedia":[{"embeddable":true,"href":"https:\/\/materioteca.dacd.supsi.ch\/it\/wp-json\/wp\/v2\/media\/9286"}],"wp:attachment":[{"href":"https:\/\/materioteca.dacd.supsi.ch\/it\/wp-json\/wp\/v2\/media?parent=10136"}],"wp:term":[{"taxonomy":"product_brand","embeddable":true,"href":"https:\/\/materioteca.dacd.supsi.ch\/it\/wp-json\/wp\/v2\/product_brand?post=10136"},{"taxonomy":"product_cat","embeddable":true,"href":"https:\/\/materioteca.dacd.supsi.ch\/it\/wp-json\/wp\/v2\/product_cat?post=10136"},{"taxonomy":"product_tag","embeddable":true,"href":"https:\/\/materioteca.dacd.supsi.ch\/it\/wp-json\/wp\/v2\/product_tag?post=10136"}],"curies":[{"name":"wp","href":"https:\/\/api.w.org\/{rel}","templated":true}]}}