{"id":10148,"date":"2025-07-24T09:49:54","date_gmt":"2025-07-24T08:49:54","guid":{"rendered":"https:\/\/materioteca.dacd.supsi.ch\/product\/acciaio-dd11\/"},"modified":"2025-09-29T14:28:18","modified_gmt":"2025-09-29T13:28:18","slug":"acciaio-dd11","status":"publish","type":"product","link":"https:\/\/materioteca.dacd.supsi.ch\/it\/prodotto\/acciaio-dd11\/","title":{"rendered":"Acciaio DD11"},"content":{"rendered":"<div class=\"csl-bib-body\">\n<div class=\"csl-entry\">\n<p>L\u2019acciaio StW22, noto anche con la sigla DD11, \u00e8 un tipo di acciaio con una composizione chimica ben definita che comprende elementi come carbonio, manganese, fosforo e zolfo. Questi componenti sono regolamentati dalla norma EN 10111, che ne stabilisce i limiti per garantire uniformit\u00e0 nella qualit\u00e0 e nelle prestazioni del materiale. <\/p>\n<p>Dal punto di vista delle caratteristiche meccaniche, questo acciaio deve rispettare determinati requisiti, come il limite di snervamento, la resistenza alla trazione e la capacit\u00e0 di allungarsi prima di rompersi. Tali propriet\u00e0 sono fondamentali per valutare se il materiale \u00e8 adatto a essere lavorato a freddo o impiegato in altri processi produttivi. <\/p>\n<p>La produzione avviene generalmente mediante laminazione a caldo. In questo procedimento, il semilavorato d\u2019acciaio, chiamato bramma, viene portato ad alte temperature e poi compresso attraverso una serie di rulli fino a raggiungere lo spessore desiderato. Questo trattamento conferisce all\u2019acciaio caratteristiche strutturali e meccaniche specifiche.  <\/p>\n<p>Grazie alla sua versatilit\u00e0, questo acciaio trova largo impiego in diversi settori: \u00e8 utilizzato per realizzare componenti nel settore automobilistico, parti di elettrodomestici e altri elementi strutturali di uso generale.<\/p>\n<p><strong>Fonte principale della descrizione<\/strong><\/p>\n<p><a href=\"https:\/\/shangangsteelsupply.com\/it\/din-1614-en10111-stw22-dd11-steel-sheet-coil\/\" target=\"_blank\" rel=\"noopener\">Fornitura di acciaio Shangang. (n.d.). Bobina in lamiera di acciaio DIN 1614 (EN10111) StW22 (DD11).  <\/a><\/p>\n<\/div>\n<\/div>\n","protected":false},"excerpt":{"rendered":"<p>L\u2019acciaio StW22, noto anche con la sigla DD11, \u00e8 un tipo di acciaio con una composizione chimica ben definita che comprende elementi come carbonio, manganese, fosforo e zolfo. Questi componenti sono regolamentati dalla norma EN 10111, che ne stabilisce i limiti per garantire uniformit\u00e0 nella qualit\u00e0 e nelle prestazioni del materiale. Dal punto di vista<a class=\"more-link\" href=\"https:\/\/materioteca.dacd.supsi.ch\/it\/prodotto\/acciaio-dd11\/\">Leggi tutto &#10230;<\/a><\/p>\n","protected":false},"featured_media":9163,"template":"","meta":{"_editorskit_title_hidden":false,"_editorskit_reading_time":0,"_editorskit_is_block_options_detached":false,"_editorskit_block_options_position":"{}","_crdt_document":"","inline_featured_image":false},"product_brand":[],"product_cat":[11700],"product_tag":[],"class_list":{"0":"post-10148","1":"product","2":"type-product","3":"status-publish","4":"has-post-thumbnail","6":"product_cat-metallo-ferroso","7":"yith_product_brand-poretti-gaggini-sa-it","9":"first","10":"instock","11":"shipping-taxable","12":"product-type-simple"},"_links":{"self":[{"href":"https:\/\/materioteca.dacd.supsi.ch\/it\/wp-json\/wp\/v2\/product\/10148","targetHints":{"allow":["GET"]}}],"collection":[{"href":"https:\/\/materioteca.dacd.supsi.ch\/it\/wp-json\/wp\/v2\/product"}],"about":[{"href":"https:\/\/materioteca.dacd.supsi.ch\/it\/wp-json\/wp\/v2\/types\/product"}],"wp:featuredmedia":[{"embeddable":true,"href":"https:\/\/materioteca.dacd.supsi.ch\/it\/wp-json\/wp\/v2\/media\/9163"}],"wp:attachment":[{"href":"https:\/\/materioteca.dacd.supsi.ch\/it\/wp-json\/wp\/v2\/media?parent=10148"}],"wp:term":[{"taxonomy":"product_brand","embeddable":true,"href":"https:\/\/materioteca.dacd.supsi.ch\/it\/wp-json\/wp\/v2\/product_brand?post=10148"},{"taxonomy":"product_cat","embeddable":true,"href":"https:\/\/materioteca.dacd.supsi.ch\/it\/wp-json\/wp\/v2\/product_cat?post=10148"},{"taxonomy":"product_tag","embeddable":true,"href":"https:\/\/materioteca.dacd.supsi.ch\/it\/wp-json\/wp\/v2\/product_tag?post=10148"}],"curies":[{"name":"wp","href":"https:\/\/api.w.org\/{rel}","templated":true}]}}