{"id":10151,"date":"2025-07-21T09:02:26","date_gmt":"2025-07-21T08:02:26","guid":{"rendered":"https:\/\/materioteca.dacd.supsi.ch\/product\/acciaio-da-costruzione\/"},"modified":"2025-09-29T14:31:27","modified_gmt":"2025-09-29T13:31:27","slug":"acciaio-da-costruzione","status":"publish","type":"product","link":"https:\/\/materioteca.dacd.supsi.ch\/it\/prodotto\/acciaio-da-costruzione\/","title":{"rendered":"Acciaio da costruzione"},"content":{"rendered":"<div class=\"csl-bib-body\">\n<div class=\"csl-entry\">\n<p>Gli acciai da costruzione non legati sono materiali a base di ferro con un basso contenuto di carbonio. Grazie al loro costo contenuto e alle buone propriet\u00e0 meccaniche, trovano largo impiego soprattutto nei settori siderurgico e meccanico. Questi tipi di acciaio rappresentano oltre il 90% della produzione complessiva del settore, a dimostrazione della loro importanza industriale.  <\/p>\n<p>Vengono comunemente commercializzati sotto forma di barre o profilati, ottenuti tramite laminazione a caldo o trafilatura a freddo. Dal punto di vista delle propriet\u00e0, si distinguono per essere materiali duttili, facilmente lavorabili, con una buona flessibilit\u00e0 e resistenza. Tuttavia, non possono essere sottoposti a tempra. \u00c8 interessante notare che al crescere del tenore di carbonio, aumentano anche durezza e resistenza del materiale.   <\/p>\n<p>Grazie alla loro economicit\u00e0 e alle caratteristiche pi\u00f9 che adeguate per numerose applicazioni, gli acciai non legati vengono spesso impiegati nella realizzazione di componenti per macchinari e strutture metalliche, purch\u00e9 non siano richiesti particolari trattamenti termici. Si tratta di materiali semplici, ma comunque affidabili per molti utilizzi comuni. <\/p>\n<p>Per ottenere l&#8217;acciaio, si parte dalla ghisa, una lega che contiene fino al 4% di carbonio insieme ad altri elementi indesiderati o presenti in eccesso, come silicio, manganese, zolfo e fosforo. La trasformazione della ghisa in acciaio avviene attraverso un processo chiamato \u201caffinamento\u201d, durante il quale il contenuto di carbonio viene ridotto e le impurit\u00e0 quasi completamente eliminate. A questo processo segue un ulteriore trattamento volto a migliorare la qualit\u00e0 finale del materiale.  <\/p>\n<p>Una volta giunto a fine vita, l&#8217;acciaio viene recuperato, selezionato per tipologia, rifuso e riutilizzato, dando vita a nuovi prodotti. \u00c8 bene ricordare, infine, che l\u2019acciaio da costruzione non legato \u00e8 soggetto a corrosione (ruggine) e ha una resistenza al calore piuttosto limitata. <\/p>\n<p><strong>Fonte principale della descrizione<\/strong><\/p>\n<p><a href=\"https:\/\/materialarchiv.ch\/de\/ma:material_655?type=all\" target=\"_blank\" rel=\"noopener\">Material-Archiv. (2024). <em>Baustahl, unlegiert<\/em>.<\/a><\/p>\n<\/div>\n<\/div>\n","protected":false},"excerpt":{"rendered":"<p>Gli acciai da costruzione non legati sono materiali a base di ferro con un basso contenuto di carbonio. Grazie al loro costo contenuto e alle buone propriet\u00e0 meccaniche, trovano largo impiego soprattutto nei settori siderurgico e meccanico. Questi tipi di acciaio rappresentano oltre il 90% della produzione complessiva del settore, a dimostrazione della loro importanza<a class=\"more-link\" href=\"https:\/\/materioteca.dacd.supsi.ch\/it\/prodotto\/acciaio-da-costruzione\/\">Leggi tutto &#10230;<\/a><\/p>\n","protected":false},"featured_media":9103,"template":"","meta":{"_editorskit_title_hidden":false,"_editorskit_reading_time":0,"_editorskit_is_block_options_detached":false,"_editorskit_block_options_position":"{}","_crdt_document":"","inline_featured_image":false},"product_brand":[],"product_cat":[11700],"product_tag":[],"class_list":{"0":"post-10151","1":"product","2":"type-product","3":"status-publish","4":"has-post-thumbnail","6":"product_cat-metallo-ferroso","8":"first","9":"instock","10":"shipping-taxable","11":"product-type-simple"},"_links":{"self":[{"href":"https:\/\/materioteca.dacd.supsi.ch\/it\/wp-json\/wp\/v2\/product\/10151","targetHints":{"allow":["GET"]}}],"collection":[{"href":"https:\/\/materioteca.dacd.supsi.ch\/it\/wp-json\/wp\/v2\/product"}],"about":[{"href":"https:\/\/materioteca.dacd.supsi.ch\/it\/wp-json\/wp\/v2\/types\/product"}],"wp:featuredmedia":[{"embeddable":true,"href":"https:\/\/materioteca.dacd.supsi.ch\/it\/wp-json\/wp\/v2\/media\/9103"}],"wp:attachment":[{"href":"https:\/\/materioteca.dacd.supsi.ch\/it\/wp-json\/wp\/v2\/media?parent=10151"}],"wp:term":[{"taxonomy":"product_brand","embeddable":true,"href":"https:\/\/materioteca.dacd.supsi.ch\/it\/wp-json\/wp\/v2\/product_brand?post=10151"},{"taxonomy":"product_cat","embeddable":true,"href":"https:\/\/materioteca.dacd.supsi.ch\/it\/wp-json\/wp\/v2\/product_cat?post=10151"},{"taxonomy":"product_tag","embeddable":true,"href":"https:\/\/materioteca.dacd.supsi.ch\/it\/wp-json\/wp\/v2\/product_tag?post=10151"}],"curies":[{"name":"wp","href":"https:\/\/api.w.org\/{rel}","templated":true}]}}