{"id":10172,"date":"2025-08-06T15:30:46","date_gmt":"2025-08-06T14:30:46","guid":{"rendered":"https:\/\/materioteca.dacd.supsi.ch\/product\/acciaio-zincato-sendzimir\/"},"modified":"2025-09-25T13:27:18","modified_gmt":"2025-09-25T12:27:18","slug":"acciaio-zincato-sendzimir","status":"publish","type":"product","link":"https:\/\/materioteca.dacd.supsi.ch\/it\/prodotto\/acciaio-zincato-sendzimir\/","title":{"rendered":"Acciaio zincato Sendzimir"},"content":{"rendered":"<p>Gli acciai da costruzione non legati sono materiali a base di ferro con un basso contenuto di carbonio. Grazie al loro costo contenuto e alle buone propriet\u00e0 meccaniche, trovano largo impiego soprattutto nei settori siderurgico e meccanico. Questi tipi di acciaio rappresentano oltre il 90% della produzione complessiva del settore, a dimostrazione della loro importanza industriale.  <\/p>\n<p>Vengono comunemente commercializzati sotto forma di barre o profilati, ottenuti tramite laminazione a caldo o trafilatura a freddo. Dal punto di vista delle propriet\u00e0, si distinguono per essere materiali duttili, facilmente lavorabili, con una buona flessibilit\u00e0 e resistenza. Tuttavia, non possono essere sottoposti a tempra. \u00c8 interessante notare che al crescere del tenore di carbonio, aumentano anche durezza e resistenza del materiale.   <\/p>\n<p>Grazie alla loro economicit\u00e0 e alle caratteristiche pi\u00f9 che adeguate per numerose applicazioni, gli acciai non legati vengono spesso impiegati nella realizzazione di componenti per macchinari e strutture metalliche, purch\u00e9 non siano richiesti particolari trattamenti termici. Si tratta di materiali semplici, ma comunque affidabili per molti utilizzi comuni. <\/p>\n<p>Per ottenere l&#8217;acciaio, si parte dalla ghisa, una lega che contiene fino al 4% di carbonio insieme ad altri elementi indesiderati o presenti in eccesso, come silicio, manganese, zolfo e fosforo. La trasformazione della ghisa in acciaio avviene attraverso un processo chiamato \u201caffinamento\u201d, durante il quale il contenuto di carbonio viene ridotto e le impurit\u00e0 quasi completamente eliminate. A questo processo segue un ulteriore trattamento volto a migliorare la qualit\u00e0 finale del materiale.  <\/p>\n<p>Il processo Sendzimir \u00e8 una particolare tecnica di zincatura a caldo utilizzata per rivestire lamiere o nastri d&#8217;acciaio direttamente all&#8217;interno dell&#8217;acciaieria, durante la loro fase di produzione. Prende il nome dal suo inventore, Tadeusz Sendzimir. <\/p>\n<p>Questa metodologia prevede l&#8217;immersione della lamiera in una speciale vasca ceramica contenente zinco fuso. Per migliorare le propriet\u00e0 del bagno e favorire una migliore adesione del rivestimento metallico, si aggiungono solitamente piombo \u2014 che aiuta a rendere il metallo pi\u00f9 fluido \u2014 e alluminio, che facilita l\u2019ancoraggio dello zinco alla superficie dell\u2019acciaio. <\/p>\n<p>Prima di essere immersa nello zinco, per\u00f2, la lamiera deve essere adeguatamente preparata. Viene quindi sottoposta a un&#8217;accurata sgrassatura per eliminare eventuali residui e impurit\u00e0, seguita da un trattamento con acido cloridrico (decapaggio) per rimuovere gli ossidi di ferro presenti sulla superficie. <\/p>\n<p>Lo spessore dello strato di zinco che si forma sul nastro d\u2019acciaio viene regolato in base alla velocit\u00e0 con cui il nastro scorre attraverso il bagno: maggiore \u00e8 la velocit\u00e0, minore sar\u00e0 lo spessore del rivestimento. Questo parametro \u00e8 gestito con precisione tramite un sistema di lame d\u2019aria che modulano la quantit\u00e0 di zinco depositato. <\/p>\n<p>Una volta completata la zincatura, il nastro viene riavvolto ed \u00e8 pronto per le fasi successive di lavorazione, come ad esempio la profilatura.<\/p>\n<p><strong>La fonte principale della descrizione<\/strong><\/p>\n<p><a href=\"https:\/\/materialarchiv.ch\/de\/ma:material_655?type=all\" target=\"_blank\" rel=\"noopener\">Material-Archiv. (2024). <em>Baustahl, unlegiert<\/em>.<\/a><\/p>\n<p><strong>Altre fonti<\/strong><\/p>\n<p><a href=\"https:\/\/it.wikipedia.org\/wiki\/Sendzimir\" target=\"_blank\" rel=\"noopener\">Sendzimir. (senza data). Wikipedia, enciclopedia libera.  <\/a><\/p>\n","protected":false},"excerpt":{"rendered":"<p>Gli acciai da costruzione non legati sono materiali a base di ferro con un basso contenuto di carbonio. Grazie al loro costo contenuto e alle buone propriet\u00e0 meccaniche, trovano largo impiego soprattutto nei settori siderurgico e meccanico. Questi tipi di acciaio rappresentano oltre il 90% della produzione complessiva del settore, a dimostrazione della loro importanza<a class=\"more-link\" href=\"https:\/\/materioteca.dacd.supsi.ch\/it\/prodotto\/acciaio-zincato-sendzimir\/\">Leggi tutto &#10230;<\/a><\/p>\n","protected":false},"featured_media":10169,"template":"","meta":{"_editorskit_title_hidden":false,"_editorskit_reading_time":0,"_editorskit_is_block_options_detached":false,"_editorskit_block_options_position":"{}","_crdt_document":"","inline_featured_image":false},"product_brand":[],"product_cat":[11700],"product_tag":[],"class_list":{"0":"post-10172","1":"product","2":"type-product","3":"status-publish","4":"has-post-thumbnail","6":"product_cat-metallo-ferroso","7":"yith_product_brand-poretti-gaggini-sa-it","9":"first","10":"instock","11":"shipping-taxable","12":"product-type-simple"},"_links":{"self":[{"href":"https:\/\/materioteca.dacd.supsi.ch\/it\/wp-json\/wp\/v2\/product\/10172","targetHints":{"allow":["GET"]}}],"collection":[{"href":"https:\/\/materioteca.dacd.supsi.ch\/it\/wp-json\/wp\/v2\/product"}],"about":[{"href":"https:\/\/materioteca.dacd.supsi.ch\/it\/wp-json\/wp\/v2\/types\/product"}],"wp:featuredmedia":[{"embeddable":true,"href":"https:\/\/materioteca.dacd.supsi.ch\/it\/wp-json\/wp\/v2\/media\/10169"}],"wp:attachment":[{"href":"https:\/\/materioteca.dacd.supsi.ch\/it\/wp-json\/wp\/v2\/media?parent=10172"}],"wp:term":[{"taxonomy":"product_brand","embeddable":true,"href":"https:\/\/materioteca.dacd.supsi.ch\/it\/wp-json\/wp\/v2\/product_brand?post=10172"},{"taxonomy":"product_cat","embeddable":true,"href":"https:\/\/materioteca.dacd.supsi.ch\/it\/wp-json\/wp\/v2\/product_cat?post=10172"},{"taxonomy":"product_tag","embeddable":true,"href":"https:\/\/materioteca.dacd.supsi.ch\/it\/wp-json\/wp\/v2\/product_tag?post=10172"}],"curies":[{"name":"wp","href":"https:\/\/api.w.org\/{rel}","templated":true}]}}