{"id":11306,"date":"2026-04-17T12:53:01","date_gmt":"2026-04-17T11:53:01","guid":{"rendered":"https:\/\/materioteca.dacd.supsi.ch\/product\/polistirolo-espanso-eps\/"},"modified":"2026-04-17T12:53:01","modified_gmt":"2026-04-17T11:53:01","slug":"polistirolo-espanso-eps","status":"publish","type":"product","link":"https:\/\/materioteca.dacd.supsi.ch\/it\/prodotto\/polistirolo-espanso-eps\/","title":{"rendered":"Polistirolo espanso EPS"},"content":{"rendered":"<p>Il polistirolo espanso (EPS) \u00e8 un materiale molto leggero formato in gran parte da aria. Si ottiene partendo da piccole sfere di polistirolo che, grazie al calore del vapore, si gonfiano fino ad aumentare notevolmente di volume. Durante questo processo le sfere si uniscono tra loro, formando blocchi compatti che possono poi essere tagliati in lastre oppure modellati in diverse forme.<br \/>Una delle caratteristiche principali dell\u2019EPS \u00e8 la sua capacit\u00e0 di isolare dal caldo e dal freddo. Oltre a questo, riesce ad assorbire i rumori e ad attutire gli urti, motivo per cui viene spesso utilizzato come protezione. Assorbe pochissima acqua e lascia passare pochissimo vapore, risultando quindi adatto anche in ambienti dove \u00e8 importante limitare l\u2019umidit\u00e0.<br \/>La consistenza del materiale pu\u00f2 variare: aumentando la quantit\u00e0 di polistirolo nella miscela iniziale si ottiene un prodotto pi\u00f9 rigido, mentre con meno materiale risulta pi\u00f9 morbido.<br \/>Grazie a queste propriet\u00e0, l\u2019EPS \u00e8 molto diffuso soprattutto nel settore degli imballaggi, dove viene utilizzato come protezione antiurto e come isolante termico. Si trova anche in applicazioni come l\u2019imbottitura dei caschi sportivi.<br \/>Un limite importante \u00e8 la scarsa resistenza ai raggi UV: se esposto a lungo al sole, il materiale tende a deteriorarsi, diventando fragile e friabile.     <\/p>\n<p><strong>Fonte principale della descrizione<br \/>\n<\/strong><a href=\"https:\/\/materialarchiv.ch\/de\/ma:material_41?type=all\" target=\"_blank\" rel=\"noopener\">Material-Archiv. (2024). Polystyrol, expandiert (EPS).<\/a><\/p>\n<p><strong>Altre fonti<br \/>\n<\/strong><a href=\"https:\/\/slsp-supsi.primo.exlibrisgroup.com\/discovery\/fulldisplay?docid=alma990055299420205519&amp;context=L&amp;vid=41SLSP_SUP:VU1&amp;lang=it&amp;search_scope=MyInst_and_CI&amp;adaptor=Local%20Search%20Engine&amp;tab=41SLSP_SUPSI_MyInst_and_CI&amp;query=any,contains,atlante%20dei%20materiali&amp;offset=0\" target=\"_blank\" rel=\"noopener\">Hegger, M. (2006). Atlante dei materiali.  UTET.<\/a><\/p>\n","protected":false},"excerpt":{"rendered":"<p>Il polistirolo espanso (EPS) \u00e8 un materiale molto leggero formato in gran parte da aria. Si ottiene partendo da piccole sfere di polistirolo che, grazie al calore del vapore, si gonfiano fino ad aumentare notevolmente di volume. Durante questo processo le sfere si uniscono tra loro, formando blocchi compatti che possono poi essere tagliati in<a class=\"more-link\" href=\"https:\/\/materioteca.dacd.supsi.ch\/it\/prodotto\/polistirolo-espanso-eps\/\">Leggi tutto &#10230;<\/a><\/p>\n","protected":false},"featured_media":11291,"template":"","meta":{"_editorskit_title_hidden":false,"_editorskit_reading_time":0,"_editorskit_is_block_options_detached":false,"_editorskit_block_options_position":"{}","_crdt_document":"","inline_featured_image":false},"product_brand":[],"product_cat":[12276],"product_tag":[],"class_list":{"0":"post-11306","1":"product","2":"type-product","3":"status-publish","4":"has-post-thumbnail","6":"product_cat-polimerico","7":"yith_product_brand-sager-ag","9":"first","10":"instock","11":"shipping-taxable","12":"product-type-simple"},"_links":{"self":[{"href":"https:\/\/materioteca.dacd.supsi.ch\/it\/wp-json\/wp\/v2\/product\/11306","targetHints":{"allow":["GET"]}}],"collection":[{"href":"https:\/\/materioteca.dacd.supsi.ch\/it\/wp-json\/wp\/v2\/product"}],"about":[{"href":"https:\/\/materioteca.dacd.supsi.ch\/it\/wp-json\/wp\/v2\/types\/product"}],"wp:featuredmedia":[{"embeddable":true,"href":"https:\/\/materioteca.dacd.supsi.ch\/it\/wp-json\/wp\/v2\/media\/11291"}],"wp:attachment":[{"href":"https:\/\/materioteca.dacd.supsi.ch\/it\/wp-json\/wp\/v2\/media?parent=11306"}],"wp:term":[{"taxonomy":"product_brand","embeddable":true,"href":"https:\/\/materioteca.dacd.supsi.ch\/it\/wp-json\/wp\/v2\/product_brand?post=11306"},{"taxonomy":"product_cat","embeddable":true,"href":"https:\/\/materioteca.dacd.supsi.ch\/it\/wp-json\/wp\/v2\/product_cat?post=11306"},{"taxonomy":"product_tag","embeddable":true,"href":"https:\/\/materioteca.dacd.supsi.ch\/it\/wp-json\/wp\/v2\/product_tag?post=11306"}],"curies":[{"name":"wp","href":"https:\/\/api.w.org\/{rel}","templated":true}]}}