{"id":2523,"date":"2023-07-04T08:36:05","date_gmt":"2023-07-04T07:36:05","guid":{"rendered":"https:\/\/materioteca.dacd.supsi.ch\/product\/pietra-di-vals\/"},"modified":"2025-09-30T08:54:16","modified_gmt":"2025-09-30T07:54:16","slug":"pietra-di-vals","status":"publish","type":"product","link":"https:\/\/materioteca.dacd.supsi.ch\/it\/prodotto\/pietra-di-vals\/","title":{"rendered":"Pietra di Vals"},"content":{"rendered":"<p>La pietra quarzite di Vals \u00e8 uno gneiss di colore grigio ma che pu\u00f2 tendere anche al verdastro.<\/p>\n<p>\u00c8 una pietra ricca di varianti, stratificata, a grana fine e con delle venature di colore grigio chiaro oppure bianche. Detiene inoltre in parte dei grandi occhi bianchi e strati di mica. <\/p>\n<p>Dal punto di vista petrografico questa pietra \u00e8 uno gneiss nonostante sia presente un elevato contenuto di quarzo. Per poter essere considerata una quarzite dovrebbe essere quasi esclusivamente composta da quarzo. <\/p>\n<p>Questa roccia \u00e8 particolarmente resistente agli agenti atmosferici e in poca parte anche all\u2019abrasione. Possiamo quindi affermare che resista bene al gelo, agli acidi e alle soluzioni alcaline. <\/p>\n<p>La sua composizione \u00e8 la seguente: feldspato (albite\/califeldspato), quarzo, mica chiara (muscovite\/fengite) e, in percentuale minore, mica scura (biotite), clorite, minerali solforati, titanite, granato ed epidoto.<\/p>\n<p><strong>Riferimenti di utilizzo del materiale<\/strong><\/p>\n<p>Terme di Vals, architetto Peter Zumthor, Vals (Svizzera).<\/p>\n<p><strong>Fonte principale della descrizione<\/strong><\/p>\n<p><a href=\"https:\/\/materialarchiv.ch\/de\/ma:material_583?type=all&amp;n=Grundlagen\" target=\"_blank\" rel=\"noopener\">Material-Archiv. (2024). <em>Valser<\/em> Quarzit.<\/a><\/p>\n<p><a href=\"https:\/\/supsi.swisscovery.slsp.ch\/discovery\/fulldisplay?docid=alma991138344399705501&amp;context=L&amp;vid=41SLSP_SUP:VU1&amp;lang=it&amp;search_scope=DN_and_CI&amp;adaptor=Local%20Search%20Engine&amp;tab=41SLSP_SUPSI_DN_and_CI&amp;query=any,contains,burzer%20gneis&amp;offset=0\" target=\"_blank\" rel=\"noopener\">Burzer, K., &amp; Vernooij, M. (2016). <em>Gneis!<\/em> <em>: ein Schweizer Gestein im Kontext der Architektur<\/em>. Materialsammlung ETH Z\u00fcrich.<\/a><\/p>\n<p><strong>La fonte originale dei valori caratteristici<\/strong><\/p>\n<p><a href=\"https:\/\/truffer.ch\/en\/test-results\" target=\"_blank\" rel=\"noopener\">Link ai risultati dei test.<\/a><\/p>\n","protected":false},"excerpt":{"rendered":"<p>La pietra quarzite di Vals \u00e8 uno gneiss di colore grigio ma che pu\u00f2 tendere anche al verdastro. \u00c8 una pietra ricca di varianti, stratificata, a grana fine e con delle venature di colore grigio chiaro oppure bianche. Detiene inoltre in parte dei grandi occhi bianchi e strati di mica. Dal punto di vista petrografico<a class=\"more-link\" href=\"https:\/\/materioteca.dacd.supsi.ch\/it\/prodotto\/pietra-di-vals\/\">Leggi tutto &#10230;<\/a><\/p>\n","protected":false},"featured_media":6323,"template":"","meta":{"_editorskit_title_hidden":false,"_editorskit_reading_time":0,"_editorskit_is_block_options_detached":false,"_editorskit_block_options_position":"{}","_crdt_document":"","inline_featured_image":false},"product_brand":[],"product_cat":[11691],"product_tag":[],"class_list":{"0":"post-2523","1":"product","2":"type-product","3":"status-publish","4":"has-post-thumbnail","6":"product_cat-naturale","7":"yith_product_brand-truffer-ag-it","9":"first","10":"instock","11":"shipping-taxable","12":"product-type-simple"},"_links":{"self":[{"href":"https:\/\/materioteca.dacd.supsi.ch\/it\/wp-json\/wp\/v2\/product\/2523","targetHints":{"allow":["GET"]}}],"collection":[{"href":"https:\/\/materioteca.dacd.supsi.ch\/it\/wp-json\/wp\/v2\/product"}],"about":[{"href":"https:\/\/materioteca.dacd.supsi.ch\/it\/wp-json\/wp\/v2\/types\/product"}],"wp:featuredmedia":[{"embeddable":true,"href":"https:\/\/materioteca.dacd.supsi.ch\/it\/wp-json\/wp\/v2\/media\/6323"}],"wp:attachment":[{"href":"https:\/\/materioteca.dacd.supsi.ch\/it\/wp-json\/wp\/v2\/media?parent=2523"}],"wp:term":[{"taxonomy":"product_brand","embeddable":true,"href":"https:\/\/materioteca.dacd.supsi.ch\/it\/wp-json\/wp\/v2\/product_brand?post=2523"},{"taxonomy":"product_cat","embeddable":true,"href":"https:\/\/materioteca.dacd.supsi.ch\/it\/wp-json\/wp\/v2\/product_cat?post=2523"},{"taxonomy":"product_tag","embeddable":true,"href":"https:\/\/materioteca.dacd.supsi.ch\/it\/wp-json\/wp\/v2\/product_tag?post=2523"}],"curies":[{"name":"wp","href":"https:\/\/api.w.org\/{rel}","templated":true}]}}