{"id":2589,"date":"2023-07-04T08:58:21","date_gmt":"2023-07-04T07:58:21","guid":{"rendered":"https:\/\/materioteca.dacd.supsi.ch\/product\/granito-verde-andeer\/"},"modified":"2025-09-30T08:51:52","modified_gmt":"2025-09-30T07:51:52","slug":"granito-verde-di-andeer","status":"publish","type":"product","link":"https:\/\/materioteca.dacd.supsi.ch\/it\/prodotto\/granito-verde-di-andeer\/","title":{"rendered":"Granito verde di Andeer"},"content":{"rendered":"<p>Il granito verde di Andeer \u00e8 uno gneiss di colorazione verde, di grana media e frazioni piccole di bianco, dalla scistosit\u00e0 moderata e forte.<\/p>\n<p>La composizione di questa roccia si riassume in piccoli grani di quarzo grigio vetroso con grani invece pi\u00f9 grandi di feldspato e clorite, che conferiscono la colorazione verde scuro. Inoltre, troviamo il minerale mica fenghite che conferisce a sua volta la colorazione verde scuro. <\/p>\n<p>\u00c8 una roccia molto resistente al gelo, agli acidi e alle soluzioni alcaline. Si riscontrano tre variet\u00e0 di colorazione verde che dipendono dal luogo esatto di estrazione. <\/p>\n<p>Questo granito rispetto ad uno gneiss ticinese \u00e8 pi\u00f9 difficile da lavorare in quanto \u00e8 sfaldabile moderatamente. La maggior parte della produzione difatti viene segata in lastre. <\/p>\n<p><strong>Riferimenti di utilizzo del materiale<\/strong><\/p>\n<p>Centrum Bank, architetto Hans Hollein, Vaduz (Liechtenstein).<\/p>\n<p><strong>La fonte principale della descrizione<\/strong><\/p>\n<p><a href=\"https:\/\/materialarchiv.ch\/de\/ma:material_578?type=all&amp;n=Grundlagen\" target=\"_blank\" rel=\"noopener\">Material-Archiv. (2024). <em>Andeer<\/em>.<\/a><\/p>\n<p><a href=\"https:\/\/supsi.swisscovery.slsp.ch\/discovery\/fulldisplay?docid=alma991138344399705501&amp;context=L&amp;vid=41SLSP_SUP:VU1&amp;lang=it&amp;search_scope=DN_and_CI&amp;adaptor=Local%20Search%20Engine&amp;tab=41SLSP_SUPSI_DN_and_CI&amp;query=any,contains,burzer%20gneis&amp;offset=0\" target=\"_blank\" rel=\"noopener\">Burzer, K., &amp; Vernooij, M. (2016). <em>Gneis!<\/em><em>\u202f<\/em><em>: ein Schweizer Gestein im Kontext der Architektur<\/em>. Materialsammlung ETH Z\u00fcrich.<\/a><\/p>\n<p><strong>La fonte originaria dei valori caratteristici<\/strong><\/p>\n<p><a href=\"https:\/\/supsi.swisscovery.slsp.ch\/discovery\/fulldisplay?docid=alma990015376390205519&amp;context=L&amp;vid=41SLSP_SUP:VU1&amp;lang=it&amp;search_scope=MyInst_and_CI&amp;adaptor=Local%20Search%20Engine&amp;tab=41SLSP_SUPSI_MyInst_and_CI&amp;query=any,contains,die%20mineralischen&amp;offset=0\" target=\"_blank\" rel=\"noopener\">K\u00fcndig, R. (1997). <em>Die mineralischen Rohstoffe der Schweiz<\/em> . Schweizerische Geotechnische Kommission.<\/a><\/p>\n<p><a href=\"https:\/\/slsp-supsi.primo.exlibrisgroup.com\/discovery\/fulldisplay?context=PC&amp;vid=41SLSP_SUP:VU1&amp;search_scope=DN_and_CI_unfiltered&amp;tab=DN_and_CI_unfiltered&amp;docid=cdi_globaltitleindex_catalog_268330109\" target=\"_blank\" rel=\"noopener\">Zerbi, S. (2011). <em>Construction en pierre massive en Suisse<\/em>. Ecole Polytechnique F\u00e9d\u00e9rale de Lausanne.<\/a><\/p>\n<div><\/div>\n","protected":false},"excerpt":{"rendered":"<p>Il granito verde di Andeer \u00e8 uno gneiss di colorazione verde, di grana media e frazioni piccole di bianco, dalla scistosit\u00e0 moderata e forte. La composizione di questa roccia si riassume in piccoli grani di quarzo grigio vetroso con grani invece pi\u00f9 grandi di feldspato e clorite, che conferiscono la colorazione verde scuro. Inoltre, troviamo<a class=\"more-link\" href=\"https:\/\/materioteca.dacd.supsi.ch\/it\/prodotto\/granito-verde-di-andeer\/\">Leggi tutto &#10230;<\/a><\/p>\n","protected":false},"featured_media":6291,"template":"","meta":{"_editorskit_title_hidden":false,"_editorskit_reading_time":0,"_editorskit_is_block_options_detached":false,"_editorskit_block_options_position":"{}","_crdt_document":"","inline_featured_image":false},"product_brand":[],"product_cat":[11691],"product_tag":[],"class_list":{"0":"post-2589","1":"product","2":"type-product","3":"status-publish","4":"has-post-thumbnail","6":"product_cat-naturale","7":"yith_product_brand-battaglia-andeer-granit-ag-it","9":"first","10":"instock","11":"shipping-taxable","12":"product-type-simple"},"_links":{"self":[{"href":"https:\/\/materioteca.dacd.supsi.ch\/it\/wp-json\/wp\/v2\/product\/2589","targetHints":{"allow":["GET"]}}],"collection":[{"href":"https:\/\/materioteca.dacd.supsi.ch\/it\/wp-json\/wp\/v2\/product"}],"about":[{"href":"https:\/\/materioteca.dacd.supsi.ch\/it\/wp-json\/wp\/v2\/types\/product"}],"wp:featuredmedia":[{"embeddable":true,"href":"https:\/\/materioteca.dacd.supsi.ch\/it\/wp-json\/wp\/v2\/media\/6291"}],"wp:attachment":[{"href":"https:\/\/materioteca.dacd.supsi.ch\/it\/wp-json\/wp\/v2\/media?parent=2589"}],"wp:term":[{"taxonomy":"product_brand","embeddable":true,"href":"https:\/\/materioteca.dacd.supsi.ch\/it\/wp-json\/wp\/v2\/product_brand?post=2589"},{"taxonomy":"product_cat","embeddable":true,"href":"https:\/\/materioteca.dacd.supsi.ch\/it\/wp-json\/wp\/v2\/product_cat?post=2589"},{"taxonomy":"product_tag","embeddable":true,"href":"https:\/\/materioteca.dacd.supsi.ch\/it\/wp-json\/wp\/v2\/product_tag?post=2589"}],"curies":[{"name":"wp","href":"https:\/\/api.w.org\/{rel}","templated":true}]}}