{"id":2614,"date":"2023-07-04T09:18:41","date_gmt":"2023-07-04T08:18:41","guid":{"rendered":"https:\/\/materioteca.dacd.supsi.ch\/product\/pietra-di-saltrio\/"},"modified":"2025-09-30T08:49:16","modified_gmt":"2025-09-30T07:49:16","slug":"pietra-di-saltrio","status":"publish","type":"product","link":"https:\/\/materioteca.dacd.supsi.ch\/it\/prodotto\/pietra-di-saltrio\/","title":{"rendered":"Pietra di Saltrio"},"content":{"rendered":"<p>La Pietra di Saltrio \u00e8 un tipo di calcare a grana compatta, parte della serie sedimentaria delle Alpi Meridionali che affiora lungo la fascia prealpina della provincia di Varese.<\/p>\n<p>Questo materiale, nel tempo, ha ricevuto varie denominazioni dai geologi, ma \u00e8 stato generalmente classificato in diverse categorie: pietra piombina, la pi\u00f9 resistente e adatta per l&#8217;edilizia; pietra grigia e rossetta, utilizzate per ornamenti; e pietra gentile, impiegata per rivestimenti.<\/p>\n<p>Gli scultori apprezzavano particolarmente la Pietra di Saltrio per la sua duttilit\u00e0 al scalpello e la sua resistenza nel tempo, rendendola ideale per raffinate esecuzioni decorative.<\/p>\n<p>Gi\u00e0 utilizzato nel rivestimento delle mura romane di Milano, il suo uso \u00e8 proseguito per tutto il Medioevo e ancora oggi si pu\u00f2 ammirare in diversi edifici storici, tra cui Palazzo Litta, la basilica di Santa Maria delle Grazie, il Cimitero Monumentale di Milano, il Pantheon del Cimitero di Staglieno a Genova, la Certosa di Pavia e il Santuario di Santa Maria dei Miracoli a Saronno. Anche in Ticino \u00e8 stato utilizzato per elementi architettonici, strutturali e decorativi.<\/p>\n","protected":false},"excerpt":{"rendered":"<p>La Pietra di Saltrio \u00e8 un tipo di calcare a grana compatta, parte della serie sedimentaria delle Alpi Meridionali che affiora lungo la fascia prealpina della provincia di Varese. Questo materiale, nel tempo, ha ricevuto varie denominazioni dai geologi, ma \u00e8 stato generalmente classificato in diverse categorie: pietra piombina, la pi\u00f9 resistente e adatta per<a class=\"more-link\" href=\"https:\/\/materioteca.dacd.supsi.ch\/it\/prodotto\/pietra-di-saltrio\/\">Leggi tutto &#10230;<\/a><\/p>\n","protected":false},"featured_media":6962,"template":"","meta":{"_editorskit_title_hidden":false,"_editorskit_reading_time":0,"_editorskit_is_block_options_detached":false,"_editorskit_block_options_position":"{}","_crdt_document":"","inline_featured_image":false},"product_brand":[],"product_cat":[11691],"product_tag":[],"class_list":{"0":"post-2614","1":"product","2":"type-product","3":"status-publish","4":"has-post-thumbnail","6":"product_cat-naturale","7":"yith_product_brand-grotta-di-saltrio","9":"first","10":"instock","11":"shipping-taxable","12":"product-type-simple"},"_links":{"self":[{"href":"https:\/\/materioteca.dacd.supsi.ch\/it\/wp-json\/wp\/v2\/product\/2614","targetHints":{"allow":["GET"]}}],"collection":[{"href":"https:\/\/materioteca.dacd.supsi.ch\/it\/wp-json\/wp\/v2\/product"}],"about":[{"href":"https:\/\/materioteca.dacd.supsi.ch\/it\/wp-json\/wp\/v2\/types\/product"}],"wp:featuredmedia":[{"embeddable":true,"href":"https:\/\/materioteca.dacd.supsi.ch\/it\/wp-json\/wp\/v2\/media\/6962"}],"wp:attachment":[{"href":"https:\/\/materioteca.dacd.supsi.ch\/it\/wp-json\/wp\/v2\/media?parent=2614"}],"wp:term":[{"taxonomy":"product_brand","embeddable":true,"href":"https:\/\/materioteca.dacd.supsi.ch\/it\/wp-json\/wp\/v2\/product_brand?post=2614"},{"taxonomy":"product_cat","embeddable":true,"href":"https:\/\/materioteca.dacd.supsi.ch\/it\/wp-json\/wp\/v2\/product_cat?post=2614"},{"taxonomy":"product_tag","embeddable":true,"href":"https:\/\/materioteca.dacd.supsi.ch\/it\/wp-json\/wp\/v2\/product_tag?post=2614"}],"curies":[{"name":"wp","href":"https:\/\/api.w.org\/{rel}","templated":true}]}}