{"id":2780,"date":"2023-07-04T14:28:45","date_gmt":"2023-07-04T13:28:45","guid":{"rendered":"https:\/\/materioteca.dacd.supsi.ch\/product\/gneiss-di-cresciano\/"},"modified":"2025-09-30T08:39:37","modified_gmt":"2025-09-30T07:39:37","slug":"gneiss-di-cresciano","status":"publish","type":"product","link":"https:\/\/materioteca.dacd.supsi.ch\/it\/prodotto\/gneiss-di-cresciano\/","title":{"rendered":"Gneiss di Cresciano"},"content":{"rendered":"<p>Il Cresciano \u00e8 uno gneiss dalla colorazione chiara, con scistosit\u00e0 che varia da debole a moderata e una grana che va da media a grossolana. \u00c8 caratterizzato dalla presenza di minerali di mica sia chiari che scuri.<\/p>\n<p>Il suo nome deriva dalla posizione geografica in cui viene estratto. Le cave si trovano a sud della stazione ferroviaria di Osogna-Cresciano, nel Canton Ticino, in Svizzera. <\/p>\n<p>La sua composizione \u00e8 la seguente: circa 60% feldspato (albite), circa 20% quarzo, circa 20% mica (pi\u00f9 biotite scura che muscovite argentea).<\/p>\n<p>Questa roccia \u00e8 altamente resistente al gelo, agli acidi e agli alcali.<\/p>\n<p><strong>Fonte principale della descrizione<\/strong><\/p>\n<p><a href=\"https:\/\/materialarchiv.ch\/de\/ma:material_367?type=all&amp;n=Grundlagen\" target=\"_blank\" rel=\"noopener\">Material-Archiv. (2023). <em>Cresciano<\/em>.<\/a><\/p>\n<p><a href=\"https:\/\/supsi.swisscovery.slsp.ch\/discovery\/fulldisplay?docid=alma991138344399705501&amp;context=L&amp;vid=41SLSP_SUP:VU1&amp;lang=it&amp;search_scope=DN_and_CI&amp;adaptor=Local%20Search%20Engine&amp;tab=41SLSP_SUPSI_DN_and_CI&amp;query=any,contains,burzer%20gneis&amp;offset=0\" target=\"_blank\" rel=\"noopener\">Burzer, K., &amp; Vernooij, M. (2016). <em>Gneis!<\/em> <em>: ein Schweizer Gestein im Kontext der Architektur<\/em>. Materialsammlung ETH Z\u00fcrich.<\/a><\/p>\n<p><strong>La fonte originaria dei valori caratteristici<\/strong><\/p>\n<p><a href=\"https:\/\/www.ongaro-graniti.ch\/DE\/Cresciano-402a4600\" target=\"_blank\" rel=\"noopener\">Link alla scheda tecnica.<\/a><\/p>\n<p><a href=\"https:\/\/slsp-supsi.primo.exlibrisgroup.com\/discovery\/fulldisplay?context=PC&amp;vid=41SLSP_SUP:VU1&amp;search_scope=DN_and_CI_unfiltered&amp;tab=DN_and_CI_unfiltered&amp;docid=cdi_globaltitleindex_catalog_268330109\" target=\"_blank\" rel=\"noopener\">Zerbi, S. (2011). <em>Construction en pierre massive en Suisse<\/em>. Ecole Polytechnique F\u00e9d\u00e9rale de Lausanne.<\/a><\/p>\n","protected":false},"excerpt":{"rendered":"<p>Il Cresciano \u00e8 uno gneiss dalla colorazione chiara, con scistosit\u00e0 che varia da debole a moderata e una grana che va da media a grossolana. \u00c8 caratterizzato dalla presenza di minerali di mica sia chiari che scuri. Il suo nome deriva dalla posizione geografica in cui viene estratto. Le cave si trovano a sud della<a class=\"more-link\" href=\"https:\/\/materioteca.dacd.supsi.ch\/it\/prodotto\/gneiss-di-cresciano\/\">Leggi tutto &#10230;<\/a><\/p>\n","protected":false},"featured_media":6476,"template":"","meta":{"_editorskit_title_hidden":false,"_editorskit_reading_time":0,"_editorskit_is_block_options_detached":false,"_editorskit_block_options_position":"{}","_crdt_document":"","inline_featured_image":false},"product_brand":[],"product_cat":[11691],"product_tag":[],"class_list":{"0":"post-2780","1":"product","2":"type-product","3":"status-publish","4":"has-post-thumbnail","6":"product_cat-naturale","7":"yith_product_brand-ongaro-co-sa-it","9":"first","10":"instock","11":"shipping-taxable","12":"product-type-simple"},"_links":{"self":[{"href":"https:\/\/materioteca.dacd.supsi.ch\/it\/wp-json\/wp\/v2\/product\/2780","targetHints":{"allow":["GET"]}}],"collection":[{"href":"https:\/\/materioteca.dacd.supsi.ch\/it\/wp-json\/wp\/v2\/product"}],"about":[{"href":"https:\/\/materioteca.dacd.supsi.ch\/it\/wp-json\/wp\/v2\/types\/product"}],"wp:featuredmedia":[{"embeddable":true,"href":"https:\/\/materioteca.dacd.supsi.ch\/it\/wp-json\/wp\/v2\/media\/6476"}],"wp:attachment":[{"href":"https:\/\/materioteca.dacd.supsi.ch\/it\/wp-json\/wp\/v2\/media?parent=2780"}],"wp:term":[{"taxonomy":"product_brand","embeddable":true,"href":"https:\/\/materioteca.dacd.supsi.ch\/it\/wp-json\/wp\/v2\/product_brand?post=2780"},{"taxonomy":"product_cat","embeddable":true,"href":"https:\/\/materioteca.dacd.supsi.ch\/it\/wp-json\/wp\/v2\/product_cat?post=2780"},{"taxonomy":"product_tag","embeddable":true,"href":"https:\/\/materioteca.dacd.supsi.ch\/it\/wp-json\/wp\/v2\/product_tag?post=2780"}],"curies":[{"name":"wp","href":"https:\/\/api.w.org\/{rel}","templated":true}]}}