{"id":3769,"date":"2023-07-13T09:53:50","date_gmt":"2023-07-13T08:53:50","guid":{"rendered":"https:\/\/materioteca.dacd.supsi.ch\/product\/truciolato-laminato-nero\/"},"modified":"2025-09-30T07:39:35","modified_gmt":"2025-09-30T06:39:35","slug":"pannello-truciolare","status":"publish","type":"product","link":"https:\/\/materioteca.dacd.supsi.ch\/it\/prodotto\/pannello-truciolare\/","title":{"rendered":"Pannello truciolare"},"content":{"rendered":"<p>I pannelli truciolari vengono ottenuti pressando una miscela di trucioli di legno e resine sintetiche ad alte temperature e sotto pressione, fino a formare pannelli solidi.<\/p>\n<p>Esistono diverse tipologie di pannelli truciolari: quelli monostrato, composti da uno strato omogeneo di trucioli distribuiti uniformemente, e quelli multistrato (a tre o pi\u00f9 strati), in cui uno strato centrale pi\u00f9 leggero \u00e8 racchiuso tra due strati superficiali pi\u00f9 densi. La compattezza dei vari strati dipende dalla granulometria dei trucioli impiegati: trucioli pi\u00f9 fini conferiscono maggiore densit\u00e0. <\/p>\n<p>La produzione avviene utilizzando legno di recupero o legni meno pregiati, come abete rosso, pino, faggio, pioppo e ontano. Questi materiali vengono frantumati attraverso grandi sfogliatrici per ottenere trucioli destinati agli strati esterni o interni. I trucioli vengono poi essiccati fino a raggiungere un\u2019umidit\u00e0 compresa tra il 3% e il 5%, quindi selezionati e miscelati con resine.  <\/p>\n<p>La composizione tipica dei pannelli truciolari comprende una percentuale di legno tenero compresa tra il 70% e il 90%, con un\u2019aggiunta fino al 20% di legni duri. Il legante, in genere una resina urea-formaldeide, costituisce tra il 5% e il 10% del totale. In alcuni casi vengono aggiunti anche agenti idrorepellenti, come paraffine, in una proporzione variabile tra lo 0,3% e il 2%.  <\/p>\n<p>Grazie al costo contenuto e alla versatilit\u00e0 d\u2019impiego, i pannelli truciolari trovano largo utilizzo nel settore dell\u2019arredamento e nella realizzazione di elementi per interni.<\/p>\n<p><strong>Fonte principale della descrizione<\/strong><\/p>\n<p><a href=\"https:\/\/materialarchiv.ch\/de\/ma:material_315?type=all\" target=\"_blank\" rel=\"noopener\">Material-Archiv. (2024). Spanplatten. Material-Archiv.<\/a><\/p>\n<p><strong>Altre fonti<\/strong><\/p>\n<p><a href=\"https:\/\/slsp-supsi.primo.exlibrisgroup.com\/discovery\/fulldisplay?docid=alma990040890200205519&amp;context=L&amp;vid=41SLSP_SUP:VU1&amp;lang=it&amp;search_scope=MyInst_and_CI&amp;adaptor=Local%20Search%20Engine&amp;tab=41SLSP_SUPSI_MyInst_and_CI&amp;query=any,contains,atlante%20del%20elgno&amp;offset=0\" target=\"_blank\" rel=\"noopener\">Natterer, J., Volz, M., Volz, M., &amp; Herzog, T. (2001). Atlante del legno ([rist.]). UTET.<\/a><\/p>\n<div class=\"csl-bib-body\">\n<div class=\"csl-entry\"><\/div>\n<\/div>\n","protected":false},"excerpt":{"rendered":"<p>I pannelli truciolari vengono ottenuti pressando una miscela di trucioli di legno e resine sintetiche ad alte temperature e sotto pressione, fino a formare pannelli solidi. Esistono diverse tipologie di pannelli truciolari: quelli monostrato, composti da uno strato omogeneo di trucioli distribuiti uniformemente, e quelli multistrato (a tre o pi\u00f9 strati), in cui uno strato<a class=\"more-link\" href=\"https:\/\/materioteca.dacd.supsi.ch\/it\/prodotto\/pannello-truciolare\/\">Leggi tutto &#10230;<\/a><\/p>\n","protected":false},"featured_media":7274,"template":"","meta":{"_editorskit_title_hidden":false,"_editorskit_reading_time":0,"_editorskit_is_block_options_detached":false,"_editorskit_block_options_position":"{}","_crdt_document":"","inline_featured_image":false},"product_brand":[],"product_cat":[12852],"product_tag":[],"class_list":{"0":"post-3769","1":"product","2":"type-product","3":"status-publish","4":"has-post-thumbnail","6":"product_cat-composito","7":"yith_product_brand-leuba-hiag-sa-it","9":"first","10":"instock","11":"shipping-taxable","12":"purchasable","13":"product-type-simple"},"_links":{"self":[{"href":"https:\/\/materioteca.dacd.supsi.ch\/it\/wp-json\/wp\/v2\/product\/3769","targetHints":{"allow":["GET"]}}],"collection":[{"href":"https:\/\/materioteca.dacd.supsi.ch\/it\/wp-json\/wp\/v2\/product"}],"about":[{"href":"https:\/\/materioteca.dacd.supsi.ch\/it\/wp-json\/wp\/v2\/types\/product"}],"wp:featuredmedia":[{"embeddable":true,"href":"https:\/\/materioteca.dacd.supsi.ch\/it\/wp-json\/wp\/v2\/media\/7274"}],"wp:attachment":[{"href":"https:\/\/materioteca.dacd.supsi.ch\/it\/wp-json\/wp\/v2\/media?parent=3769"}],"wp:term":[{"taxonomy":"product_brand","embeddable":true,"href":"https:\/\/materioteca.dacd.supsi.ch\/it\/wp-json\/wp\/v2\/product_brand?post=3769"},{"taxonomy":"product_cat","embeddable":true,"href":"https:\/\/materioteca.dacd.supsi.ch\/it\/wp-json\/wp\/v2\/product_cat?post=3769"},{"taxonomy":"product_tag","embeddable":true,"href":"https:\/\/materioteca.dacd.supsi.ch\/it\/wp-json\/wp\/v2\/product_tag?post=3769"}],"curies":[{"name":"wp","href":"https:\/\/api.w.org\/{rel}","templated":true}]}}