{"id":3786,"date":"2023-07-13T10:05:08","date_gmt":"2023-07-13T09:05:08","guid":{"rendered":"https:\/\/materioteca.dacd.supsi.ch\/product\/mdf-pieghevole\/"},"modified":"2025-09-30T07:34:03","modified_gmt":"2025-09-30T06:34:03","slug":"mdf-pieghevole","status":"publish","type":"product","link":"https:\/\/materioteca.dacd.supsi.ch\/it\/prodotto\/mdf-pieghevole\/","title":{"rendered":"MDF pieghevole"},"content":{"rendered":"<p>Il motivo WOOD-SKIN consiste in una serie di fresature che di solito attraversano la superficie in senso longitudinale; nonostante la semplicit\u00e0 delle composizioni geometriche, pu\u00f2 essere progettato e modellato in una variet\u00e0 illimitata di forme. La fase tra le fresature pu\u00f2 essere personalizzata per creare ritmi e prospettive diverse.<\/p>\n<p>Wood-Skin utilizza una nuova famiglia di materiali compositi con una struttura a sandwich: due strati di materiale rigido (MDF) in fogli, che racchiudono al loro interno uno speciale tessuto. Il processo di fabbricazione digitale avviene in un unico passaggio, trasformando il materiale in un foglio composito 3D che pu\u00f2 essere &#8220;programmato&#8221; per assumere una forma specifica. Partendo da uno stato piatto, il materiale si evolve nella terza dimensione, dove pu\u00f2 assumere una variet\u00e0 di forme e funzioni, limitate solo dall&#8217;immaginazione del designer, pur mantenendo la sua resistenza strutturale.<\/p>\n<p>Fonti<\/p>\n<p><a href=\"https:\/\/wood-skin.com\/acoustic-panels\" target=\"_blank\" rel=\"noopener\">Link alla scheda tecnica.<\/a><\/p>\n","protected":false},"excerpt":{"rendered":"<p>Il motivo WOOD-SKIN consiste in una serie di fresature che di solito attraversano la superficie in senso longitudinale; nonostante la semplicit\u00e0 delle composizioni geometriche, pu\u00f2 essere progettato e modellato in una variet\u00e0 illimitata di forme. La fase tra le fresature pu\u00f2 essere personalizzata per creare ritmi e prospettive diverse. Wood-Skin utilizza una nuova famiglia di<a class=\"more-link\" href=\"https:\/\/materioteca.dacd.supsi.ch\/it\/prodotto\/mdf-pieghevole\/\">Leggi tutto &#10230;<\/a><\/p>\n","protected":false},"featured_media":7223,"template":"","meta":{"_editorskit_title_hidden":false,"_editorskit_reading_time":0,"_editorskit_is_block_options_detached":false,"_editorskit_block_options_position":"{}","_crdt_document":"","inline_featured_image":false},"product_brand":[],"product_cat":[12852],"product_tag":[],"class_list":{"0":"post-3786","1":"product","2":"type-product","3":"status-publish","4":"has-post-thumbnail","6":"product_cat-composito","7":"yith_product_brand-wood-skin-s-r-l-it","9":"first","10":"instock","11":"shipping-taxable","12":"product-type-simple"},"_links":{"self":[{"href":"https:\/\/materioteca.dacd.supsi.ch\/it\/wp-json\/wp\/v2\/product\/3786","targetHints":{"allow":["GET"]}}],"collection":[{"href":"https:\/\/materioteca.dacd.supsi.ch\/it\/wp-json\/wp\/v2\/product"}],"about":[{"href":"https:\/\/materioteca.dacd.supsi.ch\/it\/wp-json\/wp\/v2\/types\/product"}],"wp:featuredmedia":[{"embeddable":true,"href":"https:\/\/materioteca.dacd.supsi.ch\/it\/wp-json\/wp\/v2\/media\/7223"}],"wp:attachment":[{"href":"https:\/\/materioteca.dacd.supsi.ch\/it\/wp-json\/wp\/v2\/media?parent=3786"}],"wp:term":[{"taxonomy":"product_brand","embeddable":true,"href":"https:\/\/materioteca.dacd.supsi.ch\/it\/wp-json\/wp\/v2\/product_brand?post=3786"},{"taxonomy":"product_cat","embeddable":true,"href":"https:\/\/materioteca.dacd.supsi.ch\/it\/wp-json\/wp\/v2\/product_cat?post=3786"},{"taxonomy":"product_tag","embeddable":true,"href":"https:\/\/materioteca.dacd.supsi.ch\/it\/wp-json\/wp\/v2\/product_tag?post=3786"}],"curies":[{"name":"wp","href":"https:\/\/api.w.org\/{rel}","templated":true}]}}