{"id":3835,"date":"2023-07-13T12:49:52","date_gmt":"2023-07-13T11:49:52","guid":{"rendered":"https:\/\/materioteca.dacd.supsi.ch\/product\/legno-di-castagno\/"},"modified":"2025-09-29T15:35:21","modified_gmt":"2025-09-29T14:35:21","slug":"legno-di-castagno","status":"publish","type":"product","link":"https:\/\/materioteca.dacd.supsi.ch\/it\/prodotto\/legno-di-castagno\/","title":{"rendered":"Legno di castagno"},"content":{"rendered":"<p>Il legno di castagno \u00e8 apprezzato per la sua solidit\u00e0 e lunga durata, qualit\u00e0 che lo rendono paragonabile alla quercia. Si distingue in particolare per l\u2019elevata resistenza all\u2019umidit\u00e0. Sebbene i frutti ricchi di amido dell\u2019albero siano stati per secoli una risorsa alimentare fondamentale nelle aree mediterranee, l\u2019utilizzo del legno ha rivestito un ruolo pi\u00f9 marginale.  <\/p>\n<p>Con le sue tonalit\u00e0 che spaziano dal marrone al grigio, il castagno \u00e8 un legno robusto, adatto sia ad ambienti asciutti che a contesti umidi o sommersi. Il suo commercio \u00e8 particolarmente sviluppato nelle zone mediterranee, dove \u00e8 apprezzato per la combinazione di durezza e resistenza. <\/p>\n<p>Grazie alla sua naturale capacit\u00e0 di resistere agli agenti atmosferici, il legno di castagno comune viene spesso destinato a impieghi esterni, come la costruzione di recinzioni e barriere antivalanghe. Trova inoltre un impiego rilevante nella cantieristica navale e nell\u2019ingegneria idraulica. In ambito artigianale e di falegnameria, viene utilizzato per realizzare telai di porte, soglie, infissi, sedute e rivestimenti in impiallacciatura per arredamenti interni.  <\/p>\n<p><strong>La fonte principale della descrizione e i valori caratteristici<\/strong><\/p>\n<p><a href=\"https:\/\/materialarchiv.ch\/de\/ma:material_618?type=all\" target=\"_blank\" rel=\"noopener\">Material-Archiv. (2023). Edelkastanie. Material-Archiv.<\/a><\/p>\n<p><strong>Altre fonti<\/strong><\/p>\n<p><a href=\"https:\/\/slsp-supsi.primo.exlibrisgroup.com\/discovery\/fulldisplay?docid=alma990040890200205519&amp;context=L&amp;vid=41SLSP_SUP:VU1&amp;lang=it&amp;search_scope=MyInst_and_CI&amp;adaptor=Local%20Search%20Engine&amp;tab=41SLSP_SUPSI_MyInst_and_CI&amp;query=any,contains,atlante%20del%20elgno&amp;offset=0\" target=\"_blank\" rel=\"noopener\">Natterer, J., Volz, M., Volz, M., &amp; Herzog, T. (2001). Atlante del legno ([rist.]). UTET.<\/a><\/p>\n","protected":false},"excerpt":{"rendered":"<p>Il legno di castagno \u00e8 apprezzato per la sua solidit\u00e0 e lunga durata, qualit\u00e0 che lo rendono paragonabile alla quercia. Si distingue in particolare per l\u2019elevata resistenza all\u2019umidit\u00e0. Sebbene i frutti ricchi di amido dell\u2019albero siano stati per secoli una risorsa alimentare fondamentale nelle aree mediterranee, l\u2019utilizzo del legno ha rivestito un ruolo pi\u00f9 marginale.<a class=\"more-link\" href=\"https:\/\/materioteca.dacd.supsi.ch\/it\/prodotto\/legno-di-castagno\/\">Leggi tutto &#10230;<\/a><\/p>\n","protected":false},"featured_media":7103,"template":"","meta":{"_editorskit_title_hidden":false,"_editorskit_reading_time":0,"_editorskit_is_block_options_detached":false,"_editorskit_block_options_position":"{}","_crdt_document":"","inline_featured_image":false},"product_brand":[],"product_cat":[11691],"product_tag":[],"class_list":{"0":"post-3835","1":"product","2":"type-product","3":"status-publish","4":"has-post-thumbnail","6":"product_cat-naturale","7":"yith_product_brand-lignum-holzwirtschaft-schweiz-it","9":"first","10":"instock","11":"shipping-taxable","12":"product-type-simple"},"_links":{"self":[{"href":"https:\/\/materioteca.dacd.supsi.ch\/it\/wp-json\/wp\/v2\/product\/3835","targetHints":{"allow":["GET"]}}],"collection":[{"href":"https:\/\/materioteca.dacd.supsi.ch\/it\/wp-json\/wp\/v2\/product"}],"about":[{"href":"https:\/\/materioteca.dacd.supsi.ch\/it\/wp-json\/wp\/v2\/types\/product"}],"wp:featuredmedia":[{"embeddable":true,"href":"https:\/\/materioteca.dacd.supsi.ch\/it\/wp-json\/wp\/v2\/media\/7103"}],"wp:attachment":[{"href":"https:\/\/materioteca.dacd.supsi.ch\/it\/wp-json\/wp\/v2\/media?parent=3835"}],"wp:term":[{"taxonomy":"product_brand","embeddable":true,"href":"https:\/\/materioteca.dacd.supsi.ch\/it\/wp-json\/wp\/v2\/product_brand?post=3835"},{"taxonomy":"product_cat","embeddable":true,"href":"https:\/\/materioteca.dacd.supsi.ch\/it\/wp-json\/wp\/v2\/product_cat?post=3835"},{"taxonomy":"product_tag","embeddable":true,"href":"https:\/\/materioteca.dacd.supsi.ch\/it\/wp-json\/wp\/v2\/product_tag?post=3835"}],"curies":[{"name":"wp","href":"https:\/\/api.w.org\/{rel}","templated":true}]}}