{"id":3878,"date":"2023-07-13T13:08:50","date_gmt":"2023-07-13T12:08:50","guid":{"rendered":"https:\/\/materioteca.dacd.supsi.ch\/product\/legno-di-acero\/"},"modified":"2025-09-29T15:26:30","modified_gmt":"2025-09-29T14:26:30","slug":"legno-di-acero","status":"publish","type":"product","link":"https:\/\/materioteca.dacd.supsi.ch\/it\/prodotto\/legno-di-acero\/","title":{"rendered":"Legno di acero"},"content":{"rendered":"<p>Nel mondo si contano circa 150-200 specie diverse di acero. Tra quelle presenti in Europa, l\u2019acero platano \u00e8 la variet\u00e0 pi\u00f9 rilevante per la produzione di legname, ed \u00e8 considerato uno dei legni duri locali di maggiore qualit\u00e0. Tuttavia, la quantit\u00e0 disponibile di acero europeo \u00e8 piuttosto limitata rispetto a quella delle variet\u00e0 nordamericane, motivo per cui spesso il legname viene importato da altri continenti.  <\/p>\n<p>Il legno d\u2019acero viene utilizzato nella produzione di pannelli truciolari, impiallacciature, parquet, giocattoli, nonch\u00e9 in lavorazioni di falegnameria fine, come nella costruzione di mobili.<\/p>\n<p>Questo legno si caratterizza per la sua colorazione chiara, una densit\u00e0 media e buona resistenza meccanica, oltre a non avere un odore marcato. \u00c8 resistente alla compressione, ha una rigidezza moderata alla flessione e si presta bene alla modellazione. Si essicca rapidamente, presenta una ridotta tendenza al ritiro, ma pu\u00f2 andare incontro a scolorimenti. Risulta adatto solo per ambienti interni, poich\u00e9 non tollera bene l\u2019esposizione agli agenti atmosferici.   <\/p>\n<p><strong>Fonte principale della descrizione<\/strong><\/p>\n<p><a href=\"https:\/\/materialarchiv.ch\/de\/ma:material_284?type=all&amp;n=Grundlagen\" target=\"_blank\" rel=\"noopener\">Material-Archiv. Ahorn. Material-Archiv.<\/a><\/p>\n<p><strong>Altre fonti<\/strong><\/p>\n<p><a href=\"https:\/\/slsp-supsi.primo.exlibrisgroup.com\/discovery\/fulldisplay?docid=alma990040890200205519&amp;context=L&amp;vid=41SLSP_SUP:VU1&amp;lang=it&amp;search_scope=MyInst_and_CI&amp;adaptor=Local%20Search%20Engine&amp;tab=41SLSP_SUPSI_MyInst_and_CI&amp;query=any,contains,atlante%20del%20elgno&amp;offset=0\" target=\"_blank\" rel=\"noopener\">Natterer, J., Volz, M., Volz, M., &amp; Herzog, T. (2001). Atlante del legno ([rist.]). UTET.<\/a><\/p>\n","protected":false},"excerpt":{"rendered":"<p>Nel mondo si contano circa 150-200 specie diverse di acero. Tra quelle presenti in Europa, l\u2019acero platano \u00e8 la variet\u00e0 pi\u00f9 rilevante per la produzione di legname, ed \u00e8 considerato uno dei legni duri locali di maggiore qualit\u00e0. Tuttavia, la quantit\u00e0 disponibile di acero europeo \u00e8 piuttosto limitata rispetto a quella delle variet\u00e0 nordamericane, motivo<a class=\"more-link\" href=\"https:\/\/materioteca.dacd.supsi.ch\/it\/prodotto\/legno-di-acero\/\">Leggi tutto &#10230;<\/a><\/p>\n","protected":false},"featured_media":7067,"template":"","meta":{"_editorskit_title_hidden":false,"_editorskit_reading_time":0,"_editorskit_is_block_options_detached":false,"_editorskit_block_options_position":"{}","_crdt_document":"","inline_featured_image":false},"product_brand":[],"product_cat":[11691],"product_tag":[],"class_list":{"0":"post-3878","1":"product","2":"type-product","3":"status-publish","4":"has-post-thumbnail","6":"product_cat-naturale","7":"yith_product_brand-lignum-holzwirtschaft-schweiz-it","9":"first","10":"instock","11":"shipping-taxable","12":"product-type-simple"},"_links":{"self":[{"href":"https:\/\/materioteca.dacd.supsi.ch\/it\/wp-json\/wp\/v2\/product\/3878","targetHints":{"allow":["GET"]}}],"collection":[{"href":"https:\/\/materioteca.dacd.supsi.ch\/it\/wp-json\/wp\/v2\/product"}],"about":[{"href":"https:\/\/materioteca.dacd.supsi.ch\/it\/wp-json\/wp\/v2\/types\/product"}],"wp:featuredmedia":[{"embeddable":true,"href":"https:\/\/materioteca.dacd.supsi.ch\/it\/wp-json\/wp\/v2\/media\/7067"}],"wp:attachment":[{"href":"https:\/\/materioteca.dacd.supsi.ch\/it\/wp-json\/wp\/v2\/media?parent=3878"}],"wp:term":[{"taxonomy":"product_brand","embeddable":true,"href":"https:\/\/materioteca.dacd.supsi.ch\/it\/wp-json\/wp\/v2\/product_brand?post=3878"},{"taxonomy":"product_cat","embeddable":true,"href":"https:\/\/materioteca.dacd.supsi.ch\/it\/wp-json\/wp\/v2\/product_cat?post=3878"},{"taxonomy":"product_tag","embeddable":true,"href":"https:\/\/materioteca.dacd.supsi.ch\/it\/wp-json\/wp\/v2\/product_tag?post=3878"}],"curies":[{"name":"wp","href":"https:\/\/api.w.org\/{rel}","templated":true}]}}