{"id":3910,"date":"2023-07-13T13:41:09","date_gmt":"2023-07-13T12:41:09","guid":{"rendered":"https:\/\/materioteca.dacd.supsi.ch\/product\/legno-di-abete-bianco\/"},"modified":"2025-09-29T15:23:21","modified_gmt":"2025-09-29T14:23:21","slug":"legno-di-abete-bianco","status":"publish","type":"product","link":"https:\/\/materioteca.dacd.supsi.ch\/it\/prodotto\/legno-di-abete-bianco\/","title":{"rendered":"Legno di abete bianco"},"content":{"rendered":"<p>Il legno di abete presenta caratteristiche molto simili a quelle dell\u2019abete rosso, tanto che entrambi vengono spesso commercializzati insieme senza differenze. Si tratta di un legno di conifera estremamente versatile. <\/p>\n<p>L\u2019abete viene largamente impiegato nell\u2019edilizia, in particolare in opere di ingegneria, ma trova anche applicazione nell\u2019arredamento d\u2019interni, ad esempio per pavimentazioni, rivestimenti a soffitto, scale e infissi.<\/p>\n<p>Viene inoltre utilizzato nella fabbricazione di mobili, pannelli truciolari, legno lamellare, fibra di legno, cellulosa e carta.<\/p>\n<p>Il colore dell\u2019abete varia dal giallo chiaro al bianco con sfumature rossastre, accompagnato da una tipica lucentezza grigiastra e dalla presenza frequente di nodi. Questo legno \u00e8 tenero, leggero, flessibile e quasi privo di resina. <\/p>\n<p>\u00c8 apprezzato per la sua buona stabilit\u00e0 dimensionale, grazie alla scarsa propensione a spaccarsi o deformarsi. Inoltre, mostra una discreta resistenza agli agenti chimici come acidi e basi. Tuttavia, la sua durabilit\u00e0 naturale \u00e8 piuttosto limitata: \u00e8 vulnerabile all\u2019attacco di funghi e insetti, soggetto all\u2019imbrunimento da macchie blu ed \u00e8 solo moderatamente resistente all\u2019azione degli agenti atmosferici.  <\/p>\n<p><strong>Fonte principale della descrizione<\/strong><\/p>\n<p><a href=\"https:\/\/materialarchiv.ch\/de\/ma:material_557?type=all\" target=\"_blank\" rel=\"noopener\">Material-Archiv. (2023). Tanne, Weisstanne. Material-Archiv.<\/a><\/p>\n<p><strong>Altre fonti<\/strong><\/p>\n<p><a href=\"https:\/\/slsp-supsi.primo.exlibrisgroup.com\/discovery\/fulldisplay?docid=alma990040890200205519&amp;context=L&amp;vid=41SLSP_SUP:VU1&amp;lang=it&amp;search_scope=MyInst_and_CI&amp;adaptor=Local%20Search%20Engine&amp;tab=41SLSP_SUPSI_MyInst_and_CI&amp;query=any,contains,atlante%20del%20elgno&amp;offset=0\" target=\"_blank\" rel=\"noopener\">Natterer, J., Volz, M., Volz, M., &amp; Herzog, T. (2001). Atlante del legno ([rist.]). UTET.<\/a><\/p>\n","protected":false},"excerpt":{"rendered":"<p>Il legno di abete presenta caratteristiche molto simili a quelle dell\u2019abete rosso, tanto che entrambi vengono spesso commercializzati insieme senza differenze. Si tratta di un legno di conifera estremamente versatile. L\u2019abete viene largamente impiegato nell\u2019edilizia, in particolare in opere di ingegneria, ma trova anche applicazione nell\u2019arredamento d\u2019interni, ad esempio per pavimentazioni, rivestimenti a soffitto, scale<a class=\"more-link\" href=\"https:\/\/materioteca.dacd.supsi.ch\/it\/prodotto\/legno-di-abete-bianco\/\">Leggi tutto &#10230;<\/a><\/p>\n","protected":false},"featured_media":7025,"template":"","meta":{"_editorskit_title_hidden":false,"_editorskit_reading_time":0,"_editorskit_is_block_options_detached":false,"_editorskit_block_options_position":"{}","_crdt_document":"","inline_featured_image":false},"product_brand":[],"product_cat":[11691],"product_tag":[],"class_list":{"0":"post-3910","1":"product","2":"type-product","3":"status-publish","4":"has-post-thumbnail","6":"product_cat-naturale","7":"yith_product_brand-lignum-holzwirtschaft-schweiz-it","9":"first","10":"instock","11":"shipping-taxable","12":"product-type-simple"},"_links":{"self":[{"href":"https:\/\/materioteca.dacd.supsi.ch\/it\/wp-json\/wp\/v2\/product\/3910","targetHints":{"allow":["GET"]}}],"collection":[{"href":"https:\/\/materioteca.dacd.supsi.ch\/it\/wp-json\/wp\/v2\/product"}],"about":[{"href":"https:\/\/materioteca.dacd.supsi.ch\/it\/wp-json\/wp\/v2\/types\/product"}],"wp:featuredmedia":[{"embeddable":true,"href":"https:\/\/materioteca.dacd.supsi.ch\/it\/wp-json\/wp\/v2\/media\/7025"}],"wp:attachment":[{"href":"https:\/\/materioteca.dacd.supsi.ch\/it\/wp-json\/wp\/v2\/media?parent=3910"}],"wp:term":[{"taxonomy":"product_brand","embeddable":true,"href":"https:\/\/materioteca.dacd.supsi.ch\/it\/wp-json\/wp\/v2\/product_brand?post=3910"},{"taxonomy":"product_cat","embeddable":true,"href":"https:\/\/materioteca.dacd.supsi.ch\/it\/wp-json\/wp\/v2\/product_cat?post=3910"},{"taxonomy":"product_tag","embeddable":true,"href":"https:\/\/materioteca.dacd.supsi.ch\/it\/wp-json\/wp\/v2\/product_tag?post=3910"}],"curies":[{"name":"wp","href":"https:\/\/api.w.org\/{rel}","templated":true}]}}