{"id":3948,"date":"2023-07-13T14:28:03","date_gmt":"2023-07-13T13:28:03","guid":{"rendered":"https:\/\/materioteca.dacd.supsi.ch\/?post_type=product&#038;p=3948"},"modified":"2025-09-29T15:18:21","modified_gmt":"2025-09-29T14:18:21","slug":"legno-di-faggio","status":"publish","type":"product","link":"https:\/\/materioteca.dacd.supsi.ch\/it\/prodotto\/legno-di-faggio\/","title":{"rendered":"Legno di faggio"},"content":{"rendered":"<p>In Svizzera, il faggio europeo rappresenta la specie arborea pi\u00f9 diffusa.<\/p>\n<p>Il suo legno si distingue per una colorazione uniforme sull&#8217;intera sezione trasversale del tronco, con sfumature che vanno dal crema chiaro al rosa-marrone. Tuttavia, non \u00e8 molto resistente all&#8217;umidit\u00e0: tende a marcire velocemente se esposto all&#8217;esterno e pu\u00f2 assumere tonalit\u00e0 bluastre quando viene attaccato da specifiche muffe, mostrando una notevole sensibilit\u00e0 a livello cromatico e strutturale. <\/p>\n<p>Il legno di faggio trova ampio impiego nella produzione di mobili e arredamenti per interni, ma anche nella realizzazione di attrezzi sportivi, giocattoli e pannelli lamellari, come aste e tavole. Inoltre, viene spesso utilizzato per la fabbricazione di impiallacciature e compensati, attraverso processi di sfogliatura e taglio. <\/p>\n<p>Negli ultimi anni, il faggio ha acquisito crescente importanza anche come fonte per l\u2019industria chimica. Dal suo legno si ricava cellulosa di pregio, impiegata nella produzione di fibre sintetiche. Inoltre, la sua cenere, ricca di composti a base di potassio, viene valorizzata come eccellente base per la produzione di soda.  <\/p>\n<p>Il legno di faggio \u00e8 soggetto a infestazioni di funghi e insetti, coleotteri roditori e termiti.<\/p>\n<p><strong>La fonte principale della descrizione<\/strong><\/p>\n<p><a href=\"https:\/\/materialarchiv.ch\/de\/ma:material_263?type=all\" target=\"_blank\" rel=\"noopener\">Material-Archiv. (2024). Buche.<\/a><\/p>\n<p><strong>Altre fonti<\/strong><\/p>\n<p><a href=\"https:\/\/slsp-supsi.primo.exlibrisgroup.com\/discovery\/fulldisplay?docid=alma990040890200205519&amp;context=L&amp;vid=41SLSP_SUP:VU1&amp;lang=it&amp;search_scope=MyInst_and_CI&amp;adaptor=Local%20Search%20Engine&amp;tab=41SLSP_SUPSI_MyInst_and_CI&amp;query=any,contains,atlante%20del%20elgno&amp;offset=0\" target=\"_blank\" rel=\"noopener\">Natterer, J., Volz, M., Volz, M., &amp; Herzog, T. (2001). Atlante del legno ([rist.]). UTET.<\/a><\/p>\n<p>&nbsp;<\/p>\n","protected":false},"excerpt":{"rendered":"<p>In Svizzera, il faggio europeo rappresenta la specie arborea pi\u00f9 diffusa. Il suo legno si distingue per una colorazione uniforme sull&#8217;intera sezione trasversale del tronco, con sfumature che vanno dal crema chiaro al rosa-marrone. Tuttavia, non \u00e8 molto resistente all&#8217;umidit\u00e0: tende a marcire velocemente se esposto all&#8217;esterno e pu\u00f2 assumere tonalit\u00e0 bluastre quando viene attaccato<a class=\"more-link\" href=\"https:\/\/materioteca.dacd.supsi.ch\/it\/prodotto\/legno-di-faggio\/\">Leggi tutto &#10230;<\/a><\/p>\n","protected":false},"featured_media":6698,"template":"","meta":{"_editorskit_title_hidden":false,"_editorskit_reading_time":0,"_editorskit_is_block_options_detached":false,"_editorskit_block_options_position":"{}","_crdt_document":"","inline_featured_image":false},"product_brand":[],"product_cat":[11691],"product_tag":[],"class_list":{"0":"post-3948","1":"product","2":"type-product","3":"status-publish","4":"has-post-thumbnail","6":"product_cat-naturale","7":"yith_product_brand-lignum-holzwirtschaft-schweiz-it","9":"first","10":"instock","11":"shipping-taxable","12":"product-type-simple"},"_links":{"self":[{"href":"https:\/\/materioteca.dacd.supsi.ch\/it\/wp-json\/wp\/v2\/product\/3948","targetHints":{"allow":["GET"]}}],"collection":[{"href":"https:\/\/materioteca.dacd.supsi.ch\/it\/wp-json\/wp\/v2\/product"}],"about":[{"href":"https:\/\/materioteca.dacd.supsi.ch\/it\/wp-json\/wp\/v2\/types\/product"}],"wp:featuredmedia":[{"embeddable":true,"href":"https:\/\/materioteca.dacd.supsi.ch\/it\/wp-json\/wp\/v2\/media\/6698"}],"wp:attachment":[{"href":"https:\/\/materioteca.dacd.supsi.ch\/it\/wp-json\/wp\/v2\/media?parent=3948"}],"wp:term":[{"taxonomy":"product_brand","embeddable":true,"href":"https:\/\/materioteca.dacd.supsi.ch\/it\/wp-json\/wp\/v2\/product_brand?post=3948"},{"taxonomy":"product_cat","embeddable":true,"href":"https:\/\/materioteca.dacd.supsi.ch\/it\/wp-json\/wp\/v2\/product_cat?post=3948"},{"taxonomy":"product_tag","embeddable":true,"href":"https:\/\/materioteca.dacd.supsi.ch\/it\/wp-json\/wp\/v2\/product_tag?post=3948"}],"curies":[{"name":"wp","href":"https:\/\/api.w.org\/{rel}","templated":true}]}}