{"id":3989,"date":"2023-07-13T14:35:28","date_gmt":"2023-07-13T13:35:28","guid":{"rendered":"https:\/\/materioteca.dacd.supsi.ch\/?post_type=product&#038;p=3989"},"modified":"2025-09-29T15:14:33","modified_gmt":"2025-09-29T14:14:33","slug":"legno-di-abete-rosso","status":"publish","type":"product","link":"https:\/\/materioteca.dacd.supsi.ch\/it\/prodotto\/legno-di-abete-rosso\/","title":{"rendered":"Legno di abete rosso"},"content":{"rendered":"<p>L\u2019abete rosso \u00e8 la conifera pi\u00f9 comune e rilevante dal punto di vista economico in Europa. Da sempre \u00e8 impiegato come materiale da costruzione, trovando largo uso sia in applicazioni esterne che, soprattutto, negli interni. Riveste un ruolo chiave anche nell\u2019industria del compensato e nella realizzazione di strumenti musicali di pregio.  <\/p>\n<p>Viene utilizzato prevalentemente nella produzione di mobili e arredamento interno, come rivestimenti e pavimenti. Una parte del legname raccolto \u00e8 destinata alla fabbricazione di pasta di legno oppure trasformata in legno tecnico o cippato. <\/p>\n<p>Il legno di abete rosso si presenta con una colorazione chiara e uniforme, priva di distinzione tra durame e alburno. Il legno formato nelle prime fasi di crescita e quello tardivo mostrano tonalit\u00e0 che variano dal giallognolo al bianco-rosato, facilmente distinguibili. Con il tempo, tende a ingiallire, assumendo una tonalit\u00e0 calda simile al miele. Si tratta di un materiale tenero, leggero e piuttosto ricco di resina, che offre un buon equilibrio tra resistenza ed elasticit\u00e0 rispetto alla sua bassa densit\u00e0.   <\/p>\n<p>Tuttavia, la durabilit\u00e0 naturale dell\u2019abete rosso \u00e8 limitata: \u00e8 vulnerabile agli attacchi di funghi e insetti, e non tollera bene l\u2019esposizione agli agenti atmosferici. Mostra invece una discreta resistenza nei confronti di acidi e basi deboli. <\/p>\n<p><strong>Fonte principale della descrizione<\/strong><\/p>\n<p><a href=\"https:\/\/materialarchiv.ch\/de\/ma:material_556?type=all\" target=\"_blank\" rel=\"noopener\">Material-Archiv. (2023). Fichte. Material-Archiv.<\/a><\/p>\n<p><strong>Altre fonti<\/strong><\/p>\n<p><a href=\"https:\/\/slsp-supsi.primo.exlibrisgroup.com\/discovery\/fulldisplay?docid=alma990040890200205519&amp;context=L&amp;vid=41SLSP_SUP:VU1&amp;lang=it&amp;search_scope=MyInst_and_CI&amp;adaptor=Local%20Search%20Engine&amp;tab=41SLSP_SUPSI_MyInst_and_CI&amp;query=any,contains,atlante%20del%20elgno&amp;offset=0\" target=\"_blank\" rel=\"noopener\">Natterer, J., Volz, M., Volz, M., &amp; Herzog, T. (2001). Atlante del legno ([rist.]). UTET.<\/a><\/p>\n","protected":false},"excerpt":{"rendered":"<p>L\u2019abete rosso \u00e8 la conifera pi\u00f9 comune e rilevante dal punto di vista economico in Europa. Da sempre \u00e8 impiegato come materiale da costruzione, trovando largo uso sia in applicazioni esterne che, soprattutto, negli interni. Riveste un ruolo chiave anche nell\u2019industria del compensato e nella realizzazione di strumenti musicali di pregio. Viene utilizzato prevalentemente nella<a class=\"more-link\" href=\"https:\/\/materioteca.dacd.supsi.ch\/it\/prodotto\/legno-di-abete-rosso\/\">Leggi tutto &#10230;<\/a><\/p>\n","protected":false},"featured_media":7040,"template":"","meta":{"_editorskit_title_hidden":false,"_editorskit_reading_time":0,"_editorskit_is_block_options_detached":false,"_editorskit_block_options_position":"{}","_crdt_document":"","inline_featured_image":false},"product_brand":[],"product_cat":[11691],"product_tag":[],"class_list":{"0":"post-3989","1":"product","2":"type-product","3":"status-publish","4":"has-post-thumbnail","6":"product_cat-naturale","7":"yith_product_brand-lignum-holzwirtschaft-schweiz-it","9":"first","10":"instock","11":"shipping-taxable","12":"product-type-simple"},"_links":{"self":[{"href":"https:\/\/materioteca.dacd.supsi.ch\/it\/wp-json\/wp\/v2\/product\/3989","targetHints":{"allow":["GET"]}}],"collection":[{"href":"https:\/\/materioteca.dacd.supsi.ch\/it\/wp-json\/wp\/v2\/product"}],"about":[{"href":"https:\/\/materioteca.dacd.supsi.ch\/it\/wp-json\/wp\/v2\/types\/product"}],"wp:featuredmedia":[{"embeddable":true,"href":"https:\/\/materioteca.dacd.supsi.ch\/it\/wp-json\/wp\/v2\/media\/7040"}],"wp:attachment":[{"href":"https:\/\/materioteca.dacd.supsi.ch\/it\/wp-json\/wp\/v2\/media?parent=3989"}],"wp:term":[{"taxonomy":"product_brand","embeddable":true,"href":"https:\/\/materioteca.dacd.supsi.ch\/it\/wp-json\/wp\/v2\/product_brand?post=3989"},{"taxonomy":"product_cat","embeddable":true,"href":"https:\/\/materioteca.dacd.supsi.ch\/it\/wp-json\/wp\/v2\/product_cat?post=3989"},{"taxonomy":"product_tag","embeddable":true,"href":"https:\/\/materioteca.dacd.supsi.ch\/it\/wp-json\/wp\/v2\/product_tag?post=3989"}],"curies":[{"name":"wp","href":"https:\/\/api.w.org\/{rel}","templated":true}]}}