{"id":4031,"date":"2023-07-13T14:46:35","date_gmt":"2023-07-13T13:46:35","guid":{"rendered":"https:\/\/materioteca.dacd.supsi.ch\/?post_type=product&#038;p=4031"},"modified":"2025-09-29T15:07:34","modified_gmt":"2025-09-29T14:07:34","slug":"legno-di-larice","status":"publish","type":"product","link":"https:\/\/materioteca.dacd.supsi.ch\/it\/prodotto\/legno-di-larice\/","title":{"rendered":"Legno di larice"},"content":{"rendered":"<p>Il larice, appartenente alla famiglia delle Pinaceae, \u00e8 una conifera nota per la sua eccezionale resistenza. Tra le conifere, \u00e8 una delle specie pi\u00f9 dure e durevoli, caratteristiche che lo rendono perfetto sia per applicazioni interne che esterne.<\/p>\n<p>Il legno di larice si distingue per la sua robustezza, elasticit\u00e0 e bellezza naturale, qualit\u00e0 che lo rendono ideale per la realizzazione di serramenti come porte e finestre. Invecchia in modo naturale e, grazie alla sua composizione, offre un&#8217;elevata resistenza agli agenti atmosferici anche senza trattamenti protettivi.<\/p>\n<p>Questo legno \u00e8 impiegato in una vasta gamma di utilizzi: viene usato per mobili, pavimenti, rivestimenti e impiallacciature. In ambito edilizio e strutturale trova applicazione in scale, porte, finestre, ma anche in opere pi\u00f9 complesse come ponti, barche e strutture idrauliche.<\/p>\n<p>Dal punto di vista cromatico, l\u2019alburno ha una tonalit\u00e0 bianco-giallastra, mentre il durame si presenta con una colorazione marrone rossastra. Il legno tardivo, pi\u00f9 scuro, tende a diventare rosso-bruno con il tempo e l\u2019esposizione alla luce, conferendo al materiale un aspetto ancora pi\u00f9 marcato e caratteristico.<\/p>\n<p>Grazie ai suoi composti naturali, il larice offre un\u2019ottima resistenza all\u2019umidit\u00e0, agli agenti atmosferici, agli acidi e agli alcali. \u00c8 inoltre poco vulnerabile all\u2019attacco di insetti xilofagi e funghi, rendendolo una scelta affidabile per ambienti difficili.<\/p>\n<p><strong>La fonte principale della descrizione<\/strong><\/p>\n<p><a href=\"https:\/\/materialarchiv.ch\/de\/ma:material_526?type=all\" target=\"_blank\" rel=\"noopener\">Material-Archiv. (2024). L\u00e4rche. Material-Archiv.<\/a><\/p>\n<p><strong>Altre fonti<\/strong><\/p>\n<p><a href=\"https:\/\/slsp-supsi.primo.exlibrisgroup.com\/discovery\/fulldisplay?docid=alma990040890200205519&amp;context=L&amp;vid=41SLSP_SUP:VU1&amp;lang=it&amp;search_scope=MyInst_and_CI&amp;adaptor=Local%20Search%20Engine&amp;tab=41SLSP_SUPSI_MyInst_and_CI&amp;query=any,contains,atlante%20del%20elgno&amp;offset=0\" target=\"_blank\" rel=\"noopener\">Natterer, J., Volz, M., Volz, M., &amp; Herzog, T. (2001). Atlante del legno ([rist.]). UTET.<\/a><\/p>\n","protected":false},"excerpt":{"rendered":"<p>Il larice, appartenente alla famiglia delle Pinaceae, \u00e8 una conifera nota per la sua eccezionale resistenza. Tra le conifere, \u00e8 una delle specie pi\u00f9 dure e durevoli, caratteristiche che lo rendono perfetto sia per applicazioni interne che esterne. Il legno di larice si distingue per la sua robustezza, elasticit\u00e0 e bellezza naturale, qualit\u00e0 che lo<a class=\"more-link\" href=\"https:\/\/materioteca.dacd.supsi.ch\/it\/prodotto\/legno-di-larice\/\">Leggi tutto &#10230;<\/a><\/p>\n","protected":false},"featured_media":7160,"template":"","meta":{"_editorskit_title_hidden":false,"_editorskit_reading_time":0,"_editorskit_is_block_options_detached":false,"_editorskit_block_options_position":"{}","_crdt_document":"","inline_featured_image":false},"product_brand":[],"product_cat":[11691],"product_tag":[],"class_list":{"0":"post-4031","1":"product","2":"type-product","3":"status-publish","4":"has-post-thumbnail","6":"product_cat-naturale","7":"yith_product_brand-lignum-holzwirtschaft-schweiz-it","9":"first","10":"instock","11":"shipping-taxable","12":"product-type-simple"},"_links":{"self":[{"href":"https:\/\/materioteca.dacd.supsi.ch\/it\/wp-json\/wp\/v2\/product\/4031","targetHints":{"allow":["GET"]}}],"collection":[{"href":"https:\/\/materioteca.dacd.supsi.ch\/it\/wp-json\/wp\/v2\/product"}],"about":[{"href":"https:\/\/materioteca.dacd.supsi.ch\/it\/wp-json\/wp\/v2\/types\/product"}],"wp:featuredmedia":[{"embeddable":true,"href":"https:\/\/materioteca.dacd.supsi.ch\/it\/wp-json\/wp\/v2\/media\/7160"}],"wp:attachment":[{"href":"https:\/\/materioteca.dacd.supsi.ch\/it\/wp-json\/wp\/v2\/media?parent=4031"}],"wp:term":[{"taxonomy":"product_brand","embeddable":true,"href":"https:\/\/materioteca.dacd.supsi.ch\/it\/wp-json\/wp\/v2\/product_brand?post=4031"},{"taxonomy":"product_cat","embeddable":true,"href":"https:\/\/materioteca.dacd.supsi.ch\/it\/wp-json\/wp\/v2\/product_cat?post=4031"},{"taxonomy":"product_tag","embeddable":true,"href":"https:\/\/materioteca.dacd.supsi.ch\/it\/wp-json\/wp\/v2\/product_tag?post=4031"}],"curies":[{"name":"wp","href":"https:\/\/api.w.org\/{rel}","templated":true}]}}