{"id":4133,"date":"2023-07-13T15:08:28","date_gmt":"2023-07-13T14:08:28","guid":{"rendered":"https:\/\/materioteca.dacd.supsi.ch\/?post_type=product&#038;p=4133"},"modified":"2025-09-29T15:01:41","modified_gmt":"2025-09-29T14:01:41","slug":"legno-di-noce-europeo","status":"publish","type":"product","link":"https:\/\/materioteca.dacd.supsi.ch\/it\/prodotto\/legno-di-noce-europeo\/","title":{"rendered":"Legno di noce europeo"},"content":{"rendered":"<p>Il noce \u00e8 considerato da secoli uno dei legni pi\u00f9 pregiati e apprezzati, in particolare per l\u2019arredamento di alta qualit\u00e0 e il design d\u2019interni.<\/p>\n<p>Questo legno si caratterizza per una tessitura fine e una venatura lunga, oltre a una durezza media. \u00c8 un materiale resistente alla compressione, tenace, flessibile e dotato di una leggera elasticit\u00e0. A renderlo cos\u00ec ricercato contribuiscono anche il suo aspetto elegante e il colore naturalmente scuro, che pu\u00f2 variare notevolmente da un pezzo all\u2019altro, offrendo venature e disegni unici. Quando \u00e8 fresco, emana un odore leggermente acre e presenta spesso sottili striature centrali.   <\/p>\n<p>Il noce viene impiegato soprattutto in interni, trasformato in impiallacciature pregiate per mobili, rivestimenti e superfici di design. \u00c8 inoltre molto usato nella tornitura e nella costruzione di strumenti musicali, grazie alla sua lavorabilit\u00e0 e alle qualit\u00e0 acustiche. <\/p>\n<p>Nonostante la sua bellezza, il legno di noce, in particolare l\u2019alburno, \u00e8 poco resistente agli agenti atmosferici ed \u00e8 vulnerabile all\u2019attacco di funghi, rendendolo inadatto a usi esterni senza adeguata protezione.<\/p>\n<p><strong>Fonte principale della descrizione<\/strong><\/p>\n<p><a href=\"https:\/\/materialarchiv.ch\/de\/ma:material_532?type=all&amp;n=Grundlagen\" target=\"_blank\" rel=\"noopener\">Material-Archiv. Nussbaum. Material-Archiv.<\/a><\/p>\n<p><strong>Altre fonti<\/strong><\/p>\n<p><a href=\"https:\/\/slsp-supsi.primo.exlibrisgroup.com\/discovery\/fulldisplay?docid=alma990040890200205519&amp;context=L&amp;vid=41SLSP_SUP:VU1&amp;lang=it&amp;search_scope=MyInst_and_CI&amp;adaptor=Local%20Search%20Engine&amp;tab=41SLSP_SUPSI_MyInst_and_CI&amp;query=any,contains,atlante%20del%20elgno&amp;offset=0\" target=\"_blank\" rel=\"noopener\">Natterer, J., Volz, M., Volz, M., &amp; Herzog, T. (2001). Atlante del legno ([rist.]). UTET.<\/a><\/p>\n","protected":false},"excerpt":{"rendered":"<p>Il noce \u00e8 considerato da secoli uno dei legni pi\u00f9 pregiati e apprezzati, in particolare per l\u2019arredamento di alta qualit\u00e0 e il design d\u2019interni. Questo legno si caratterizza per una tessitura fine e una venatura lunga, oltre a una durezza media. \u00c8 un materiale resistente alla compressione, tenace, flessibile e dotato di una leggera elasticit\u00e0.<a class=\"more-link\" href=\"https:\/\/materioteca.dacd.supsi.ch\/it\/prodotto\/legno-di-noce-europeo\/\">Leggi tutto &#10230;<\/a><\/p>\n","protected":false},"featured_media":7238,"template":"","meta":{"_editorskit_title_hidden":false,"_editorskit_reading_time":0,"_editorskit_is_block_options_detached":false,"_editorskit_block_options_position":"{}","_crdt_document":"","inline_featured_image":false},"product_brand":[],"product_cat":[11691],"product_tag":[],"class_list":{"0":"post-4133","1":"product","2":"type-product","3":"status-publish","4":"has-post-thumbnail","6":"product_cat-naturale","8":"first","9":"instock","10":"shipping-taxable","11":"product-type-simple"},"_links":{"self":[{"href":"https:\/\/materioteca.dacd.supsi.ch\/it\/wp-json\/wp\/v2\/product\/4133","targetHints":{"allow":["GET"]}}],"collection":[{"href":"https:\/\/materioteca.dacd.supsi.ch\/it\/wp-json\/wp\/v2\/product"}],"about":[{"href":"https:\/\/materioteca.dacd.supsi.ch\/it\/wp-json\/wp\/v2\/types\/product"}],"wp:featuredmedia":[{"embeddable":true,"href":"https:\/\/materioteca.dacd.supsi.ch\/it\/wp-json\/wp\/v2\/media\/7238"}],"wp:attachment":[{"href":"https:\/\/materioteca.dacd.supsi.ch\/it\/wp-json\/wp\/v2\/media?parent=4133"}],"wp:term":[{"taxonomy":"product_brand","embeddable":true,"href":"https:\/\/materioteca.dacd.supsi.ch\/it\/wp-json\/wp\/v2\/product_brand?post=4133"},{"taxonomy":"product_cat","embeddable":true,"href":"https:\/\/materioteca.dacd.supsi.ch\/it\/wp-json\/wp\/v2\/product_cat?post=4133"},{"taxonomy":"product_tag","embeddable":true,"href":"https:\/\/materioteca.dacd.supsi.ch\/it\/wp-json\/wp\/v2\/product_tag?post=4133"}],"curies":[{"name":"wp","href":"https:\/\/api.w.org\/{rel}","templated":true}]}}