{"id":4179,"date":"2023-07-17T10:05:05","date_gmt":"2023-07-17T09:05:05","guid":{"rendered":"https:\/\/materioteca.dacd.supsi.ch\/?post_type=product&#038;p=4179"},"modified":"2025-09-29T14:59:09","modified_gmt":"2025-09-29T13:59:09","slug":"legno-di-iroko","status":"publish","type":"product","link":"https:\/\/materioteca.dacd.supsi.ch\/it\/prodotto\/legno-di-iroko\/","title":{"rendered":"Legno di iroko"},"content":{"rendered":"<p>L\u2019Iroko \u00e8 un legno proveniente dalle regioni tropicali dell\u2019Africa.<\/p>\n<p>Si distingue per la marcata differenza tra l\u2019alburno e il durame: il primo ha tonalit\u00e0 che variano dal bianco giallastro al grigio, mentre il secondo, inizialmente di colore giallo-grigiastro o marrone chiaro, tende a scurirsi con il tempo, assumendo sfumature che vanno dal marrone dorato fino all\u2019olivastro.<\/p>\n<p>Grazie alla sua resistenza e alle buone caratteristiche meccaniche, l\u2019Iroko viene largamente impiegato in opere strutturali importanti, sia all\u2019esterno che all\u2019interno. \u00c8 utilizzato per realizzare infissi come porte, finestre e portoni, oltre che per costruzioni pi\u00f9 impegnative come ponti ferroviari e vagoni. <\/p>\n<p>La sua durabilit\u00e0 lo rende adatto anche alla produzione di arredi da esterno e oggetti di artigianato. Per via delle sue qualit\u00e0, \u00e8 spesso scelto come alternativa a essenze pregiate come teak, doussi\u00e9, quercia, meranti e merbau. <\/p>\n<p><strong>La fonte principale della descrizione<\/strong><\/p>\n<p><a href=\"https:\/\/materialarchiv.ch\/de\/ma:material_1267?type=all\" target=\"_blank\" rel=\"noopener\">Material-Archiv. (2023). Iroko. Material-Archiv.<\/a><\/p>\n<p><strong>Altre fonti<\/strong><\/p>\n<p><a href=\"https:\/\/slsp-supsi.primo.exlibrisgroup.com\/discovery\/fulldisplay?docid=alma990040890200205519&amp;context=L&amp;vid=41SLSP_SUP:VU1&amp;lang=it&amp;search_scope=MyInst_and_CI&amp;adaptor=Local%20Search%20Engine&amp;tab=41SLSP_SUPSI_MyInst_and_CI&amp;query=any,contains,atlante%20del%20elgno&amp;offset=0\" target=\"_blank\" rel=\"noopener\">Natterer, J., Volz, M., Volz, M., &amp; Herzog, T. (2001). Atlante del legno ([rist.]). UTET.<\/a><\/p>\n","protected":false},"excerpt":{"rendered":"<p>L\u2019Iroko \u00e8 un legno proveniente dalle regioni tropicali dell\u2019Africa. Si distingue per la marcata differenza tra l\u2019alburno e il durame: il primo ha tonalit\u00e0 che variano dal bianco giallastro al grigio, mentre il secondo, inizialmente di colore giallo-grigiastro o marrone chiaro, tende a scurirsi con il tempo, assumendo sfumature che vanno dal marrone dorato fino<a class=\"more-link\" href=\"https:\/\/materioteca.dacd.supsi.ch\/it\/prodotto\/legno-di-iroko\/\">Leggi tutto &#10230;<\/a><\/p>\n","protected":false},"featured_media":7148,"template":"","meta":{"_editorskit_title_hidden":false,"_editorskit_reading_time":0,"_editorskit_is_block_options_detached":false,"_editorskit_block_options_position":"{}","_crdt_document":"","inline_featured_image":false},"product_brand":[],"product_cat":[11691],"product_tag":[],"class_list":{"0":"post-4179","1":"product","2":"type-product","3":"status-publish","4":"has-post-thumbnail","6":"product_cat-naturale","8":"first","9":"instock","10":"shipping-taxable","11":"product-type-simple"},"_links":{"self":[{"href":"https:\/\/materioteca.dacd.supsi.ch\/it\/wp-json\/wp\/v2\/product\/4179","targetHints":{"allow":["GET"]}}],"collection":[{"href":"https:\/\/materioteca.dacd.supsi.ch\/it\/wp-json\/wp\/v2\/product"}],"about":[{"href":"https:\/\/materioteca.dacd.supsi.ch\/it\/wp-json\/wp\/v2\/types\/product"}],"wp:featuredmedia":[{"embeddable":true,"href":"https:\/\/materioteca.dacd.supsi.ch\/it\/wp-json\/wp\/v2\/media\/7148"}],"wp:attachment":[{"href":"https:\/\/materioteca.dacd.supsi.ch\/it\/wp-json\/wp\/v2\/media?parent=4179"}],"wp:term":[{"taxonomy":"product_brand","embeddable":true,"href":"https:\/\/materioteca.dacd.supsi.ch\/it\/wp-json\/wp\/v2\/product_brand?post=4179"},{"taxonomy":"product_cat","embeddable":true,"href":"https:\/\/materioteca.dacd.supsi.ch\/it\/wp-json\/wp\/v2\/product_cat?post=4179"},{"taxonomy":"product_tag","embeddable":true,"href":"https:\/\/materioteca.dacd.supsi.ch\/it\/wp-json\/wp\/v2\/product_tag?post=4179"}],"curies":[{"name":"wp","href":"https:\/\/api.w.org\/{rel}","templated":true}]}}