{"id":4213,"date":"2023-07-17T10:17:03","date_gmt":"2023-07-17T09:17:03","guid":{"rendered":"https:\/\/materioteca.dacd.supsi.ch\/?post_type=product&#038;p=4213"},"modified":"2025-09-29T14:55:38","modified_gmt":"2025-09-29T13:55:38","slug":"legno-di-palissandro","status":"publish","type":"product","link":"https:\/\/materioteca.dacd.supsi.ch\/it\/prodotto\/legno-di-palissandro\/","title":{"rendered":"Legno di palissandro"},"content":{"rendered":"<p>Da oltre due secoli, il palissandro \u00e8 tra i legni pregiati pi\u00f9 apprezzati sul mercato, noto non solo per il suo valore elevato ma anche per la stabilit\u00e0 che mantiene nel tempo. Le sue caratteristiche fisiche lo rendono particolarmente adatto ad applicazioni dove estetica, durezza e precisione nella lavorazione sono fondamentali. <\/p>\n<p>Il legno proveniente dal palissandro delle Indie Orientali \u00e8 denso, molto duro e resistente. Pur mostrando un restringimento moderato, si distingue per la sua durevolezza e qualit\u00e0 complessiva. Queste propriet\u00e0 lo rendono una scelta ideale per realizzazioni di alto livello, come mobili raffinati, elementi d\u2019arredo per interni, intarsi, intagli e lavori al tornio.  <\/p>\n<p>Una delle destinazioni d\u2019uso pi\u00f9 prestigiose del palissandro \u00e8 la liuteria: la costruzione di strumenti musicali, infatti, sfrutta al massimo le sue qualit\u00e0 sonore e la bellezza estetica. Tuttavia, l\u2019impiego di palissandro massiccio \u00e8 solitamente riservato a oggetti di piccole dimensioni, proprio a causa del suo costo elevato e della rarit\u00e0 del materiale. <\/p>\n<p>Dal punto di vista cromatico, il legno si presenta con tonalit\u00e0 calde e ricche. L\u2019alburno \u00e8 di colore giallastro, mentre il durame varia dal marrone-giallastro al viola scuro, attraversato da venature evidenti che vanno dal marrone intenso al marrone porpora. Questo contrasto naturale conferisce ai manufatti un aspetto elegante e distintivo.  <\/p>\n<p><strong>Fonte principale della descrizione<\/strong><\/p>\n<p><a href=\"https:\/\/materialarchiv.ch\/de\/ma:material_1429?type=all\" target=\"_blank\" rel=\"noopener\">Material-Archiv. <em>Palisander, Rio-<\/em>. Material-Archiv, 2023. Stampa.<\/a><\/p>\n<p><strong>Altre fonti<\/strong><\/p>\n<p><a href=\"https:\/\/slsp-supsi.primo.exlibrisgroup.com\/discovery\/fulldisplay?docid=alma990040890200205519&amp;context=L&amp;vid=41SLSP_SUP:VU1&amp;lang=it&amp;search_scope=MyInst_and_CI&amp;adaptor=Local%20Search%20Engine&amp;tab=41SLSP_SUPSI_MyInst_and_CI&amp;query=any,contains,atlante%20del%20elgno&amp;offset=0\" target=\"_blank\" rel=\"noopener\">Natterer, J., Volz, M., Volz, M., &amp; Herzog, T. (2001). Atlante del legno ([rist.]). UTET.<\/a><\/p>\n<div class=\"csl-bib-body\"><\/div>\n","protected":false},"excerpt":{"rendered":"<p>Da oltre due secoli, il palissandro \u00e8 tra i legni pregiati pi\u00f9 apprezzati sul mercato, noto non solo per il suo valore elevato ma anche per la stabilit\u00e0 che mantiene nel tempo. Le sue caratteristiche fisiche lo rendono particolarmente adatto ad applicazioni dove estetica, durezza e precisione nella lavorazione sono fondamentali. Il legno proveniente dal<a class=\"more-link\" href=\"https:\/\/materioteca.dacd.supsi.ch\/it\/prodotto\/legno-di-palissandro\/\">Leggi tutto &#10230;<\/a><\/p>\n","protected":false},"featured_media":7577,"template":"","meta":{"_editorskit_title_hidden":false,"_editorskit_reading_time":0,"_editorskit_is_block_options_detached":false,"_editorskit_block_options_position":"{}","_crdt_document":"","inline_featured_image":false},"product_brand":[],"product_cat":[11691],"product_tag":[],"class_list":{"0":"post-4213","1":"product","2":"type-product","3":"status-publish","4":"has-post-thumbnail","6":"product_cat-naturale","8":"first","9":"instock","10":"shipping-taxable","11":"product-type-simple"},"_links":{"self":[{"href":"https:\/\/materioteca.dacd.supsi.ch\/it\/wp-json\/wp\/v2\/product\/4213","targetHints":{"allow":["GET"]}}],"collection":[{"href":"https:\/\/materioteca.dacd.supsi.ch\/it\/wp-json\/wp\/v2\/product"}],"about":[{"href":"https:\/\/materioteca.dacd.supsi.ch\/it\/wp-json\/wp\/v2\/types\/product"}],"wp:featuredmedia":[{"embeddable":true,"href":"https:\/\/materioteca.dacd.supsi.ch\/it\/wp-json\/wp\/v2\/media\/7577"}],"wp:attachment":[{"href":"https:\/\/materioteca.dacd.supsi.ch\/it\/wp-json\/wp\/v2\/media?parent=4213"}],"wp:term":[{"taxonomy":"product_brand","embeddable":true,"href":"https:\/\/materioteca.dacd.supsi.ch\/it\/wp-json\/wp\/v2\/product_brand?post=4213"},{"taxonomy":"product_cat","embeddable":true,"href":"https:\/\/materioteca.dacd.supsi.ch\/it\/wp-json\/wp\/v2\/product_cat?post=4213"},{"taxonomy":"product_tag","embeddable":true,"href":"https:\/\/materioteca.dacd.supsi.ch\/it\/wp-json\/wp\/v2\/product_tag?post=4213"}],"curies":[{"name":"wp","href":"https:\/\/api.w.org\/{rel}","templated":true}]}}