{"id":4237,"date":"2023-07-17T10:23:01","date_gmt":"2023-07-17T09:23:01","guid":{"rendered":"https:\/\/materioteca.dacd.supsi.ch\/?post_type=product&#038;p=4237"},"modified":"2025-09-29T14:53:38","modified_gmt":"2025-09-29T13:53:38","slug":"legno-di-meranti-rosso-scuro","status":"publish","type":"product","link":"https:\/\/materioteca.dacd.supsi.ch\/it\/prodotto\/legno-di-meranti-rosso-scuro\/","title":{"rendered":"Legno di meranti rosso scuro"},"content":{"rendered":"<p>Il termine \u201cmeranti\u201d indica il legno ricavato da oltre 300 specie del genere Shorea, appartenenti alla famiglia delle<em> Dipterocarpaceae<\/em>. Queste piante crescono prevalentemente nelle foreste pluviali tropicali del Sud-Est asiatico. Con \u201cmeranti rosso\u201d si fa riferimento a quelle variet\u00e0 che presentano tonalit\u00e0 pi\u00f9 o meno intense di rosso.  <\/p>\n<p>Il meranti si presenta in diverse colorazioni che variano a seconda della specie:<\/p>\n<ul>\n<li><strong>Alburno<\/strong>: grigio-giallastro, solitamente spesso tra i 4 e gli 8 cm.<\/li>\n<li><strong>Durame<\/strong>: varia ampiamente, con tonalit\u00e0 che vanno dal marrone rossastro chiaro al pi\u00f9 scuro.<\/li>\n<li><strong>Meranti rosso chiaro<\/strong>: sfumature che spaziano dal rosa pallido al rosso tenue.<\/li>\n<li><strong>Meranti rosso scuro (Balau rosso)<\/strong>: colorazione marrone rossastra da media a intensa, spesso attraversata da sottili venature biancastre di resina.<\/li>\n<\/ul>\n<p>Il meranti rosso \u00e8 classificato come moderatamente durevole. Quando fresco, \u00e8 vulnerabile all\u2019attacco di funghi e insetti e non resiste alla piralide, ma offre comunque una discreta resistenza all\u2019esposizione agli agenti atmosferici. <\/p>\n<p>Le specie con tonalit\u00e0 rosso chiaro vengono impiegate principalmente per interni: finiture, pavimentazioni domestiche, arredi economici, costruzioni leggere e sistemi a secco. Quelle con colori pi\u00f9 scuri, invece, sono adatte anche a usi esterni, come facciate, strutture commerciali e costruzione navale. <\/p>\n<p>Indipendentemente dalla variet\u00e0, tutti i tipi di meranti vengono utilizzati nella produzione di compensato e impiallacciature decorative, destinati a mobili, rivestimenti e lavori di ebanisteria.<\/p>\n<p><strong>Fonte principale della descrizione<\/strong><\/p>\n<p><a href=\"https:\/\/materialarchiv.ch\/de\/ma:material_1275?type=all\" target=\"_blank\" rel=\"noopener\">Material-Archiv. (2023). Meranti, Rotes. Material-Archiv.<\/a><\/p>\n<p><strong>Altre fonti<\/strong><\/p>\n<p><a href=\"https:\/\/slsp-supsi.primo.exlibrisgroup.com\/discovery\/fulldisplay?docid=alma990040890200205519&amp;context=L&amp;vid=41SLSP_SUP:VU1&amp;lang=it&amp;search_scope=MyInst_and_CI&amp;adaptor=Local%20Search%20Engine&amp;tab=41SLSP_SUPSI_MyInst_and_CI&amp;query=any,contains,atlante%20del%20elgno&amp;offset=0\" target=\"_blank\" rel=\"noopener\">Natterer, J., Volz, M., Volz, M., &amp; Herzog, T. (2001). Atlante del legno ([rist.]). UTET.<\/a><\/p>\n","protected":false},"excerpt":{"rendered":"<p>Il termine \u201cmeranti\u201d indica il legno ricavato da oltre 300 specie del genere Shorea, appartenenti alla famiglia delle Dipterocarpaceae. Queste piante crescono prevalentemente nelle foreste pluviali tropicali del Sud-Est asiatico. Con \u201cmeranti rosso\u201d si fa riferimento a quelle variet\u00e0 che presentano tonalit\u00e0 pi\u00f9 o meno intense di rosso. Il meranti si presenta in diverse colorazioni<a class=\"more-link\" href=\"https:\/\/materioteca.dacd.supsi.ch\/it\/prodotto\/legno-di-meranti-rosso-scuro\/\">Leggi tutto &#10230;<\/a><\/p>\n","protected":false},"featured_media":7208,"template":"","meta":{"_editorskit_title_hidden":false,"_editorskit_reading_time":0,"_editorskit_is_block_options_detached":false,"_editorskit_block_options_position":"{}","_crdt_document":"","inline_featured_image":false},"product_brand":[],"product_cat":[11691],"product_tag":[],"class_list":{"0":"post-4237","1":"product","2":"type-product","3":"status-publish","4":"has-post-thumbnail","6":"product_cat-naturale","8":"first","9":"instock","10":"shipping-taxable","11":"product-type-simple"},"_links":{"self":[{"href":"https:\/\/materioteca.dacd.supsi.ch\/it\/wp-json\/wp\/v2\/product\/4237","targetHints":{"allow":["GET"]}}],"collection":[{"href":"https:\/\/materioteca.dacd.supsi.ch\/it\/wp-json\/wp\/v2\/product"}],"about":[{"href":"https:\/\/materioteca.dacd.supsi.ch\/it\/wp-json\/wp\/v2\/types\/product"}],"wp:featuredmedia":[{"embeddable":true,"href":"https:\/\/materioteca.dacd.supsi.ch\/it\/wp-json\/wp\/v2\/media\/7208"}],"wp:attachment":[{"href":"https:\/\/materioteca.dacd.supsi.ch\/it\/wp-json\/wp\/v2\/media?parent=4237"}],"wp:term":[{"taxonomy":"product_brand","embeddable":true,"href":"https:\/\/materioteca.dacd.supsi.ch\/it\/wp-json\/wp\/v2\/product_brand?post=4237"},{"taxonomy":"product_cat","embeddable":true,"href":"https:\/\/materioteca.dacd.supsi.ch\/it\/wp-json\/wp\/v2\/product_cat?post=4237"},{"taxonomy":"product_tag","embeddable":true,"href":"https:\/\/materioteca.dacd.supsi.ch\/it\/wp-json\/wp\/v2\/product_tag?post=4237"}],"curies":[{"name":"wp","href":"https:\/\/api.w.org\/{rel}","templated":true}]}}