{"id":4257,"date":"2023-07-17T10:33:14","date_gmt":"2023-07-17T09:33:14","guid":{"rendered":"https:\/\/materioteca.dacd.supsi.ch\/?post_type=product&#038;p=4257"},"modified":"2025-09-29T14:55:40","modified_gmt":"2025-09-29T13:55:40","slug":"legno-di-pino","status":"publish","type":"product","link":"https:\/\/materioteca.dacd.supsi.ch\/it\/prodotto\/legno-di-pino\/","title":{"rendered":"Legno di pino"},"content":{"rendered":"<p>Il pino \u00e8 una delle conifere pi\u00f9 diffuse in Europa e appartiene al genere Pinus, della famiglia delle Pinaceae. In Svizzera viene comunemente chiamato semplicemente \u201clegno di pino\u201d, anche se pu\u00f2 derivare da diverse specie. Tra queste, la pi\u00f9 importante dal punto di vista economico \u00e8 il pino silvestre (Pinus sylvestris), che fornisce un materiale apprezzato per la sua versatilit\u00e0 e qualit\u00e0.  <\/p>\n<p>Il legno di pino \u00e8 leggero, morbido e resinoso, con una certa flessibilit\u00e0 che lo rende facilmente lavorabile. Ha una venatura dritta, sebbene talvolta possa risultare contorta, e sprigiona un profumo aromatico e resinoso, soprattutto quando \u00e8 fresco. Tra le sue propriet\u00e0 meccaniche si registrano una bassa resistenza alla compressione, media rigidit\u00e0 alla flessione e scarsa resistenza agli urti, ma \u00e8 altamente modellabile. Si asciuga in modo rapido ed efficiente, anche se l\u2019alburno pu\u00f2 sviluppare facilmente macchie bluastre. Nonostante ci\u00f2, mostra una buona resistenza agli agenti atmosferici.    <\/p>\n<p>Grazie a queste caratteristiche, il legno di pino viene impiegato in un\u2019ampia gamma di applicazioni. \u00c8 utilizzato come legno da costruzione di base, in ambiti che spaziano dall\u2019ingegneria idraulica alla carpenteria generale. Trova impiego nella realizzazione di ponti, vagoni ferroviari, navi, nonch\u00e9 per telai di porte e finestre. Anche nel settore dell\u2019arredamento e della falegnameria, il pino ha un ruolo rilevante, grazie alla sua facilit\u00e0 di lavorazione e al buon rapporto tra qualit\u00e0 e costo.   <\/p>\n<p><strong>Fonte principale della descrizione<\/strong><\/p>\n<p><a href=\"https:\/\/materialarchiv.ch\/de\/ma:material_548?type=all\" target=\"_blank\" rel=\"noopener\">Material-Archiv. (2024). Kiefer. Material-Archiv.<\/a><\/p>\n<p><strong>Altre fonti<\/strong><\/p>\n<p><a href=\"https:\/\/slsp-supsi.primo.exlibrisgroup.com\/discovery\/fulldisplay?docid=alma990040890200205519&amp;context=L&amp;vid=41SLSP_SUP:VU1&amp;lang=it&amp;search_scope=MyInst_and_CI&amp;adaptor=Local%20Search%20Engine&amp;tab=41SLSP_SUPSI_MyInst_and_CI&amp;query=any,contains,atlante%20del%20elgno&amp;offset=0\" target=\"_blank\" rel=\"noopener\">Natterer, J., Volz, M., Volz, M., &amp; Herzog, T. (2001). Atlante del legno ([rist.]). UTET.<\/a><\/p>\n<div class=\"csl-bib-body\">\n<div class=\"csl-entry\"><\/div>\n<\/div>\n","protected":false},"excerpt":{"rendered":"<p>Il pino \u00e8 una delle conifere pi\u00f9 diffuse in Europa e appartiene al genere Pinus, della famiglia delle Pinaceae. In Svizzera viene comunemente chiamato semplicemente \u201clegno di pino\u201d, anche se pu\u00f2 derivare da diverse specie. Tra queste, la pi\u00f9 importante dal punto di vista economico \u00e8 il pino silvestre (Pinus sylvestris), che fornisce un materiale<a class=\"more-link\" href=\"https:\/\/materioteca.dacd.supsi.ch\/it\/prodotto\/legno-di-pino\/\">Leggi tutto &#10230;<\/a><\/p>\n","protected":false},"featured_media":7490,"template":"","meta":{"_editorskit_title_hidden":false,"_editorskit_reading_time":0,"_editorskit_is_block_options_detached":false,"_editorskit_block_options_position":"{}","_crdt_document":"","inline_featured_image":false},"product_brand":[],"product_cat":[11691],"product_tag":[],"class_list":{"0":"post-4257","1":"product","2":"type-product","3":"status-publish","4":"has-post-thumbnail","6":"product_cat-naturale","7":"yith_product_brand-lignum-holzwirtschaft-schweiz-it","9":"first","10":"instock","11":"shipping-taxable","12":"product-type-simple"},"_links":{"self":[{"href":"https:\/\/materioteca.dacd.supsi.ch\/it\/wp-json\/wp\/v2\/product\/4257","targetHints":{"allow":["GET"]}}],"collection":[{"href":"https:\/\/materioteca.dacd.supsi.ch\/it\/wp-json\/wp\/v2\/product"}],"about":[{"href":"https:\/\/materioteca.dacd.supsi.ch\/it\/wp-json\/wp\/v2\/types\/product"}],"wp:featuredmedia":[{"embeddable":true,"href":"https:\/\/materioteca.dacd.supsi.ch\/it\/wp-json\/wp\/v2\/media\/7490"}],"wp:attachment":[{"href":"https:\/\/materioteca.dacd.supsi.ch\/it\/wp-json\/wp\/v2\/media?parent=4257"}],"wp:term":[{"taxonomy":"product_brand","embeddable":true,"href":"https:\/\/materioteca.dacd.supsi.ch\/it\/wp-json\/wp\/v2\/product_brand?post=4257"},{"taxonomy":"product_cat","embeddable":true,"href":"https:\/\/materioteca.dacd.supsi.ch\/it\/wp-json\/wp\/v2\/product_cat?post=4257"},{"taxonomy":"product_tag","embeddable":true,"href":"https:\/\/materioteca.dacd.supsi.ch\/it\/wp-json\/wp\/v2\/product_tag?post=4257"}],"curies":[{"name":"wp","href":"https:\/\/api.w.org\/{rel}","templated":true}]}}