{"id":4474,"date":"2023-07-17T13:39:44","date_gmt":"2023-07-17T12:39:44","guid":{"rendered":"https:\/\/materioteca.dacd.supsi.ch\/?post_type=product&#038;p=4474"},"modified":"2025-09-29T14:51:38","modified_gmt":"2025-09-29T13:51:38","slug":"legno-di-teak","status":"publish","type":"product","link":"https:\/\/materioteca.dacd.supsi.ch\/it\/prodotto\/legno-di-teak\/","title":{"rendered":"Legno di teak"},"content":{"rendered":"<p>Il teak \u00e8 uno dei legni pi\u00f9 pregiati provenienti dall\u2019Asia, apprezzato per la sua durabilit\u00e0, resistenza, stabilit\u00e0 e bellezza estetica. \u00c8 facilmente riconoscibile per la sua superficie lievemente oleosa, il profumo tipico e le sue venature marcate. <\/p>\n<p>Il colore del teak pu\u00f2 variare dal dorato al marrone scuro, talvolta presentando striature o macchie in tonalit\u00e0 marrone-violaceo o nere, a seconda della zona di provenienza.<br \/>L\u2019alburno, la parte pi\u00f9 esterna del legno, si presenta con tonalit\u00e0 che vanno dal bianco-grigiastro al grigio chiaro, con una larghezza che pu\u00f2 variare tra 1 e 3 cm, talvolta anche superiore.<br \/>Il durame, invece, ha un colore che va dal giallo dorato al giallo-bruno e tende a scurirsi nel tempo fino a raggiungere sfumature di marrone chiaro o scuro, spesso attraversato da venature scure, che possono andare dal marrone porpora al nero. Trova largo impiego nella produzione di mobili e oggetti di ebanisteria, cos\u00ec come nei rivestimenti e negli accessori destinati a imbarcazioni e navi. \u00c8 utilizzato anche per arredamenti interni di alta qualit\u00e0.    <\/p>\n<p>Il teak \u00e8 naturalmente resistente ai funghi, agli insetti (comprese le termiti) e offre anche una discreta protezione contro le piralidi. Inoltre, si distingue per la sua resistenza agli agenti atmosferici, agli acidi e alla fiamma. <\/p>\n<p><strong>Fonte principale della descrizione<\/strong><\/p>\n<p><a href=\"https:\/\/materialarchiv.ch\/de\/ma:material_1383?type=all\" target=\"_blank\" rel=\"noopener\">Material-Archiv. (2023). Teak. Material-Archiv.<\/a><\/p>\n<p><strong>Altre fonti<\/strong><\/p>\n<p><a href=\"https:\/\/slsp-supsi.primo.exlibrisgroup.com\/discovery\/fulldisplay?docid=alma990040890200205519&amp;context=L&amp;vid=41SLSP_SUP:VU1&amp;lang=it&amp;search_scope=MyInst_and_CI&amp;adaptor=Local%20Search%20Engine&amp;tab=41SLSP_SUPSI_MyInst_and_CI&amp;query=any,contains,atlante%20del%20elgno&amp;offset=0\" target=\"_blank\" rel=\"noopener\">Natterer, J., Volz, M., Volz, M., &amp; Herzog, T. (2001). Atlante del legno ([rist.]). UTET.<\/a><\/p>\n","protected":false},"excerpt":{"rendered":"<p>Il teak \u00e8 uno dei legni pi\u00f9 pregiati provenienti dall\u2019Asia, apprezzato per la sua durabilit\u00e0, resistenza, stabilit\u00e0 e bellezza estetica. \u00c8 facilmente riconoscibile per la sua superficie lievemente oleosa, il profumo tipico e le sue venature marcate. Il colore del teak pu\u00f2 variare dal dorato al marrone scuro, talvolta presentando striature o macchie in tonalit\u00e0<a class=\"more-link\" href=\"https:\/\/materioteca.dacd.supsi.ch\/it\/prodotto\/legno-di-teak\/\">Leggi tutto &#10230;<\/a><\/p>\n","protected":false},"featured_media":7739,"template":"","meta":{"_editorskit_title_hidden":false,"_editorskit_reading_time":0,"_editorskit_is_block_options_detached":false,"_editorskit_block_options_position":"{}","_crdt_document":"","inline_featured_image":false},"product_brand":[],"product_cat":[11691],"product_tag":[],"class_list":{"0":"post-4474","1":"product","2":"type-product","3":"status-publish","4":"has-post-thumbnail","6":"product_cat-naturale","8":"first","9":"instock","10":"shipping-taxable","11":"product-type-simple"},"_links":{"self":[{"href":"https:\/\/materioteca.dacd.supsi.ch\/it\/wp-json\/wp\/v2\/product\/4474","targetHints":{"allow":["GET"]}}],"collection":[{"href":"https:\/\/materioteca.dacd.supsi.ch\/it\/wp-json\/wp\/v2\/product"}],"about":[{"href":"https:\/\/materioteca.dacd.supsi.ch\/it\/wp-json\/wp\/v2\/types\/product"}],"wp:featuredmedia":[{"embeddable":true,"href":"https:\/\/materioteca.dacd.supsi.ch\/it\/wp-json\/wp\/v2\/media\/7739"}],"wp:attachment":[{"href":"https:\/\/materioteca.dacd.supsi.ch\/it\/wp-json\/wp\/v2\/media?parent=4474"}],"wp:term":[{"taxonomy":"product_brand","embeddable":true,"href":"https:\/\/materioteca.dacd.supsi.ch\/it\/wp-json\/wp\/v2\/product_brand?post=4474"},{"taxonomy":"product_cat","embeddable":true,"href":"https:\/\/materioteca.dacd.supsi.ch\/it\/wp-json\/wp\/v2\/product_cat?post=4474"},{"taxonomy":"product_tag","embeddable":true,"href":"https:\/\/materioteca.dacd.supsi.ch\/it\/wp-json\/wp\/v2\/product_tag?post=4474"}],"curies":[{"name":"wp","href":"https:\/\/api.w.org\/{rel}","templated":true}]}}