{"id":4512,"date":"2023-07-17T13:48:18","date_gmt":"2023-07-17T12:48:18","guid":{"rendered":"https:\/\/materioteca.dacd.supsi.ch\/?post_type=product&#038;p=4512"},"modified":"2025-09-29T14:51:15","modified_gmt":"2025-09-29T13:51:15","slug":"legno-di-tiglio","status":"publish","type":"product","link":"https:\/\/materioteca.dacd.supsi.ch\/it\/prodotto\/legno-di-tiglio\/","title":{"rendered":"Legno di tiglio"},"content":{"rendered":"<p>Il tiglio \u00e8 un legno tenero e flessibile, noto per essere uno dei materiali preferiti dagli intagliatori per la sua lavorabilit\u00e0 e la finezza delle sue venature.<\/p>\n<p>Si presenta con un aspetto chiaro, \u00e8 leggero, soffice al tatto e facilmente modellabile.<\/p>\n<p>Le sue caratteristiche lo rendono ideale per i lavori di intaglio pi\u00f9 precisi. Proprio per questa sua duttilit\u00e0, viene ampiamente impiegato nel modellismo, nella produzione di giocattoli e in ambiti artigianali. Inoltre, il tiglio \u00e8 considerato un legno da risonanza di grande valore nella costruzione di chitarre e altri strumenti musicali.  <\/p>\n<p><strong>Fonte principale della descrizione<\/strong><\/p>\n<p><a href=\"https:\/\/materialarchiv.ch\/de\/ma:material_243?type=all\" target=\"_blank\" rel=\"noopener\">Material-Archiv. (2023). Linde. Material-Archiv.<\/a><\/p>\n<p><strong>Altre fonti<\/strong><\/p>\n<p><a href=\"https:\/\/slsp-supsi.primo.exlibrisgroup.com\/discovery\/fulldisplay?docid=alma990040890200205519&amp;context=L&amp;vid=41SLSP_SUP:VU1&amp;lang=it&amp;search_scope=MyInst_and_CI&amp;adaptor=Local%20Search%20Engine&amp;tab=41SLSP_SUPSI_MyInst_and_CI&amp;query=any,contains,atlante%20del%20elgno&amp;offset=0\" target=\"_blank\" rel=\"noopener\">Natterer, J., Volz, M., Volz, M., &amp; Herzog, T. (2001). Atlante del legno ([rist.]). UTET.<\/a><\/p>\n","protected":false},"excerpt":{"rendered":"<p>Il tiglio \u00e8 un legno tenero e flessibile, noto per essere uno dei materiali preferiti dagli intagliatori per la sua lavorabilit\u00e0 e la finezza delle sue venature. Si presenta con un aspetto chiaro, \u00e8 leggero, soffice al tatto e facilmente modellabile. Le sue caratteristiche lo rendono ideale per i lavori di intaglio pi\u00f9 precisi. Proprio<a class=\"more-link\" href=\"https:\/\/materioteca.dacd.supsi.ch\/it\/prodotto\/legno-di-tiglio\/\">Leggi tutto &#10230;<\/a><\/p>\n","protected":false},"featured_media":7751,"template":"","meta":{"_editorskit_title_hidden":false,"_editorskit_reading_time":0,"_editorskit_is_block_options_detached":false,"_editorskit_block_options_position":"{}","_crdt_document":"","inline_featured_image":false},"product_brand":[],"product_cat":[11691],"product_tag":[],"class_list":{"0":"post-4512","1":"product","2":"type-product","3":"status-publish","4":"has-post-thumbnail","6":"product_cat-naturale","7":"yith_product_brand-lignum-holzwirtschaft-schweiz-it","9":"first","10":"instock","11":"shipping-taxable","12":"product-type-simple"},"_links":{"self":[{"href":"https:\/\/materioteca.dacd.supsi.ch\/it\/wp-json\/wp\/v2\/product\/4512","targetHints":{"allow":["GET"]}}],"collection":[{"href":"https:\/\/materioteca.dacd.supsi.ch\/it\/wp-json\/wp\/v2\/product"}],"about":[{"href":"https:\/\/materioteca.dacd.supsi.ch\/it\/wp-json\/wp\/v2\/types\/product"}],"wp:featuredmedia":[{"embeddable":true,"href":"https:\/\/materioteca.dacd.supsi.ch\/it\/wp-json\/wp\/v2\/media\/7751"}],"wp:attachment":[{"href":"https:\/\/materioteca.dacd.supsi.ch\/it\/wp-json\/wp\/v2\/media?parent=4512"}],"wp:term":[{"taxonomy":"product_brand","embeddable":true,"href":"https:\/\/materioteca.dacd.supsi.ch\/it\/wp-json\/wp\/v2\/product_brand?post=4512"},{"taxonomy":"product_cat","embeddable":true,"href":"https:\/\/materioteca.dacd.supsi.ch\/it\/wp-json\/wp\/v2\/product_cat?post=4512"},{"taxonomy":"product_tag","embeddable":true,"href":"https:\/\/materioteca.dacd.supsi.ch\/it\/wp-json\/wp\/v2\/product_tag?post=4512"}],"curies":[{"name":"wp","href":"https:\/\/api.w.org\/{rel}","templated":true}]}}