{"id":4589,"date":"2023-07-17T14:18:56","date_gmt":"2023-07-17T13:18:56","guid":{"rendered":"https:\/\/materioteca.dacd.supsi.ch\/?post_type=product&#038;p=4589"},"modified":"2025-09-29T14:50:32","modified_gmt":"2025-09-29T13:50:32","slug":"legno-di-ramin","status":"publish","type":"product","link":"https:\/\/materioteca.dacd.supsi.ch\/it\/prodotto\/legno-di-ramin\/","title":{"rendered":"Legno di ramin"},"content":{"rendered":"<p>Il legno noto con il nome commerciale di Ramin proviene da diverse specie del genere Gonystylus, appartenenti alla famiglia delle Thymelaeaceae. Dal punto di vista estetico, si presenta in tonalit\u00e0 che variano tra il marrone e il giallo. <\/p>\n<p>Il Ramin \u00e8 caratterizzato da una buona densit\u00e0 e si distingue per l\u2019elevata resistenza alla compressione e alla flessione. Tuttavia, non \u00e8 particolarmente durevole nel tempo, ha una stabilit\u00e0 limitata e mostra una bassa resistenza agli urti. Nonostante ci\u00f2, si lavora facilmente grazie alla sua buona modellabilit\u00e0.<br \/>A causa della sua scarsa resistenza agli agenti esterni, viene impiegato quasi esclusivamente in ambienti interni. Trova largo utilizzo nell\u2019edilizia d&#8217;interni, dove viene destinato a realizzazioni come mobili, pavimenti in parquet e scale. Viene inoltre lavorato come legno massiccio per prodotti semilavorati \u2013 ad esempio modanature, profili e bastoni \u2013 oppure trasformato in impiallacciature, soprattutto per rivestimenti interni e pannelli decorativi.     <\/p>\n<p>Il suo utilizzo in esterni \u00e8 sconsigliato, vista la sua bassa durabilit\u00e0.<\/p>\n<p><strong>Fonte principale della descrizione<\/strong><\/p>\n<p><a href=\"https:\/\/materialarchiv.ch\/de\/ma:material_1297?type=all&amp;n=Grundlagen\" target=\"_blank\" rel=\"noopener\">Material-Archiv. Ramin. Material-Archiv.<\/a><\/p>\n<p><strong>Altre fonti<\/strong><\/p>\n<p><a href=\"https:\/\/slsp-supsi.primo.exlibrisgroup.com\/discovery\/fulldisplay?docid=alma990040890200205519&amp;context=L&amp;vid=41SLSP_SUP:VU1&amp;lang=it&amp;search_scope=MyInst_and_CI&amp;adaptor=Local%20Search%20Engine&amp;tab=41SLSP_SUPSI_MyInst_and_CI&amp;query=any,contains,atlante%20del%20elgno&amp;offset=0\" target=\"_blank\" rel=\"noopener\">Natterer, J., Volz, M., Volz, M., &amp; Herzog, T. (2001). Atlante del legno ([rist.]). UTET.<\/a><\/p>\n","protected":false},"excerpt":{"rendered":"<p>Il legno noto con il nome commerciale di Ramin proviene da diverse specie del genere Gonystylus, appartenenti alla famiglia delle Thymelaeaceae. Dal punto di vista estetico, si presenta in tonalit\u00e0 che variano tra il marrone e il giallo. Il Ramin \u00e8 caratterizzato da una buona densit\u00e0 e si distingue per l\u2019elevata resistenza alla compressione e<a class=\"more-link\" href=\"https:\/\/materioteca.dacd.supsi.ch\/it\/prodotto\/legno-di-ramin\/\">Leggi tutto &#10230;<\/a><\/p>\n","protected":false},"featured_media":7700,"template":"","meta":{"_editorskit_title_hidden":false,"_editorskit_reading_time":0,"_editorskit_is_block_options_detached":false,"_editorskit_block_options_position":"{}","_crdt_document":"","inline_featured_image":false},"product_brand":[],"product_cat":[11691],"product_tag":[],"class_list":{"0":"post-4589","1":"product","2":"type-product","3":"status-publish","4":"has-post-thumbnail","6":"product_cat-naturale","8":"first","9":"instock","10":"shipping-taxable","11":"product-type-simple"},"_links":{"self":[{"href":"https:\/\/materioteca.dacd.supsi.ch\/it\/wp-json\/wp\/v2\/product\/4589","targetHints":{"allow":["GET"]}}],"collection":[{"href":"https:\/\/materioteca.dacd.supsi.ch\/it\/wp-json\/wp\/v2\/product"}],"about":[{"href":"https:\/\/materioteca.dacd.supsi.ch\/it\/wp-json\/wp\/v2\/types\/product"}],"wp:featuredmedia":[{"embeddable":true,"href":"https:\/\/materioteca.dacd.supsi.ch\/it\/wp-json\/wp\/v2\/media\/7700"}],"wp:attachment":[{"href":"https:\/\/materioteca.dacd.supsi.ch\/it\/wp-json\/wp\/v2\/media?parent=4589"}],"wp:term":[{"taxonomy":"product_brand","embeddable":true,"href":"https:\/\/materioteca.dacd.supsi.ch\/it\/wp-json\/wp\/v2\/product_brand?post=4589"},{"taxonomy":"product_cat","embeddable":true,"href":"https:\/\/materioteca.dacd.supsi.ch\/it\/wp-json\/wp\/v2\/product_cat?post=4589"},{"taxonomy":"product_tag","embeddable":true,"href":"https:\/\/materioteca.dacd.supsi.ch\/it\/wp-json\/wp\/v2\/product_tag?post=4589"}],"curies":[{"name":"wp","href":"https:\/\/api.w.org\/{rel}","templated":true}]}}