{"id":4754,"date":"2023-07-20T10:55:09","date_gmt":"2023-07-20T09:55:09","guid":{"rendered":"https:\/\/materioteca.dacd.supsi.ch\/?post_type=product&#038;p=4754"},"modified":"2025-09-29T14:48:17","modified_gmt":"2025-09-29T13:48:17","slug":"legno-compensato-multistrato","status":"publish","type":"product","link":"https:\/\/materioteca.dacd.supsi.ch\/it\/prodotto\/legno-compensato-multistrato\/","title":{"rendered":"Legno compensato multistrato"},"content":{"rendered":"<p>Il compensato multistrato \u00e8 un materiale derivato dal legno, ottenuto sovrapponendo e incollando tra loro almeno tre fogli sottili di impiallacciatura. Questi strati, chiamati sfogliati, vengono disposti in numero dispari e orientati alternativamente a 90\u00b0 l\u2019uno rispetto all\u2019altro \u2014 una tecnica nota come bloccaggio \u2014 che serve a contrastare i naturali movimenti del legno, come il ritiro o il rigonfiamento. <\/p>\n<p>Questo sistema costruttivo conferisce al compensato una notevole stabilit\u00e0 dimensionale, rendendolo pi\u00f9 stabile rispetto al legno massello. Le sue propriet\u00e0 tecniche variano in funzione dell\u2019essenza legnosa impiegata, della disposizione degli strati e dello spessore complessivo del pannello. Un\u2019altra caratteristica \u00e8 la presenza di una quantit\u00e0 relativamente elevata di colla o adesivo, necessaria per l\u2019assemblaggio degli strati.  <\/p>\n<p>Grazie alla sua versatilit\u00e0, il compensato multistrato viene utilizzato in numerosi settori: trova largo impiego nella realizzazione di mobili e arredi interni, oltre che in elementi strutturali secondari. \u00c8 anche adatto per applicazioni industriali e tecniche, come rivestimenti di facciate, casseforme, imballaggi, attrezzature ludiche e sportive, nonch\u00e9 nella costruzione di veicoli, imbarcazioni e persino aeromobili. <\/p>\n<p><strong>La fonte principale della descrizione<\/strong><\/p>\n<p><a href=\"https:\/\/materialarchiv.ch\/de\/ma:material_261?type=all\" target=\"_blank\" rel=\"noopener\">Material-Archiv. (2024). Furniersperrholz. Material-Archiv.<\/a><\/p>\n<p><strong>Altre fonti<\/strong><\/p>\n<p><a href=\"https:\/\/slsp-supsi.primo.exlibrisgroup.com\/discovery\/fulldisplay?docid=alma990040890200205519&amp;context=L&amp;vid=41SLSP_SUP:VU1&amp;lang=it&amp;search_scope=MyInst_and_CI&amp;adaptor=Local%20Search%20Engine&amp;tab=41SLSP_SUPSI_MyInst_and_CI&amp;query=any,contains,atlante%20del%20elgno&amp;offset=0\" target=\"_blank\" rel=\"noopener\">Natterer, J., Volz, M., Volz, M., &amp; Herzog, T. (2001). Atlante del legno ([rist.]). UTET.<\/a><\/p>\n","protected":false},"excerpt":{"rendered":"<p>Il compensato multistrato \u00e8 un materiale derivato dal legno, ottenuto sovrapponendo e incollando tra loro almeno tre fogli sottili di impiallacciatura. Questi strati, chiamati sfogliati, vengono disposti in numero dispari e orientati alternativamente a 90\u00b0 l\u2019uno rispetto all\u2019altro \u2014 una tecnica nota come bloccaggio \u2014 che serve a contrastare i naturali movimenti del legno, come<a class=\"more-link\" href=\"https:\/\/materioteca.dacd.supsi.ch\/it\/prodotto\/legno-compensato-multistrato\/\">Leggi tutto &#10230;<\/a><\/p>\n","protected":false},"featured_media":8171,"template":"","meta":{"_editorskit_title_hidden":false,"_editorskit_reading_time":0,"_editorskit_is_block_options_detached":false,"_editorskit_block_options_position":"{}","_crdt_document":"","inline_featured_image":false},"product_brand":[],"product_cat":[12852],"product_tag":[],"class_list":{"0":"post-4754","1":"product","2":"type-product","3":"status-publish","4":"has-post-thumbnail","6":"product_cat-composito","7":"yith_product_brand-herzog-elmiger-ag-it","8":"yith_product_brand-sperrag-jago-ag-it","10":"first","11":"instock","12":"shipping-taxable","13":"product-type-simple"},"_links":{"self":[{"href":"https:\/\/materioteca.dacd.supsi.ch\/it\/wp-json\/wp\/v2\/product\/4754","targetHints":{"allow":["GET"]}}],"collection":[{"href":"https:\/\/materioteca.dacd.supsi.ch\/it\/wp-json\/wp\/v2\/product"}],"about":[{"href":"https:\/\/materioteca.dacd.supsi.ch\/it\/wp-json\/wp\/v2\/types\/product"}],"wp:featuredmedia":[{"embeddable":true,"href":"https:\/\/materioteca.dacd.supsi.ch\/it\/wp-json\/wp\/v2\/media\/8171"}],"wp:attachment":[{"href":"https:\/\/materioteca.dacd.supsi.ch\/it\/wp-json\/wp\/v2\/media?parent=4754"}],"wp:term":[{"taxonomy":"product_brand","embeddable":true,"href":"https:\/\/materioteca.dacd.supsi.ch\/it\/wp-json\/wp\/v2\/product_brand?post=4754"},{"taxonomy":"product_cat","embeddable":true,"href":"https:\/\/materioteca.dacd.supsi.ch\/it\/wp-json\/wp\/v2\/product_cat?post=4754"},{"taxonomy":"product_tag","embeddable":true,"href":"https:\/\/materioteca.dacd.supsi.ch\/it\/wp-json\/wp\/v2\/product_tag?post=4754"}],"curies":[{"name":"wp","href":"https:\/\/api.w.org\/{rel}","templated":true}]}}