{"id":6015,"date":"2024-01-09T12:58:24","date_gmt":"2024-01-09T11:58:24","guid":{"rendered":"https:\/\/materioteca.dacd.supsi.ch\/?post_type=product&#038;p=6015"},"modified":"2025-09-29T14:44:51","modified_gmt":"2025-09-29T13:44:51","slug":"tessuto-di-sughero","status":"publish","type":"product","link":"https:\/\/materioteca.dacd.supsi.ch\/it\/prodotto\/tessuto-di-sughero\/","title":{"rendered":"Tessuto di sughero"},"content":{"rendered":"<p>Il tessuto di sughero \u00e8 un prodotto ecologico, vegano e sostenibile.<br \/>\nIl sughero ha le stesse qualit\u00e0 della pelle naturale e viene raccolto dalla quercia da sughero, endemica dell&#8217;Europa sud-occidentale e dell&#8217;Africa nord-occidentale. Una volta che gli alberi hanno circa 25 anni, il sughero viene tradizionalmente tolto a mano dai tronchi ogni nove anni. Gli alberi vivono per circa 300 anni.<br \/>\nGrazie alla sua elasticit\u00e0 e alle sue propriet\u00e0 ignifughe, viene utilizzato in una variet\u00e0 di prodotti nella moda e negli interni. Viene anche utilizzato nella scienza e nell&#8217;industria, come il muso delle navette spaziali della NASA.<br \/>\nAlla moda ed ecologico, il tessuto di sughero unisce le caratteristiche uniche del materiale di sughero a un processo di produzione molto rigoroso che consente di raggiungere grandi livelli di propriet\u00e0 meccaniche, sensoriali e microbiologiche.  Per proteggere la sua struttura naturale e garantire le prestazioni tecniche, per la sterilizzazione, la pulizia e la rifinitura di questo prodotto vengono utilizzate le tecnologie pi\u00f9 avanzate. Un prodotto naturale ottenuto da una fonte rinnovabile, con la capacit\u00e0 di essere riciclato per altri usi.<br \/>\nIl nostro grande fascino e rispetto per i processi artigianali ci ha portato a esplorare cosa si pu\u00f2 fare con il sughero come materiale sostenibile. Realizzato industrialmente a mano nei nostri atelier in Italia, l&#8217;innovativo processo di produzione del sughero prevede la goffratura, l&#8217;incollaggio a caldo, il taglio laser, l&#8217;incisione laser e la stampa.<\/p>\n","protected":false},"excerpt":{"rendered":"<p>Il tessuto di sughero \u00e8 un prodotto ecologico, vegano e sostenibile. Il sughero ha le stesse qualit\u00e0 della pelle naturale e viene raccolto dalla quercia da sughero, endemica dell&#8217;Europa sud-occidentale e dell&#8217;Africa nord-occidentale. Una volta che gli alberi hanno circa 25 anni, il sughero viene tradizionalmente tolto a mano dai tronchi ogni nove anni. Gli<a class=\"more-link\" href=\"https:\/\/materioteca.dacd.supsi.ch\/it\/prodotto\/tessuto-di-sughero\/\">Leggi tutto &#10230;<\/a><\/p>\n","protected":false},"featured_media":6062,"template":"","meta":{"_editorskit_title_hidden":false,"_editorskit_reading_time":0,"_editorskit_is_block_options_detached":false,"_editorskit_block_options_position":"{}","_crdt_document":"","inline_featured_image":false},"product_brand":[],"product_cat":[11691],"product_tag":[],"class_list":{"0":"post-6015","1":"product","2":"type-product","3":"status-publish","4":"has-post-thumbnail","6":"product_cat-naturale","7":"yith_product_brand-4spaces-gmbh-it","9":"first","10":"instock","11":"shipping-taxable","12":"product-type-simple"},"_links":{"self":[{"href":"https:\/\/materioteca.dacd.supsi.ch\/it\/wp-json\/wp\/v2\/product\/6015","targetHints":{"allow":["GET"]}}],"collection":[{"href":"https:\/\/materioteca.dacd.supsi.ch\/it\/wp-json\/wp\/v2\/product"}],"about":[{"href":"https:\/\/materioteca.dacd.supsi.ch\/it\/wp-json\/wp\/v2\/types\/product"}],"wp:featuredmedia":[{"embeddable":true,"href":"https:\/\/materioteca.dacd.supsi.ch\/it\/wp-json\/wp\/v2\/media\/6062"}],"wp:attachment":[{"href":"https:\/\/materioteca.dacd.supsi.ch\/it\/wp-json\/wp\/v2\/media?parent=6015"}],"wp:term":[{"taxonomy":"product_brand","embeddable":true,"href":"https:\/\/materioteca.dacd.supsi.ch\/it\/wp-json\/wp\/v2\/product_brand?post=6015"},{"taxonomy":"product_cat","embeddable":true,"href":"https:\/\/materioteca.dacd.supsi.ch\/it\/wp-json\/wp\/v2\/product_cat?post=6015"},{"taxonomy":"product_tag","embeddable":true,"href":"https:\/\/materioteca.dacd.supsi.ch\/it\/wp-json\/wp\/v2\/product_tag?post=6015"}],"curies":[{"name":"wp","href":"https:\/\/api.w.org\/{rel}","templated":true}]}}