{"id":7589,"date":"2024-07-10T12:56:32","date_gmt":"2024-07-10T11:56:32","guid":{"rendered":"https:\/\/materioteca.dacd.supsi.ch\/?post_type=product&#038;p=7589"},"modified":"2025-09-29T14:44:13","modified_gmt":"2025-09-29T13:44:13","slug":"legno-di-pino-cembro","status":"publish","type":"product","link":"https:\/\/materioteca.dacd.supsi.ch\/it\/prodotto\/legno-di-pino-cembro\/","title":{"rendered":"Legno di pino cembro"},"content":{"rendered":"<div class=\"csl-bib-body\">\n<div class=\"csl-entry\">\n<p>Il pino cembro (Pinus cembra L.), appartenente alla famiglia delle Pinaceae, \u00e8 una conifera tipica delle alte montagne dell\u2019Europa centrale, in particolare delle Alpi.<\/p>\n<p>Questo albero, noto anche con lo stesso nome in Germania e Austria, cresce molto lentamente e pu\u00f2 raggiungere un\u2019et\u00e0 compresa tra i 200 e i 400 anni. La crescita lenta si riflette nella struttura del suo legno: gli anelli annuali sono stretti e densi, una caratteristica che ne aumenta la qualit\u00e0, rendendolo particolarmente adatto alla produzione di arredi pregiati. <\/p>\n<p>Il legno di pino cembro si distingue per la sua leggerezza, il colore caldo e il profumo naturale, piacevole e facilmente riconoscibile. Il durame presenta sfumature che vanno dal bruno-giallastro al rossastro scuro, mentre l\u2019alburno \u00e8 pi\u00f9 chiaro, con tonalit\u00e0 bianco-giallastre. I nodi, di un marcato marrone rossastro, aggiungono un tocco decorativo naturale.  <\/p>\n<p>Apprezzato da secoli nelle aree montane dove la pianta \u00e8 diffusa, il legno di pino cembro viene impiegato soprattutto per interni. \u00c8 utilizzato per mobili, rivestimenti di pareti e soffitti, nonch\u00e9 per pannellature intagliate, spesso nelle camere da letto. Trova inoltre applicazione nella realizzazione di oggetti artigianali come maschere tradizionali e giocattoli in legno. Tuttavia, a causa della sua scarsa resistenza agli agenti atmosferici, non \u00e8 indicato per usi esterni.   <\/p>\n<p><strong>Fonte principale della descrizione<\/strong><\/p>\n<p><a href=\"https:\/\/materialarchiv.ch\/de\/ma:material_554?type=all\" target=\"_blank\" rel=\"noopener\">Material-Archiv. (2024). Arve. Material-Archiv.<\/a><\/p>\n<p><strong>Altre fonti<\/strong><\/p>\n<p><a href=\"https:\/\/slsp-supsi.primo.exlibrisgroup.com\/discovery\/fulldisplay?docid=alma990040890200205519&amp;context=L&amp;vid=41SLSP_SUP:VU1&amp;lang=it&amp;search_scope=MyInst_and_CI&amp;adaptor=Local%20Search%20Engine&amp;tab=41SLSP_SUPSI_MyInst_and_CI&amp;query=any,contains,atlante%20del%20elgno&amp;offset=0\" target=\"_blank\" rel=\"noopener\">Natterer, J., Volz, M., Volz, M., &amp; Herzog, T. (2001). Atlante del legno ([rist.]). UTET.<\/a><\/p>\n<\/div>\n<\/div>\n","protected":false},"excerpt":{"rendered":"<p>Il pino cembro (Pinus cembra L.), appartenente alla famiglia delle Pinaceae, \u00e8 una conifera tipica delle alte montagne dell\u2019Europa centrale, in particolare delle Alpi. Questo albero, noto anche con lo stesso nome in Germania e Austria, cresce molto lentamente e pu\u00f2 raggiungere un\u2019et\u00e0 compresa tra i 200 e i 400 anni. La crescita lenta si<a class=\"more-link\" href=\"https:\/\/materioteca.dacd.supsi.ch\/it\/prodotto\/legno-di-pino-cembro\/\">Leggi tutto &#10230;<\/a><\/p>\n","protected":false},"featured_media":7604,"template":"","meta":{"_editorskit_title_hidden":false,"_editorskit_reading_time":0,"_editorskit_is_block_options_detached":false,"_editorskit_block_options_position":"{}","_crdt_document":"","inline_featured_image":false},"product_brand":[],"product_cat":[11691],"product_tag":[],"class_list":{"0":"post-7589","1":"product","2":"type-product","3":"status-publish","4":"has-post-thumbnail","6":"product_cat-naturale","7":"yith_product_brand-lignum-holzwirtschaft-schweiz-it","9":"first","10":"instock","11":"shipping-taxable","12":"product-type-simple"},"_links":{"self":[{"href":"https:\/\/materioteca.dacd.supsi.ch\/it\/wp-json\/wp\/v2\/product\/7589","targetHints":{"allow":["GET"]}}],"collection":[{"href":"https:\/\/materioteca.dacd.supsi.ch\/it\/wp-json\/wp\/v2\/product"}],"about":[{"href":"https:\/\/materioteca.dacd.supsi.ch\/it\/wp-json\/wp\/v2\/types\/product"}],"wp:featuredmedia":[{"embeddable":true,"href":"https:\/\/materioteca.dacd.supsi.ch\/it\/wp-json\/wp\/v2\/media\/7604"}],"wp:attachment":[{"href":"https:\/\/materioteca.dacd.supsi.ch\/it\/wp-json\/wp\/v2\/media?parent=7589"}],"wp:term":[{"taxonomy":"product_brand","embeddable":true,"href":"https:\/\/materioteca.dacd.supsi.ch\/it\/wp-json\/wp\/v2\/product_brand?post=7589"},{"taxonomy":"product_cat","embeddable":true,"href":"https:\/\/materioteca.dacd.supsi.ch\/it\/wp-json\/wp\/v2\/product_cat?post=7589"},{"taxonomy":"product_tag","embeddable":true,"href":"https:\/\/materioteca.dacd.supsi.ch\/it\/wp-json\/wp\/v2\/product_tag?post=7589"}],"curies":[{"name":"wp","href":"https:\/\/api.w.org\/{rel}","templated":true}]}}