{"id":7616,"date":"2024-07-10T13:07:18","date_gmt":"2024-07-10T12:07:18","guid":{"rendered":"https:\/\/materioteca.dacd.supsi.ch\/?post_type=product&#038;p=7616"},"modified":"2025-09-29T14:43:03","modified_gmt":"2025-09-29T13:43:03","slug":"legno-di-pino-pece","status":"publish","type":"product","link":"https:\/\/materioteca.dacd.supsi.ch\/it\/prodotto\/legno-di-pino-pece\/","title":{"rendered":"Legno di pino pece"},"content":{"rendered":"<div class=\"csl-bib-body\">\n<div class=\"csl-entry\">\n<p>Tra le conifere, il pino pece (noto anche come pino di palude) si distingue per le sue eccellenti propriet\u00e0 tecniche e per essere il legno di conifera pi\u00f9 pesante attualmente in commercio a livello mondiale. Questa caratteristica, unita alla sua robustezza, lo rende ideale per numerosi impieghi strutturali, in particolare nei settori dell\u2019ingegneria idraulica, della costruzione di miniere, di navi e vagoni ferroviari. Le sezioni a grana fine trovano inoltre impiego nella produzione di mobili di qualit\u00e0.  <\/p>\n<p>Oltre al valore strutturale, il pino pece \u00e8 importante anche per la sua ricchezza in resine, fondamentali per la produzione industriale di colofonia e trementina. Questa duplice utilit\u00e0 \u2014 meccanica e chimica \u2014 ne ha favorito l\u2019impiego su larga scala, tanto che in America esiste un mercato vivace per le vecchie assi recuperate da edifici dell\u2019epoca guglielmina, apprezzate per la loro solidit\u00e0 e il valore storico. <\/p>\n<p>Dal punto di vista estetico, il legno di pino pece presenta una gamma di colori caldi e variegati: tonalit\u00e0 gialle, rosse e bianche si mescolano in un effetto multicolore distintivo. L\u2019alburno \u00e8 facilmente riconoscibile per il suo colore bianco-giallastro, in netto contrasto con il durame, che assume sfumature dal rosso al rosso-rossastro. <\/p>\n<p>Un\u2019altra caratteristica degna di nota \u00e8 la sua discreta resistenza agli acidi, qualit\u00e0 che ne aumenta ulteriormente la versatilit\u00e0 in contesti industriali e ambienti particolarmente esigenti.<\/p>\n<p><strong>La fonte principale della descrizione<\/strong><\/p>\n<p><a href=\"https:\/\/materialarchiv.ch\/de\/ma:material_576?type=all\" target=\"_blank\" rel=\"noopener\">Material-Archiv. (2024). Pitch Pine. Material-Archiv.<\/a><\/p>\n<p><strong>Altre fonti<\/strong><\/p>\n<p><a href=\"https:\/\/slsp-supsi.primo.exlibrisgroup.com\/discovery\/fulldisplay?docid=alma990040890200205519&amp;context=L&amp;vid=41SLSP_SUP:VU1&amp;lang=it&amp;search_scope=MyInst_and_CI&amp;adaptor=Local%20Search%20Engine&amp;tab=41SLSP_SUPSI_MyInst_and_CI&amp;query=any,contains,atlante%20del%20elgno&amp;offset=0\" target=\"_blank\" rel=\"noopener\">Natterer, J., Volz, M., Volz, M., &amp; Herzog, T. (2001). Atlante del legno ([rist.]). UTET.<\/a><\/p>\n<\/div>\n<\/div>\n","protected":false},"excerpt":{"rendered":"<p>Tra le conifere, il pino pece (noto anche come pino di palude) si distingue per le sue eccellenti propriet\u00e0 tecniche e per essere il legno di conifera pi\u00f9 pesante attualmente in commercio a livello mondiale. Questa caratteristica, unita alla sua robustezza, lo rende ideale per numerosi impieghi strutturali, in particolare nei settori dell\u2019ingegneria idraulica, della<a class=\"more-link\" href=\"https:\/\/materioteca.dacd.supsi.ch\/it\/prodotto\/legno-di-pino-pece\/\">Leggi tutto &#10230;<\/a><\/p>\n","protected":false},"featured_media":7631,"template":"","meta":{"_editorskit_title_hidden":false,"_editorskit_reading_time":0,"_editorskit_is_block_options_detached":false,"_editorskit_block_options_position":"{}","_crdt_document":"","inline_featured_image":false},"product_brand":[],"product_cat":[11691],"product_tag":[],"class_list":{"0":"post-7616","1":"product","2":"type-product","3":"status-publish","4":"has-post-thumbnail","6":"product_cat-naturale","7":"yith_product_brand-lignum-holzwirtschaft-schweiz-it","9":"first","10":"instock","11":"shipping-taxable","12":"product-type-simple"},"_links":{"self":[{"href":"https:\/\/materioteca.dacd.supsi.ch\/it\/wp-json\/wp\/v2\/product\/7616","targetHints":{"allow":["GET"]}}],"collection":[{"href":"https:\/\/materioteca.dacd.supsi.ch\/it\/wp-json\/wp\/v2\/product"}],"about":[{"href":"https:\/\/materioteca.dacd.supsi.ch\/it\/wp-json\/wp\/v2\/types\/product"}],"wp:featuredmedia":[{"embeddable":true,"href":"https:\/\/materioteca.dacd.supsi.ch\/it\/wp-json\/wp\/v2\/media\/7631"}],"wp:attachment":[{"href":"https:\/\/materioteca.dacd.supsi.ch\/it\/wp-json\/wp\/v2\/media?parent=7616"}],"wp:term":[{"taxonomy":"product_brand","embeddable":true,"href":"https:\/\/materioteca.dacd.supsi.ch\/it\/wp-json\/wp\/v2\/product_brand?post=7616"},{"taxonomy":"product_cat","embeddable":true,"href":"https:\/\/materioteca.dacd.supsi.ch\/it\/wp-json\/wp\/v2\/product_cat?post=7616"},{"taxonomy":"product_tag","embeddable":true,"href":"https:\/\/materioteca.dacd.supsi.ch\/it\/wp-json\/wp\/v2\/product_tag?post=7616"}],"curies":[{"name":"wp","href":"https:\/\/api.w.org\/{rel}","templated":true}]}}