{"id":822,"date":"2023-02-02T09:14:50","date_gmt":"2023-02-02T08:14:50","guid":{"rendered":"https:\/\/materioteca.dacd.supsi.ch\/product\/marmo-rosso-darzo\/"},"modified":"2025-09-30T10:16:15","modified_gmt":"2025-09-30T09:16:15","slug":"marmo-rosso-di-arzo","status":"publish","type":"product","link":"https:\/\/materioteca.dacd.supsi.ch\/it\/prodotto\/marmo-rosso-di-arzo\/","title":{"rendered":"Marmo Rosso d&#8217;Arzo"},"content":{"rendered":"<p>Il marmo di Arzo (Canton Ticino, Svizzera) \u00e8 una breccia di colore prevalentemente rossastro ma che in alcuni casi pu\u00f2 tendere anche al giallo e al grigio.<\/p>\n<p>Precisiamo che dal punto di vista petrografico non \u00e8 un vero marmo.<\/p>\n<p>Lo si distingue in tre variet\u00e0 principali, di forme a loro volta diverse: il Brocatello d\u2019Arzo, il Macchiavecchia (rossa, gialla oppure grigia), ed infine il Rosso d\u2019Arzo.<\/p>\n<p>Questa breccia \u00e8 solo in parte resistente agli agenti atmosferici, e quasi del tutto non resistente al gelo. Essendo una pietra calcarea detiene inoltre una certa sensibilit\u00e0 agli acidi. <\/p>\n<p>Il marmo Rosso d\u2019Arzo si presenta con una colorazione di rosso vivo, oppure come rosso venato (con le venature bianche). Si riconosce per la sua omogeneit\u00e0 e dal suo colore spiccante (vivo) o anche rosso-bruno. <\/p>\n<p><strong>Riferimenti per l&#8217;uso del materiale<\/strong><\/p>\n<p>Riqualificazione delle Cave di Arzo, architetto Enrico Sassi, Arzo (Svizzera).<\/p>\n<p><strong>Fonte principale della descrizione<\/strong><\/p>\n<p><a href=\"https:\/\/materialarchiv.ch\/de\/ma:material_298?type=all&amp;n=Grundlagen\" target=\"_blank\" rel=\"noopener\">Material-Archiv. (2024). <em>Arzo-Marmor<\/em>.<\/a><\/p>\n<p><strong>La fonte originale dei valori caratteristici<\/strong><\/p>\n<p>K\u00fcndig, R. et al. (1997). Die mineralischen Rohstoffe der Schweiz. <br \/>Z\u00fcrich : Schweizerische Geotechnische Kommission, pag. 253.<\/p>\n","protected":false},"excerpt":{"rendered":"<p>Il marmo di Arzo (Canton Ticino, Svizzera) \u00e8 una breccia di colore prevalentemente rossastro ma che in alcuni casi pu\u00f2 tendere anche al giallo e al grigio. Precisiamo che dal punto di vista petrografico non \u00e8 un vero marmo. Lo si distingue in tre variet\u00e0 principali, di forme a loro volta diverse: il Brocatello d\u2019Arzo,<a class=\"more-link\" href=\"https:\/\/materioteca.dacd.supsi.ch\/it\/prodotto\/marmo-rosso-di-arzo\/\">Leggi tutto &#10230;<\/a><\/p>\n","protected":false},"featured_media":6066,"template":"","meta":{"_editorskit_title_hidden":false,"_editorskit_reading_time":0,"_editorskit_is_block_options_detached":false,"_editorskit_block_options_position":"{}","_crdt_document":"","inline_featured_image":false},"product_brand":[],"product_cat":[11691],"product_tag":[],"class_list":{"0":"post-822","1":"product","2":"type-product","3":"status-publish","4":"has-post-thumbnail","6":"product_cat-naturale","7":"yith_product_brand-cave-di-arzo","9":"first","10":"instock","11":"shipping-taxable","12":"product-type-simple"},"_links":{"self":[{"href":"https:\/\/materioteca.dacd.supsi.ch\/it\/wp-json\/wp\/v2\/product\/822","targetHints":{"allow":["GET"]}}],"collection":[{"href":"https:\/\/materioteca.dacd.supsi.ch\/it\/wp-json\/wp\/v2\/product"}],"about":[{"href":"https:\/\/materioteca.dacd.supsi.ch\/it\/wp-json\/wp\/v2\/types\/product"}],"wp:featuredmedia":[{"embeddable":true,"href":"https:\/\/materioteca.dacd.supsi.ch\/it\/wp-json\/wp\/v2\/media\/6066"}],"wp:attachment":[{"href":"https:\/\/materioteca.dacd.supsi.ch\/it\/wp-json\/wp\/v2\/media?parent=822"}],"wp:term":[{"taxonomy":"product_brand","embeddable":true,"href":"https:\/\/materioteca.dacd.supsi.ch\/it\/wp-json\/wp\/v2\/product_brand?post=822"},{"taxonomy":"product_cat","embeddable":true,"href":"https:\/\/materioteca.dacd.supsi.ch\/it\/wp-json\/wp\/v2\/product_cat?post=822"},{"taxonomy":"product_tag","embeddable":true,"href":"https:\/\/materioteca.dacd.supsi.ch\/it\/wp-json\/wp\/v2\/product_tag?post=822"}],"curies":[{"name":"wp","href":"https:\/\/api.w.org\/{rel}","templated":true}]}}