{"id":8447,"date":"2024-07-12T09:54:27","date_gmt":"2024-07-12T08:54:27","guid":{"rendered":"https:\/\/materioteca.dacd.supsi.ch\/?post_type=product&#038;p=8447"},"modified":"2025-09-29T14:41:57","modified_gmt":"2025-09-29T13:41:57","slug":"legno-compensato-lamellare","status":"publish","type":"product","link":"https:\/\/materioteca.dacd.supsi.ch\/it\/prodotto\/legno-compensato-lamellare\/","title":{"rendered":"Legno compensato lamellare"},"content":{"rendered":"<p>Il compensato lamellare \u00e8 formato da tre strati: due esterni con fibre disposte parallelamente tra loro e un nucleo centrale composto da listelli di impiallacciatura orientati perpendicolarmente, cio\u00e8 sfalsati di 90 gradi rispetto agli strati superiori.<\/p>\n<p>Al centro si trova uno strato massiccio costituito da strisce di legno affiancate, spesse fino a 8 mm, accuratamente tagliate a macchina e incollate tra loro. Questo nucleo viene poi rivestito su entrambi i lati da impiallacciature incollate in senso trasversale, che ne migliorano la stabilit\u00e0 strutturale.<br \/>Lo strato centrale \u00e8 solitamente realizzato in betulla, anche se possono essere impiegate altre essenze come okum\u00e9, pioppo, abete, pino Weymouth o abete rosso. Per quanto riguarda le superfici esterne, si preferisce il faggio, ma si possono utilizzare anche betulla o abete rosso, a seconda dell\u2019impiego previsto.   <\/p>\n<p>Una delle qualit\u00e0 pi\u00f9 apprezzate di questo tipo di pannello \u00e8 la sua stabilit\u00e0 dimensionale: l\u2019incollaggio incrociato riduce il ritiro e la deformazione in tutte le direzioni. I pannelli risultano robusti, pesanti e facilmente rivestibili, con un\u2019elevata resistenza alla flessione grazie alla presenza del legno massiccio al centro. Per usi esterni si impiegano impiallacciature protettive in legni particolarmente duri e resistenti.  <\/p>\n<p>Il compensato laminato viene spesso utilizzato nella produzione di mobili autoportanti di grandi dimensioni \u2013 come ante, elementi strutturali o scaffalature \u2013 e trova largo impiego anche nell\u2019arredo d\u2019interni, per esempio in porte, mobili su misura, rivestimenti e mensole.<\/p>\n<p><strong>Fonte principale della descrizione<\/strong><\/p>\n<p><a href=\"https:\/\/materialarchiv.ch\/de\/ma:material_304?type=all\" target=\"_blank\" rel=\"noopener\">Material-Archiv. (2024). St\u00e4bchensperrholz. Material-Archiv.<\/a><\/p>\n<p><strong>Altre fonti<\/strong><\/p>\n<p><a href=\"https:\/\/slsp-supsi.primo.exlibrisgroup.com\/discovery\/fulldisplay?docid=alma990040890200205519&amp;context=L&amp;vid=41SLSP_SUP:VU1&amp;lang=it&amp;search_scope=MyInst_and_CI&amp;adaptor=Local%20Search%20Engine&amp;tab=41SLSP_SUPSI_MyInst_and_CI&amp;query=any,contains,atlante%20del%20elgno&amp;offset=0\" target=\"_blank\" rel=\"noopener\">Natterer, J., Volz, M., Volz, M., &amp; Herzog, T. (2001). Atlante del legno ([rist.]). UTET.<\/a><\/p>\n","protected":false},"excerpt":{"rendered":"<p>Il compensato lamellare \u00e8 formato da tre strati: due esterni con fibre disposte parallelamente tra loro e un nucleo centrale composto da listelli di impiallacciatura orientati perpendicolarmente, cio\u00e8 sfalsati di 90 gradi rispetto agli strati superiori. Al centro si trova uno strato massiccio costituito da strisce di legno affiancate, spesse fino a 8 mm, accuratamente<a class=\"more-link\" href=\"https:\/\/materioteca.dacd.supsi.ch\/it\/prodotto\/legno-compensato-lamellare\/\">Leggi tutto &#10230;<\/a><\/p>\n","protected":false},"featured_media":8498,"template":"","meta":{"_editorskit_title_hidden":false,"_editorskit_reading_time":0,"_editorskit_is_block_options_detached":false,"_editorskit_block_options_position":"{}","_crdt_document":"","inline_featured_image":false},"product_brand":[],"product_cat":[12852],"product_tag":[],"class_list":{"0":"post-8447","1":"product","2":"type-product","3":"status-publish","4":"has-post-thumbnail","6":"product_cat-composito","7":"yith_product_brand-pfleiderer-suisse-ag-it","9":"first","10":"instock","11":"shipping-taxable","12":"product-type-simple"},"_links":{"self":[{"href":"https:\/\/materioteca.dacd.supsi.ch\/it\/wp-json\/wp\/v2\/product\/8447","targetHints":{"allow":["GET"]}}],"collection":[{"href":"https:\/\/materioteca.dacd.supsi.ch\/it\/wp-json\/wp\/v2\/product"}],"about":[{"href":"https:\/\/materioteca.dacd.supsi.ch\/it\/wp-json\/wp\/v2\/types\/product"}],"wp:featuredmedia":[{"embeddable":true,"href":"https:\/\/materioteca.dacd.supsi.ch\/it\/wp-json\/wp\/v2\/media\/8498"}],"wp:attachment":[{"href":"https:\/\/materioteca.dacd.supsi.ch\/it\/wp-json\/wp\/v2\/media?parent=8447"}],"wp:term":[{"taxonomy":"product_brand","embeddable":true,"href":"https:\/\/materioteca.dacd.supsi.ch\/it\/wp-json\/wp\/v2\/product_brand?post=8447"},{"taxonomy":"product_cat","embeddable":true,"href":"https:\/\/materioteca.dacd.supsi.ch\/it\/wp-json\/wp\/v2\/product_cat?post=8447"},{"taxonomy":"product_tag","embeddable":true,"href":"https:\/\/materioteca.dacd.supsi.ch\/it\/wp-json\/wp\/v2\/product_tag?post=8447"}],"curies":[{"name":"wp","href":"https:\/\/api.w.org\/{rel}","templated":true}]}}