{"id":8558,"date":"2024-07-12T10:56:28","date_gmt":"2024-07-12T09:56:28","guid":{"rendered":"https:\/\/materioteca.dacd.supsi.ch\/?post_type=product&#038;p=8558"},"modified":"2025-09-29T14:37:58","modified_gmt":"2025-09-29T13:37:58","slug":"pannello-multistrato-in-legno-massiccio","status":"publish","type":"product","link":"https:\/\/materioteca.dacd.supsi.ch\/it\/prodotto\/pannello-multistrato-in-legno-massiccio\/","title":{"rendered":"Pannello multistrato in legno massiccio"},"content":{"rendered":"<p>I pannelli multistrato in legno massiccio sono realizzati unendo da tre a cinque strati di lamelle, provenienti da legni di conifere o latifoglie, disposte con le fibre parallele e incollate in modo incrociato. Questa costruzione a strati alternati \u2013 chiamata incollaggio a croce \u2013 conferisce al pannello una maggiore rigidit\u00e0 e un\u2019elevata stabilit\u00e0 dimensionale, rendendolo meno soggetto a deformazioni rispetto al legno massiccio tradizionale. <\/p>\n<p>Le propriet\u00e0 meccaniche di questi pannelli risultano simili a quelle del legno pieno, ma la struttura multistrato li rende pi\u00f9 stabili, soprattutto in ambienti soggetti a variazioni di umidit\u00e0 o temperatura. Dal punto di vista visivo, i pannelli si presentano come una superficie continua in legno massiccio composta da assi affiancate, con un aspetto naturale ed elegante. <\/p>\n<p>La qualit\u00e0 del legname utilizzato, in particolare negli strati esterni, gioca un ruolo cruciale nella resistenza complessiva del prodotto finito. Per questo motivo, la selezione accurata delle essenze \u00e8 fondamentale per garantire prestazioni elevate. <\/p>\n<p>I pannelli multistrato in legno massiccio trovano largo impiego sia nell\u2019arredo per interni \u2013 come cucine, armadi, rivestimenti murali, soffitti e gradini \u2013 sia in applicazioni esterne, ad esempio per il rivestimento delle facciate.<\/p>\n<p><strong>La fonte principale della descrizione<\/strong><\/p>\n<p><a href=\"https:\/\/materialarchiv.ch\/de\/ma:material_311?type=all\" target=\"_blank\" rel=\"noopener\">Material-Archiv. (2024). Massivholzplatten, mehrschichtig. Material-Archiv.<\/a><\/p>\n<p><strong>Altre fonti<\/strong><\/p>\n<p><a href=\"https:\/\/slsp-supsi.primo.exlibrisgroup.com\/discovery\/fulldisplay?docid=alma990040890200205519&amp;context=L&amp;vid=41SLSP_SUP:VU1&amp;lang=it&amp;search_scope=MyInst_and_CI&amp;adaptor=Local%20Search%20Engine&amp;tab=41SLSP_SUPSI_MyInst_and_CI&amp;query=any,contains,atlante%20del%20elgno&amp;offset=0\" target=\"_blank\" rel=\"noopener\">Natterer, J., Volz, M., Volz, M., &amp; Herzog, T. (2001). Atlante del legno ([rist.]). UTET.<\/a><\/p>\n","protected":false},"excerpt":{"rendered":"<p>I pannelli multistrato in legno massiccio sono realizzati unendo da tre a cinque strati di lamelle, provenienti da legni di conifere o latifoglie, disposte con le fibre parallele e incollate in modo incrociato. Questa costruzione a strati alternati \u2013 chiamata incollaggio a croce \u2013 conferisce al pannello una maggiore rigidit\u00e0 e un\u2019elevata stabilit\u00e0 dimensionale, rendendolo<a class=\"more-link\" href=\"https:\/\/materioteca.dacd.supsi.ch\/it\/prodotto\/pannello-multistrato-in-legno-massiccio\/\">Leggi tutto &#10230;<\/a><\/p>\n","protected":false},"featured_media":8585,"template":"","meta":{"_editorskit_title_hidden":false,"_editorskit_reading_time":0,"_editorskit_is_block_options_detached":false,"_editorskit_block_options_position":"{}","_crdt_document":"","inline_featured_image":false},"product_brand":[],"product_cat":[12852],"product_tag":[],"class_list":{"0":"post-8558","1":"product","2":"type-product","3":"status-publish","4":"has-post-thumbnail","6":"product_cat-composito","7":"yith_product_brand-edilgroup-sa-it","8":"yith_product_brand-moso-italia-s-r-l-it","9":"yith_product_brand-pfleiderer-suisse-ag-it","11":"first","12":"instock","13":"shipping-taxable","14":"product-type-simple"},"_links":{"self":[{"href":"https:\/\/materioteca.dacd.supsi.ch\/it\/wp-json\/wp\/v2\/product\/8558","targetHints":{"allow":["GET"]}}],"collection":[{"href":"https:\/\/materioteca.dacd.supsi.ch\/it\/wp-json\/wp\/v2\/product"}],"about":[{"href":"https:\/\/materioteca.dacd.supsi.ch\/it\/wp-json\/wp\/v2\/types\/product"}],"wp:featuredmedia":[{"embeddable":true,"href":"https:\/\/materioteca.dacd.supsi.ch\/it\/wp-json\/wp\/v2\/media\/8585"}],"wp:attachment":[{"href":"https:\/\/materioteca.dacd.supsi.ch\/it\/wp-json\/wp\/v2\/media?parent=8558"}],"wp:term":[{"taxonomy":"product_brand","embeddable":true,"href":"https:\/\/materioteca.dacd.supsi.ch\/it\/wp-json\/wp\/v2\/product_brand?post=8558"},{"taxonomy":"product_cat","embeddable":true,"href":"https:\/\/materioteca.dacd.supsi.ch\/it\/wp-json\/wp\/v2\/product_cat?post=8558"},{"taxonomy":"product_tag","embeddable":true,"href":"https:\/\/materioteca.dacd.supsi.ch\/it\/wp-json\/wp\/v2\/product_tag?post=8558"}],"curies":[{"name":"wp","href":"https:\/\/api.w.org\/{rel}","templated":true}]}}