{"id":8696,"date":"2024-07-18T11:08:35","date_gmt":"2024-07-18T10:08:35","guid":{"rendered":"https:\/\/materioteca.dacd.supsi.ch\/?post_type=product&#038;p=8696"},"modified":"2025-09-29T14:33:26","modified_gmt":"2025-09-29T13:33:26","slug":"pannello-in-schiuma-di-alluminio","status":"publish","type":"product","link":"https:\/\/materioteca.dacd.supsi.ch\/it\/prodotto\/pannello-in-schiuma-di-alluminio\/","title":{"rendered":"Pannello in schiuma di alluminio"},"content":{"rendered":"<div class=\"csl-bib-body\">\n<div class=\"csl-entry\">\n<p>I pannelli realizzati in schiuma di alluminio sono prodotti impiegando esclusivamente alluminio riciclato, che viene portato allo stato fuso e trasformato in schiuma attraverso l\u2019introduzione controllata di aria. Questo processo genera una struttura porosa simile a quella di una spugna metallica, leggera ma al tempo stesso molto resistente.<br \/>Una delle caratteristiche pi\u00f9 interessanti dell\u2019alluminio \u00e8 la sua riciclabilit\u00e0 illimitata: pu\u00f2 essere riutilizzato all\u2019infinito senza perdere le sue propriet\u00e0 originarie. Si stima che circa il 75% dell\u2019alluminio prodotto globalmente dal 1880 sia ancora oggi in circolazione, utilizzato principalmente nei settori dell\u2019ingegneria elettrica, dell\u2019edilizia e dell\u2019industria automobilistica.   <\/p>\n<p>Nonostante il peso contenuto, le lastre di schiuma di alluminio garantiscono un\u2019elevata robustezza meccanica. Inoltre, presentano un\u2019ottima conducibilit\u00e0 termica e non sono infiammabili, rendendole adatte a numerosi impieghi tecnici. <\/p>\n<p>La loro struttura, simile a una spugna, permette di sagomarle facilmente in qualsiasi forma, offrendo grande flessibilit\u00e0 nella progettazione.<\/p>\n<p><strong>Fonte principale della descrizione<\/strong><\/p>\n<div class=\"csl-bib-body\">\n<div class=\"csl-entry\"><a href=\"https:\/\/materialarchiv.ch\/de\/ma:material_1678?type=all\" target=\"_blank\" rel=\"noopener\">Material-Archiv. (2024). <i>Aluminiumschaum-Platten<\/i>.<\/a><\/div>\n<\/div>\n<p><strong>Altre fonti<\/strong><\/p>\n<p><a href=\"https:\/\/www.metallpfister.ch\/de\/alusion\" target=\"_blank\" rel=\"noopener\">Link alla scheda tecnica.<\/a><\/p>\n<\/div>\n<\/div>\n","protected":false},"excerpt":{"rendered":"<p>I pannelli realizzati in schiuma di alluminio sono prodotti impiegando esclusivamente alluminio riciclato, che viene portato allo stato fuso e trasformato in schiuma attraverso l\u2019introduzione controllata di aria. Questo processo genera una struttura porosa simile a quella di una spugna metallica, leggera ma al tempo stesso molto resistente.Una delle caratteristiche pi\u00f9 interessanti dell\u2019alluminio \u00e8 la<a class=\"more-link\" href=\"https:\/\/materioteca.dacd.supsi.ch\/it\/prodotto\/pannello-in-schiuma-di-alluminio\/\">Leggi tutto &#10230;<\/a><\/p>\n","protected":false},"featured_media":8708,"template":"","meta":{"_editorskit_title_hidden":false,"_editorskit_reading_time":0,"_editorskit_is_block_options_detached":false,"_editorskit_block_options_position":"{}","_crdt_document":"","inline_featured_image":false},"product_brand":[],"product_cat":[12273],"product_tag":[],"class_list":{"0":"post-8696","1":"product","2":"type-product","3":"status-publish","4":"has-post-thumbnail","6":"product_cat-metallo-non-ferroso","7":"yith_product_brand-pfister-cie-ag-it","9":"first","10":"instock","11":"shipping-taxable","12":"product-type-simple"},"_links":{"self":[{"href":"https:\/\/materioteca.dacd.supsi.ch\/it\/wp-json\/wp\/v2\/product\/8696","targetHints":{"allow":["GET"]}}],"collection":[{"href":"https:\/\/materioteca.dacd.supsi.ch\/it\/wp-json\/wp\/v2\/product"}],"about":[{"href":"https:\/\/materioteca.dacd.supsi.ch\/it\/wp-json\/wp\/v2\/types\/product"}],"wp:featuredmedia":[{"embeddable":true,"href":"https:\/\/materioteca.dacd.supsi.ch\/it\/wp-json\/wp\/v2\/media\/8708"}],"wp:attachment":[{"href":"https:\/\/materioteca.dacd.supsi.ch\/it\/wp-json\/wp\/v2\/media?parent=8696"}],"wp:term":[{"taxonomy":"product_brand","embeddable":true,"href":"https:\/\/materioteca.dacd.supsi.ch\/it\/wp-json\/wp\/v2\/product_brand?post=8696"},{"taxonomy":"product_cat","embeddable":true,"href":"https:\/\/materioteca.dacd.supsi.ch\/it\/wp-json\/wp\/v2\/product_cat?post=8696"},{"taxonomy":"product_tag","embeddable":true,"href":"https:\/\/materioteca.dacd.supsi.ch\/it\/wp-json\/wp\/v2\/product_tag?post=8696"}],"curies":[{"name":"wp","href":"https:\/\/api.w.org\/{rel}","templated":true}]}}